{"id":44881,"date":"2024-06-30T16:56:52","date_gmt":"2024-06-30T14:56:52","guid":{"rendered":"https:\/\/footballthrift.shop\/?post_type=product&#038;p=44881"},"modified":"2026-04-10T14:35:27","modified_gmt":"2026-04-10T12:35:27","slug":"nigeria-2014-15-home-2-s","status":"publish","type":"product","link":"https:\/\/footballthrift.shop\/de\/nigeria-2014-15-home-2-s\/","title":{"rendered":"Koszulka pi\u0142karska Nigeria 2014\/15 Home 2 [S]"},"content":{"rendered":"<p><strong>Verein:<\/strong> Nigeria<\/p>\n<p><strong>Saison:<\/strong> 2014\/15 Startseite<\/p>\n<p><strong>Gr\u00f6\u00dfe: <\/strong>S<\/p>\n<p><strong>Zustand:<\/strong> Ausgezeichnet<\/p>\n<p><strong>Ma\u00dfe (Achselbreite\/L\u00e4nge) in cm: <\/strong>48\/71<\/p>","protected":false},"excerpt":{"rendered":"<p><strong>Oryginalna domowa koszulka pi\u0142karska reprezentacji Nigerii z sezonu 2014\/15 produkcji Adidasa.\u00a0<\/strong><\/p>\n<p>Heimmodell <strong>die Nationalmannschaft von Nigeria<\/strong> aus der Saison <strong>2014\/15<\/strong>hergestellt von <strong>Adidas<\/strong> w rozmiarze S, pochodzi z okresu wyst\u0119pu kadry na mistrzostwach \u015bwiata 2014 w Brazylii. Zesp\u00f3\u0142 zaprezentowa\u0142 si\u0119 solidnie, wychodz\u0105c z grupy i docieraj\u0105c do fazy pucharowej, gdzie rywalizowa\u0142 z najmocniejszymi dru\u017cynami turnieju.<\/p>\n<p>Koszulka zosta\u0142a wyprodukowana na zielonej bazie, z ciemnozielonymi r\u0119kawkami oraz bia\u0142ymi paskami charakterystycznymi dla projekt\u00f3w <strong>Adidas<\/strong> umieszczonymi na r\u0119kawkach. Zestawienie kolorystyczne podkre\u015bla to\u017csamo\u015b\u0107 <strong>die Nationalmannschaft von Nigeria<\/strong>, a projekt zachowuje klasyczny i sportowy charakter.<\/p>\n<p>W\u00e4hrend dieses Zeitraums <strong>Vertretung Nigerias<\/strong> opiera\u0142a swoj\u0105 gr\u0119 na takich zawodnikach jak <strong>Ahmed Musa<\/strong>, kt\u00f3ry wyr\u00f3\u017cni\u0142 si\u0119 podczas mundialu, a tak\u017ce <strong>John Obi Mikel<\/strong>, <strong>Emmanuel Emenike<\/strong>, <strong>Victor Moses<\/strong> oder <strong>Vincent Enyeama<\/strong>, tworz\u0105c zesp\u00f3\u0142 zdolny do rywalizacji na mi\u0119dzynarodowym poziomie.<\/p>\n<p>Koszulka zosta\u0142a wykonana z lekkiego i przewiewnego materia\u0142u, a kr\u00f3j w rozmiarze S odpowiada standardom stosowanym przez <strong>Adidas<\/strong>.<\/p>\n<p>F\u00fcr Sammler und Fans, die ein originales Heimtrikot suchen <strong>die Nationalmannschaft von Nigeria<\/strong> aus der Saison <strong>2014\/15<\/strong>, stanowi\u0105cej czytelny zapis jej wyst\u0119pu na mundialu 2014.<\/p>","protected":false},"featured_media":44907,"template":"","meta":{"_kad_blocks_custom_css":"","_kad_blocks_head_custom_js":"","_kad_blocks_body_custom_js":"","_kad_blocks_footer_custom_js":"","_kad_post_transparent":"default","_kad_post_title":"","_kad_post_layout":"default","_kad_post_sidebar_id":"","_kad_post_content_style":"default","_kad_post_vertical_padding":"default","_kad_post_feature":"","_kad_post_feature_position":"","_kad_post_header":false,"_kad_post_footer":false,"_kad_post_classname":""},"product_brand":[1283],"product_cat":[1414],"product_tag":[],"class_list":{"0":"post-44881","1":"product","2":"type-product","3":"status-publish","4":"has-post-thumbnail","6":"product_brand-adidas","7":"product_cat-reprezentacje-afryka","8":"pa_homeawaythird-home","9":"pa_rozmiar-s","11":"first","12":"instock","13":"taxable","14":"shipping-taxable","15":"purchasable","16":"product-type-simple","17":"entry","18":"content-bg","19":"loop-entry"},"taxonomy_info":{"product_brand":[{"value":1283,"label":"Adidas"}],"product_cat":[{"value":1414,"label":"Afryka"}],"pa_homeawaythird":[{"value":1597,"label":"Home"}],"pa_rozmiar":[{"value":1815,"label":"S"}]},"featured_image_src_large":["https:\/\/footballthrift.shop\/wp-content\/uploads\/2024\/06\/Photoroom_044_20240625_182121-1024x1024.png",1024,1024,true],"author_info":[],"comment_info":"","_links":{"self":[{"href":"https:\/\/footballthrift.shop\/de\/wp-json\/wp\/v2\/product\/44881","targetHints":{"allow":["GET"]}}],"collection":[{"href":"https:\/\/footballthrift.shop\/de\/wp-json\/wp\/v2\/product"}],"about":[{"href":"https:\/\/footballthrift.shop\/de\/wp-json\/wp\/v2\/types\/product"}],"wp:featuredmedia":[{"embeddable":true,"href":"https:\/\/footballthrift.shop\/de\/wp-json\/wp\/v2\/media\/44907"}],"wp:attachment":[{"href":"https:\/\/footballthrift.shop\/de\/wp-json\/wp\/v2\/media?parent=44881"}],"wp:term":[{"taxonomy":"product_brand","embeddable":true,"href":"https:\/\/footballthrift.shop\/de\/wp-json\/wp\/v2\/product_brand?post=44881"},{"taxonomy":"product_cat","embeddable":true,"href":"https:\/\/footballthrift.shop\/de\/wp-json\/wp\/v2\/product_cat?post=44881"},{"taxonomy":"product_tag","embeddable":true,"href":"https:\/\/footballthrift.shop\/de\/wp-json\/wp\/v2\/product_tag?post=44881"}],"curies":[{"name":"wp","href":"https:\/\/api.w.org\/{rel}","templated":true}]}}