{"id":44878,"date":"2024-06-30T16:56:43","date_gmt":"2024-06-30T14:56:43","guid":{"rendered":"https:\/\/footballthrift.shop\/?post_type=product&#038;p=44878"},"modified":"2026-04-10T16:08:25","modified_gmt":"2026-04-10T14:08:25","slug":"trainingsshirt-ungarn-m","status":"publish","type":"product","link":"https:\/\/footballthrift.shop\/de\/koszulka-treningowa-wegry-m\/","title":{"rendered":"Koszulka treningowa W\u0119gry 2010\/12 [M]"},"content":{"rendered":"<p><strong>Verein:<\/strong> Ungarn<\/p>\n<p><strong>Gr\u00f6\u00dfe: <\/strong>M<\/p>\n<p><strong>Zustand:<\/strong> Befriedigend - gerissener Schriftzug auf der R\u00fcckseite, Mikron\u00e4hte und Verschmutzung.<\/p>\n<p><strong>Ma\u00dfe (Achselbreite\/L\u00e4nge) in cm: <\/strong>48\/67<\/p>","protected":false},"excerpt":{"rendered":"<p><strong>Oryginalna treningowa koszulka pi\u0142karska reprezentacji W\u0119gier z lat 2010\/12 produkcji Adidasa.\u00a0<\/strong><\/p>\n<p>Ausbildungsmodell <strong>die ungarische Nationalmannschaft<\/strong> im Laufe der Jahre <strong>2010\/12<\/strong>hergestellt von <strong>Adidas<\/strong> w rozmiarze M, pochodzi z okresu stopniowej odbudowy kadry i powrotu do bardziej konkurencyjnego poziomu w europejskich eliminacjach. Zesp\u00f3\u0142 szuka\u0142 w\u00f3wczas stabilizacji i nowego pokolenia zawodnik\u00f3w, kt\u00f3re mia\u0142o nawi\u0105za\u0107 do bogatej historii w\u0119gierskiego futbolu.<\/p>\n<p>Koszulka zosta\u0142a wyprodukowana na bia\u0142ej bazie, z czerwonym wyko\u0144czeniem ko\u0142nierza oraz paskami charakterystycznymi dla projekt\u00f3w <strong>Adidas<\/strong> umieszczonymi na r\u0119kawkach. Na plecach znajduje si\u0119 nadruk <strong>Ungarn<\/strong>, kt\u00f3ry jednoznacznie podkre\u015bla reprezentacyjny charakter tego modelu.<\/p>\n<p>W\u00e4hrend dieses Zeitraums <strong>reprezentacja W\u0119gier<\/strong> opiera\u0142a swoj\u0105 gr\u0119 na takich zawodnikach jak <strong>Bal\u00e1zs Dzsudzs\u00e1k<\/strong>, b\u0119d\u0105cy jedn\u0105 z najwi\u0119kszych gwiazd kadry, a tak\u017ce <strong>Zolt\u00e1n Gera<\/strong>, <strong>Tam\u00e1s Hajnal<\/strong> oder <strong>Roland Juh\u00e1sz<\/strong>, kt\u00f3rzy stanowili trzon zespo\u0142u w eliminacjach do turniej\u00f3w mi\u0119dzynarodowych.<\/p>\n<p>Koszulka zosta\u0142a wykonana z lekkiego i przewiewnego materia\u0142u, a kr\u00f3j w rozmiarze M odpowiada standardom stosowanym przez <strong>Adidas<\/strong>.<\/p>\n<p>F\u00fcr Sammler und Fans, die ein originales Trainingstrikot suchen <strong>die ungarische Nationalmannschaft<\/strong> im Laufe der Jahre <strong>2010\/12<\/strong>, stanowi\u0105cej czytelny zapis okresu odbudowy kadry.<\/p>","protected":false},"featured_media":45098,"template":"","meta":{"_kad_blocks_custom_css":"","_kad_blocks_head_custom_js":"","_kad_blocks_body_custom_js":"","_kad_blocks_footer_custom_js":"","_kad_post_transparent":"default","_kad_post_title":"","_kad_post_layout":"default","_kad_post_sidebar_id":"","_kad_post_content_style":"default","_kad_post_vertical_padding":"default","_kad_post_feature":"","_kad_post_feature_position":"","_kad_post_header":false,"_kad_post_footer":false,"_kad_post_classname":""},"product_brand":[1283],"product_cat":[1489,1423],"product_tag":[],"class_list":{"0":"post-44878","1":"product","2":"type-product","3":"status-publish","4":"has-post-thumbnail","6":"product_brand-adidas","7":"product_cat-pozostale-reprezentacje-europa","8":"product_cat-kurtkibluzytrening","9":"pa_rozmiar-m","11":"first","12":"instock","13":"taxable","14":"shipping-taxable","15":"purchasable","16":"product-type-simple","17":"entry","18":"content-bg","19":"loop-entry"},"taxonomy_info":{"product_brand":[{"value":1283,"label":"Adidas"}],"product_cat":[{"value":1489,"label":"Pozosta\u0142e"},{"value":1423,"label":"Kurtki\/bluzy\/trening"}],"pa_rozmiar":[{"value":1816,"label":"M"}]},"featured_image_src_large":["https:\/\/footballthrift.shop\/wp-content\/uploads\/2024\/06\/Photoroom_038_20240625_182121-1024x1024.png",1024,1024,true],"author_info":[],"comment_info":"","_links":{"self":[{"href":"https:\/\/footballthrift.shop\/de\/wp-json\/wp\/v2\/product\/44878","targetHints":{"allow":["GET"]}}],"collection":[{"href":"https:\/\/footballthrift.shop\/de\/wp-json\/wp\/v2\/product"}],"about":[{"href":"https:\/\/footballthrift.shop\/de\/wp-json\/wp\/v2\/types\/product"}],"wp:featuredmedia":[{"embeddable":true,"href":"https:\/\/footballthrift.shop\/de\/wp-json\/wp\/v2\/media\/45098"}],"wp:attachment":[{"href":"https:\/\/footballthrift.shop\/de\/wp-json\/wp\/v2\/media?parent=44878"}],"wp:term":[{"taxonomy":"product_brand","embeddable":true,"href":"https:\/\/footballthrift.shop\/de\/wp-json\/wp\/v2\/product_brand?post=44878"},{"taxonomy":"product_cat","embeddable":true,"href":"https:\/\/footballthrift.shop\/de\/wp-json\/wp\/v2\/product_cat?post=44878"},{"taxonomy":"product_tag","embeddable":true,"href":"https:\/\/footballthrift.shop\/de\/wp-json\/wp\/v2\/product_tag?post=44878"}],"curies":[{"name":"wp","href":"https:\/\/api.w.org\/{rel}","templated":true}]}}