{"id":44876,"date":"2024-06-30T16:56:44","date_gmt":"2024-06-30T14:56:44","guid":{"rendered":"https:\/\/footballthrift.shop\/?post_type=product&#038;p=44876"},"modified":"2026-04-10T16:06:43","modified_gmt":"2026-04-10T14:06:43","slug":"anglia-2004-06-away-xl","status":"publish","type":"product","link":"https:\/\/footballthrift.shop\/de\/anglia-2004-06-away-xl\/","title":{"rendered":"Koszulka pi\u0142karska Anglia 2004\/06 Away [XL]"},"content":{"rendered":"<p><strong>Verein:<\/strong> England<\/p>\n<p><strong>Saison:<\/strong> 2004\/06 Ausw\u00e4rts<\/p>\n<p><strong>Gr\u00f6\u00dfe: <\/strong>XL<\/p>\n<p><strong>Zustand:<\/strong> Sehr gut - ein paar Mikroflecken. Das Hemd wurde leicht gek\u00fcrzt.<\/p>\n<p><strong>Ma\u00dfe (Achselbreite\/L\u00e4nge) in cm: <\/strong>59\/74<\/p>","protected":false},"excerpt":{"rendered":"<p><strong>Oryginalna wyjazdowa koszulka pi\u0142karska reprezentacji Anglii z lat 2004\/06 produkcji Umbro.\u00a0<\/strong><\/p>\n<p>Ausw\u00e4rtsmodell <strong>Englische Nationalmannschaft<\/strong> im Laufe der Jahre <strong>2004\/06<\/strong>hergestellt von <strong>Umbro<\/strong> w rozmiarze XL z d\u0142ugim r\u0119kawem, to jeden z bardziej rozpoznawalnych projekt\u00f3w kadry z pocz\u0105tku lat 2000. Koszulka by\u0142a wykorzystywana m.in. podczas Euro 2004 oraz w meczach eliminacyjnych, w okresie, gdy zesp\u00f3\u0142 dysponowa\u0142 wyj\u0105tkowo mocnym i szerokim sk\u0142adem.<\/p>\n<p>Koszulka zosta\u0142a wyprodukowana na czerwonej bazie z subtelnymi wstawkami, kt\u00f3re nadaj\u0105 projektowi klasyczny i elegancki wygl\u0105d. Na piersi umieszczono herb <strong>Englische Nationalmannschaft<\/strong> und Logo <strong>Umbro<\/strong>, tworz\u0105c czytelny i tradycyjny uk\u0142ad wizualny typowy dla tej marki.<\/p>\n<p>W\u00e4hrend dieses Zeitraums <strong>Englische Nationalmannschaft<\/strong> opiera\u0142a swoj\u0105 gr\u0119 na takich zawodnikach jak <strong>David Beckham<\/strong>, <strong>Steven Gerrard<\/strong>, <strong>Frank Lampard<\/strong>, <strong>Wayne Rooney<\/strong> oder <strong>John Terry<\/strong>, tworz\u0105c jedn\u0105 z najbardziej utalentowanych generacji w historii kadry, cho\u0107 bez prze\u0142o\u017cenia na ko\u0144cowy sukces turniejowy.<\/p>\n<p>Koszulka zosta\u0142a wykonana z lekkiego i przewiewnego materia\u0142u, a kr\u00f3j w rozmiarze XL odpowiada standardom stosowanym przez <strong>Umbro<\/strong>.<\/p>\n<p>Dies ist f\u00fcr Sammler und Fans, die ein originales Ausw\u00e4rtstrikot suchen <strong>Englische Nationalmannschaft<\/strong> im Laufe der Jahre <strong>2004\/06<\/strong>, stanowi\u0105cej czytelny zapis ery tzw. z\u0142otej generacji kadry.<\/p>","protected":false},"featured_media":45080,"template":"","meta":{"_kad_blocks_custom_css":"","_kad_blocks_head_custom_js":"","_kad_blocks_body_custom_js":"","_kad_blocks_footer_custom_js":"","_kad_post_transparent":"default","_kad_post_title":"","_kad_post_layout":"default","_kad_post_sidebar_id":"","_kad_post_content_style":"default","_kad_post_vertical_padding":"default","_kad_post_feature":"","_kad_post_feature_position":"","_kad_post_header":false,"_kad_post_footer":false,"_kad_post_classname":""},"product_brand":[1285],"product_cat":[1447],"product_tag":[],"class_list":{"0":"post-44876","1":"product","2":"type-product","3":"status-publish","4":"has-post-thumbnail","6":"product_brand-umbro","7":"product_cat-reprezentacja-anglia","8":"pa_homeawaythird-away","9":"pa_rozmiar-xl","11":"first","12":"instock","13":"taxable","14":"shipping-taxable","15":"purchasable","16":"product-type-simple","17":"entry","18":"content-bg","19":"loop-entry"},"taxonomy_info":{"product_brand":[{"value":1285,"label":"Umbro"}],"product_cat":[{"value":1447,"label":"Anglia"}],"pa_homeawaythird":[{"value":1598,"label":"Away"}],"pa_rozmiar":[{"value":1818,"label":"XL"}]},"featured_image_src_large":["https:\/\/footballthrift.shop\/wp-content\/uploads\/2024\/06\/Photoroom_032_20240625_182121-1024x1024.png",1024,1024,true],"author_info":[],"comment_info":"","_links":{"self":[{"href":"https:\/\/footballthrift.shop\/de\/wp-json\/wp\/v2\/product\/44876","targetHints":{"allow":["GET"]}}],"collection":[{"href":"https:\/\/footballthrift.shop\/de\/wp-json\/wp\/v2\/product"}],"about":[{"href":"https:\/\/footballthrift.shop\/de\/wp-json\/wp\/v2\/types\/product"}],"wp:featuredmedia":[{"embeddable":true,"href":"https:\/\/footballthrift.shop\/de\/wp-json\/wp\/v2\/media\/45080"}],"wp:attachment":[{"href":"https:\/\/footballthrift.shop\/de\/wp-json\/wp\/v2\/media?parent=44876"}],"wp:term":[{"taxonomy":"product_brand","embeddable":true,"href":"https:\/\/footballthrift.shop\/de\/wp-json\/wp\/v2\/product_brand?post=44876"},{"taxonomy":"product_cat","embeddable":true,"href":"https:\/\/footballthrift.shop\/de\/wp-json\/wp\/v2\/product_cat?post=44876"},{"taxonomy":"product_tag","embeddable":true,"href":"https:\/\/footballthrift.shop\/de\/wp-json\/wp\/v2\/product_tag?post=44876"}],"curies":[{"name":"wp","href":"https:\/\/api.w.org\/{rel}","templated":true}]}}