{"id":44871,"date":"2024-06-30T16:56:46","date_gmt":"2024-06-30T14:56:46","guid":{"rendered":"https:\/\/footballthrift.shop\/?post_type=product&#038;p=44871"},"modified":"2026-04-10T16:03:55","modified_gmt":"2026-04-10T14:03:55","slug":"szwajcaria-2006-08-home-23-philipp-degen-m","status":"publish","type":"product","link":"https:\/\/footballthrift.shop\/de\/szwajcaria-2006-08-home-23-philipp-degen-m\/","title":{"rendered":"Koszulka pi\u0142karska Szwajcaria 2006\/08 Home 23 Philipp Degen [M]"},"content":{"rendered":"<p><strong>Verein:<\/strong> Schweiz<\/p>\n<p><strong>Saison:<\/strong> 2006\/08 Zuhause<\/p>\n<p><strong>Gr\u00f6\u00dfe: <\/strong>M<\/p>\n<p><strong>Zustand:<\/strong> Gut - leicht gesprungene Ziffern, Stoffriss auf der R\u00fcckseite und ein paar Mikrostiche.<\/p>\n<p><strong>Ma\u00dfe (Achselbreite\/L\u00e4nge) in cm: <\/strong>55\/71<\/p>","protected":false},"excerpt":{"rendered":"<p><strong>Oryginalna domowa koszulka pi\u0142karska reprezentacji Szwajcarii z lat 2006\/08 produkcji Pumy z nadrukiem Philippa Degena.\u00a0<\/strong><\/p>\n<p>Heimmodell <strong>die Schweizer Nationalmannschaft<\/strong> im Laufe der Jahre <strong>2006\/08<\/strong>hergestellt von <strong>Puma<\/strong> w rozmiarze M, pochodzi z okresu wyst\u0119pu kadry na mistrzostwach \u015bwiata 2006 w Niemczech, gdzie zesp\u00f3\u0142 zaprezentowa\u0142 si\u0119 bardzo solidnie, docieraj\u0105c do fazy pucharowej. Szwajcarzy wyr\u00f3\u017cniali si\u0119 dobrze zorganizowan\u0105 defensyw\u0105 i zdyscyplinowan\u0105 gr\u0105.<\/p>\n<p>Koszulka zosta\u0142a wyprodukowana na czerwonej bazie, z bia\u0142ymi kontrastuj\u0105cymi elementami, kt\u00f3re podkre\u015blaj\u0105 narodowe barwy <strong>die Schweizer Nationalmannschaft<\/strong>. Na froncie widoczny jest subtelny rysunek flagi z krzy\u017cem helwet\u00f3w, nadaj\u0105cy projektowi charakterystyczny i symboliczny wygl\u0105d. Ca\u0142o\u015b\u0107 utrzymana jest w stylistyce typowej dla projekt\u00f3w <strong>Pumas<\/strong> aus dieser Zeit.<\/p>\n<p>Auf der R\u00fcckseite befindet sich ein origineller Aufdruck. <strong>Philippa Degena<\/strong>, bocznego obro\u0144cy znanego z dynamicznej gry i zaanga\u017cowania. <strong>Philipp Degen<\/strong> by\u0142 cz\u0119\u015bci\u0105 kadry uczestnicz\u0105cej w mundialu 2006, gdzie zesp\u00f3\u0142 zapisa\u0142 si\u0119 jako jedna z najlepiej broni\u0105cych dru\u017cyn turnieju. W sk\u0142adzie znajdowali si\u0119 r\u00f3wnie\u017c m.in. <strong>Alexander Frei<\/strong>, <strong>St\u00e9phane Chapuisat<\/strong>, <strong>Johan Djourou<\/strong> oder <strong>Pascal Zuberb\u00fchler<\/strong>, tworz\u0105c solidny i zgrany zesp\u00f3\u0142.<\/p>\n<p>Koszulka zosta\u0142a wykonana z lekkiego i przewiewnego materia\u0142u, a kr\u00f3j w rozmiarze M odpowiada standardom stosowanym przez <strong>Puma<\/strong>.<\/p>\n<p>F\u00fcr Sammler und Fans, die ein originales Heimtrikot suchen <strong>die Schweizer Nationalmannschaft<\/strong> im Laufe der Jahre <strong>2006\/08<\/strong>, stanowi\u0105cej czytelny zapis jej udanego wyst\u0119pu na mundialu 2006.<\/p>","protected":false},"featured_media":45037,"template":"","meta":{"_kad_blocks_custom_css":"","_kad_blocks_head_custom_js":"","_kad_blocks_body_custom_js":"","_kad_blocks_footer_custom_js":"","_kad_post_transparent":"default","_kad_post_title":"","_kad_post_layout":"default","_kad_post_sidebar_id":"","_kad_post_content_style":"default","_kad_post_vertical_padding":"default","_kad_post_feature":"","_kad_post_feature_position":"","_kad_post_header":false,"_kad_post_footer":false,"_kad_post_classname":""},"product_brand":[1287],"product_cat":[1489],"product_tag":[],"class_list":{"0":"post-44871","1":"product","2":"type-product","3":"status-publish","4":"has-post-thumbnail","6":"product_brand-puma","7":"product_cat-pozostale-reprezentacje-europa","8":"pa_homeawaythird-home","9":"pa_rozmiar-m","11":"first","12":"instock","13":"taxable","14":"shipping-taxable","15":"purchasable","16":"product-type-simple","17":"entry","18":"content-bg","19":"loop-entry"},"taxonomy_info":{"product_brand":[{"value":1287,"label":"Puma"}],"product_cat":[{"value":1489,"label":"Pozosta\u0142e"}],"pa_homeawaythird":[{"value":1597,"label":"Home"}],"pa_rozmiar":[{"value":1816,"label":"M"}]},"featured_image_src_large":["https:\/\/footballthrift.shop\/wp-content\/uploads\/2024\/06\/Photoroom_027_20240625_182121-1024x1024.png",1024,1024,true],"author_info":[],"comment_info":"","_links":{"self":[{"href":"https:\/\/footballthrift.shop\/de\/wp-json\/wp\/v2\/product\/44871","targetHints":{"allow":["GET"]}}],"collection":[{"href":"https:\/\/footballthrift.shop\/de\/wp-json\/wp\/v2\/product"}],"about":[{"href":"https:\/\/footballthrift.shop\/de\/wp-json\/wp\/v2\/types\/product"}],"wp:featuredmedia":[{"embeddable":true,"href":"https:\/\/footballthrift.shop\/de\/wp-json\/wp\/v2\/media\/45037"}],"wp:attachment":[{"href":"https:\/\/footballthrift.shop\/de\/wp-json\/wp\/v2\/media?parent=44871"}],"wp:term":[{"taxonomy":"product_brand","embeddable":true,"href":"https:\/\/footballthrift.shop\/de\/wp-json\/wp\/v2\/product_brand?post=44871"},{"taxonomy":"product_cat","embeddable":true,"href":"https:\/\/footballthrift.shop\/de\/wp-json\/wp\/v2\/product_cat?post=44871"},{"taxonomy":"product_tag","embeddable":true,"href":"https:\/\/footballthrift.shop\/de\/wp-json\/wp\/v2\/product_tag?post=44871"}],"curies":[{"name":"wp","href":"https:\/\/api.w.org\/{rel}","templated":true}]}}