{"id":44538,"date":"2024-06-23T15:14:42","date_gmt":"2024-06-23T13:14:42","guid":{"rendered":"https:\/\/footballthrift.shop\/?post_type=product&#038;p=44538"},"modified":"2026-04-10T16:47:37","modified_gmt":"2026-04-10T14:47:37","slug":"wlochy-2016-17-away-l","status":"publish","type":"product","link":"https:\/\/footballthrift.shop\/de\/wlochy-2016-17-away-l\/","title":{"rendered":"Koszulka pi\u0142karska W\u0142ochy 2016\/17 Away [L]"},"content":{"rendered":"<p><strong>Verein:<\/strong> Italien<\/p>\n<p><strong>Saison:<\/strong> 2016\/17 Ausw\u00e4rts<\/p>\n<p><strong>Gr\u00f6\u00dfe: <\/strong>L<\/p>\n<p><strong>Zustand:<\/strong> Ausgezeichnet<\/p>\n<p><strong>Ma\u00dfe (Achselbreite\/L\u00e4nge) in cm: <\/strong>53\/75<\/p>","protected":false},"excerpt":{"rendered":"<p><strong>Oryginalna wyjazdowa koszulka pi\u0142karska reprezentacji W\u0142och z sezonu 2016\/17 produkcji Pumy.\u00a0<\/strong><\/p>\n<p>Ausw\u00e4rtsmodell <strong>Vertretung Italiens<\/strong> aus der Saison <strong>2016\/17<\/strong>hergestellt von <strong>Puma<\/strong> w rozmiarze L, zosta\u0142 wprowadzony jako ho\u0142d dla historycznego triumfu kadry na mistrzostwach \u015bwiata. Koszulka zadebiutowa\u0142a w meczu towarzyskim przeciwko Francji, wpisuj\u0105c si\u0119 w okres, w kt\u00f3rym zesp\u00f3\u0142 kontynuowa\u0142 rywalizacj\u0119 na najwy\u017cszym poziomie europejskim.<\/p>\n<p>Koszulka zosta\u0142a wyprodukowana na bia\u0142ej bazie, z granatowym wyko\u0144czeniem ko\u0142nierza oraz r\u0119kawk\u00f3w, co tworzy elegancki i klasyczny kontrast. Charakterystycznym elementem jest rozja\u015bniony herb <strong>Vertretung Italiens<\/strong>, nadaj\u0105cy projektowi unikalny i okoliczno\u015bciowy charakter, typowy dla projekt\u00f3w <strong>Pumas<\/strong>.<\/p>\n<p>W\u00e4hrend dieses Zeitraums <strong>Italienische Nationalmannschaft<\/strong> opiera\u0142a swoj\u0105 gr\u0119 na takich zawodnikach jak <strong>Gianluigi Buffon<\/strong>, <strong>Leonardo Bonucci<\/strong>, <strong>Giorgio Chiellini<\/strong>, <strong>Marco Verratti<\/strong> oder <strong>Ciro Immobile<\/strong>, tworz\u0105c zesp\u00f3\u0142 \u0142\u0105cz\u0105cy do\u015bwiadczenie z now\u0105 generacj\u0105 pi\u0142karzy.<\/p>\n<p>Koszulka zosta\u0142a wykonana z lekkiego i przewiewnego materia\u0142u, a kr\u00f3j w rozmiarze L odpowiada standardom stosowanym przez <strong>Puma<\/strong>.<\/p>\n<p>Dies ist f\u00fcr Sammler und Fans, die ein originales Ausw\u00e4rtstrikot suchen <strong>Vertretung Italiens<\/strong> aus der Saison <strong>2016\/17<\/strong>, stanowi\u0105cej czytelny zapis ho\u0142du dla jej historycznych sukces\u00f3w.<\/p>","protected":false},"featured_media":44703,"template":"","meta":{"_kad_blocks_custom_css":"","_kad_blocks_head_custom_js":"","_kad_blocks_body_custom_js":"","_kad_blocks_footer_custom_js":"","_kad_post_transparent":"default","_kad_post_title":"","_kad_post_layout":"default","_kad_post_sidebar_id":"","_kad_post_content_style":"default","_kad_post_vertical_padding":"default","_kad_post_feature":"","_kad_post_feature_position":"","_kad_post_header":false,"_kad_post_footer":false,"_kad_post_classname":""},"product_brand":[1287],"product_cat":[1487],"product_tag":[],"class_list":{"0":"post-44538","1":"product","2":"type-product","3":"status-publish","4":"has-post-thumbnail","6":"product_brand-puma","7":"product_cat-reprezentacja-wloch","8":"pa_homeawaythird-away","9":"pa_rozmiar-l","11":"first","12":"instock","13":"taxable","14":"shipping-taxable","15":"purchasable","16":"product-type-simple","17":"entry","18":"content-bg","19":"loop-entry"},"taxonomy_info":{"product_brand":[{"value":1287,"label":"Puma"}],"product_cat":[{"value":1487,"label":"W\u0142ochy"}],"pa_homeawaythird":[{"value":1598,"label":"Away"}],"pa_rozmiar":[{"value":1817,"label":"L"}]},"featured_image_src_large":["https:\/\/footballthrift.shop\/wp-content\/uploads\/2024\/06\/Photoroom_032_20240620_185731-1024x1024.png",1024,1024,true],"author_info":[],"comment_info":"","_links":{"self":[{"href":"https:\/\/footballthrift.shop\/de\/wp-json\/wp\/v2\/product\/44538","targetHints":{"allow":["GET"]}}],"collection":[{"href":"https:\/\/footballthrift.shop\/de\/wp-json\/wp\/v2\/product"}],"about":[{"href":"https:\/\/footballthrift.shop\/de\/wp-json\/wp\/v2\/types\/product"}],"wp:featuredmedia":[{"embeddable":true,"href":"https:\/\/footballthrift.shop\/de\/wp-json\/wp\/v2\/media\/44703"}],"wp:attachment":[{"href":"https:\/\/footballthrift.shop\/de\/wp-json\/wp\/v2\/media?parent=44538"}],"wp:term":[{"taxonomy":"product_brand","embeddable":true,"href":"https:\/\/footballthrift.shop\/de\/wp-json\/wp\/v2\/product_brand?post=44538"},{"taxonomy":"product_cat","embeddable":true,"href":"https:\/\/footballthrift.shop\/de\/wp-json\/wp\/v2\/product_cat?post=44538"},{"taxonomy":"product_tag","embeddable":true,"href":"https:\/\/footballthrift.shop\/de\/wp-json\/wp\/v2\/product_tag?post=44538"}],"curies":[{"name":"wp","href":"https:\/\/api.w.org\/{rel}","templated":true}]}}