{"id":41225,"date":"2024-04-29T10:41:50","date_gmt":"2024-04-29T08:41:50","guid":{"rendered":"https:\/\/footballthrift.shop\/?post_type=product&#038;p=41225"},"modified":"2026-03-09T11:33:09","modified_gmt":"2026-03-09T10:33:09","slug":"fc-crotone-1998-99-home-5-l-xl","status":"publish","type":"product","link":"https:\/\/footballthrift.shop\/de\/fc-crotone-1998-99-home-5-l-xl\/","title":{"rendered":"FC Crotone 1998\/99 Home 5 [L\/XL]"},"content":{"rendered":"<p><strong>Verein:<\/strong> FC Crotone<\/p>\n<p><strong>Saison:<\/strong> 1998\/99 Heimat<\/p>\n<p><strong>Gr\u00f6\u00dfe: <\/strong>L\/XL<\/p>\n<p><strong>Zustand:<\/strong> Sehr gut - kein Halsetikett, ein paar kleine Risse auf der Vorder- und R\u00fcckseite des Hemdes.<\/p>\n<p><strong>Ma\u00dfe (Achselbreite\/L\u00e4nge) in cm: <\/strong>60\/73<\/p>\n<p><strong>Zus\u00e4tzliche Informationen:<\/strong> Das Trikot selbst ist original, unterscheidet sich aber geringf\u00fcgig von der Grundausstattung von Crotone aus dieser Saison, einschlie\u00dflich des Wappens, das in der folgenden Saison verwendet wurde, oder des Kragens. Es ist m\u00f6glich, dass es das Trikot war, das in den Spielen der Vorsaison verwendet wurde, leider k\u00f6nnen die Informationen im Internet dies nicht vollst\u00e4ndig best\u00e4tigen.<\/p>","protected":false},"excerpt":{"rendered":"<p>FC Crotone 1998\/99 Home 5 [L\/XL]<\/p>\n","protected":false},"featured_media":41386,"template":"","meta":{"_kad_blocks_custom_css":"","_kad_blocks_head_custom_js":"","_kad_blocks_body_custom_js":"","_kad_blocks_footer_custom_js":"","_kad_post_transparent":"default","_kad_post_title":"","_kad_post_layout":"default","_kad_post_sidebar_id":"","_kad_post_content_style":"default","_kad_post_vertical_padding":"default","_kad_post_feature":"","_kad_post_feature_position":"","_kad_post_header":false,"_kad_post_footer":false,"_kad_post_classname":""},"product_brand":[1980],"product_cat":[1480],"product_tag":[],"class_list":{"0":"post-41225","1":"product","2":"type-product","3":"status-publish","4":"has-post-thumbnail","6":"product_brand-delvis","7":"product_cat-pozostale-kluby-wloskie","8":"pa_homeawaythird-home","9":"pa_rozmiar-l-xl","11":"first","12":"instock","13":"taxable","14":"shipping-taxable","15":"purchasable","16":"product-type-simple","17":"entry","18":"content-bg","19":"loop-entry"},"taxonomy_info":{"product_brand":[{"value":1980,"label":"Delvis"}],"product_cat":[{"value":1480,"label":"Pozosta\u0142e kluby w\u0142oskie"}],"pa_homeawaythird":[{"value":1597,"label":"Home"}],"pa_rozmiar":[{"value":1926,"label":"L\/XL"}]},"featured_image_src_large":["https:\/\/footballthrift.shop\/wp-content\/uploads\/2024\/04\/Photoroom_006_20240425_130442-1024x1024.png",1024,1024,true],"author_info":[],"comment_info":"","_links":{"self":[{"href":"https:\/\/footballthrift.shop\/de\/wp-json\/wp\/v2\/product\/41225","targetHints":{"allow":["GET"]}}],"collection":[{"href":"https:\/\/footballthrift.shop\/de\/wp-json\/wp\/v2\/product"}],"about":[{"href":"https:\/\/footballthrift.shop\/de\/wp-json\/wp\/v2\/types\/product"}],"wp:featuredmedia":[{"embeddable":true,"href":"https:\/\/footballthrift.shop\/de\/wp-json\/wp\/v2\/media\/41386"}],"wp:attachment":[{"href":"https:\/\/footballthrift.shop\/de\/wp-json\/wp\/v2\/media?parent=41225"}],"wp:term":[{"taxonomy":"product_brand","embeddable":true,"href":"https:\/\/footballthrift.shop\/de\/wp-json\/wp\/v2\/product_brand?post=41225"},{"taxonomy":"product_cat","embeddable":true,"href":"https:\/\/footballthrift.shop\/de\/wp-json\/wp\/v2\/product_cat?post=41225"},{"taxonomy":"product_tag","embeddable":true,"href":"https:\/\/footballthrift.shop\/de\/wp-json\/wp\/v2\/product_tag?post=41225"}],"curies":[{"name":"wp","href":"https:\/\/api.w.org\/{rel}","templated":true}]}}