{"id":40127,"date":"2024-04-07T18:36:52","date_gmt":"2024-04-07T16:36:52","guid":{"rendered":"https:\/\/footballthrift.shop\/?post_type=product&#038;p=40127"},"modified":"2026-03-09T11:33:11","modified_gmt":"2026-03-09T10:33:11","slug":"fc-bayern-monachium-jacke-1998-00-xs","status":"publish","type":"product","link":"https:\/\/footballthrift.shop\/de\/kurtka-fc-bayern-monachium-1998-00-xs\/","title":{"rendered":"Kurtka pi\u0142karska FC Bayern Monachium 1998\/00 [XS]"},"content":{"rendered":"<p><strong>Verein:<\/strong> FC Bayern M\u00fcnchen<\/p>\n<p><strong>Saison:<\/strong> 1998\/00<\/p>\n<p><strong>Gr\u00f6\u00dfe: <\/strong>XS<\/p>\n<p><strong>Zustand:<\/strong> Sehr gut<\/p>\n<p><strong>Ma\u00dfe (Achselbreite\/L\u00e4nge) in cm: <\/strong>54\/62<\/p>","protected":false},"excerpt":{"rendered":"<p data-start=\"0\" data-end=\"478\"><strong data-start=\"0\" data-end=\"87\">Original Bayern M\u00fcnchen orthalion Fu\u00dfballjacke von 1998-2000 - hergestellt von Adidas.<\/strong><\/p>\n<p data-start=\"0\" data-end=\"478\"><br data-start=\"87\" data-end=\"90\" \/>Diese <strong data-start=\"93\" data-end=\"144\">original Bayern M\u00fcnchen orthaler Jacke<\/strong> aus der Zeit der Jahrhundertwende <strong data-start=\"160\" data-end=\"171\" data-is-only-node=\"\">1998\/00<\/strong> ist ein klassisches Trainings- und Freizeitmodell, das von der Firma <strong data-start=\"241\" data-end=\"251\">Adidas<\/strong>, einem langj\u00e4hrigen technischen Partner des bayerischen Rekordmeisters. Die Jacke stammt aus einer Zeit, in der die Bayern regelm\u00e4\u00dfig in der heimischen Arena dominierten und in Europa erfolgreich waren, und ist damit ein authentischer Teil der Vereinsgeschichte.<\/p>\n<p data-start=\"480\" data-end=\"975\">Gepflegt in den Bayern-Farben -. <strong data-start=\"534\" data-end=\"565\">rot, marineblau und wei\u00df<\/strong> - Jacke verbindet <strong data-start=\"581\" data-end=\"636\">die Funktionalit\u00e4t von Sportbekleidung mit der \u00c4sthetik der 90er Jahre.<\/strong> Sie bietet <strong data-start=\"658\" data-end=\"682\">Gesticktes Vereinswappen <\/strong>und Logo <strong data-start=\"689\" data-end=\"699\">Adidas<\/strong> mit einem klassischen Drei-Streifen-Motiv, das seinen authentischen Charakter unterstreicht. Sie ist aus leichtem und windabweisendem Orthalion-Material gefertigt und eignet sich sowohl f\u00fcr das Training als auch f\u00fcr das t\u00e4gliche Outfit von Fans des Retro-Stils.<\/p>\n<p data-start=\"977\" data-end=\"1227\">Die Jacke steht f\u00fcr eine \u00c4ra, in der die Farben des FC Bayern von Spielern getragen wurden wie. <strong data-start=\"1060\" data-end=\"1110\">Stefan Effenberg, Giovane \u00c9lber, Mehmet Scholl<\/strong> ob jung <strong data-start=\"1121\" data-end=\"1147\">Bastian Schweinsteiger<\/strong>und der Verein war sowohl in der Bundesliga als auch international erfolgreich.<\/p>\n<p data-start=\"1229\" data-end=\"1520\" data-is-last-node=\"\" data-is-only-node=\"\">Dies ist eine ausgezeichnete Option f\u00fcr <strong data-start=\"1257\" data-end=\"1284\">Bayern M\u00fcnchen Fans<\/strong>, <strong data-start=\"1286\" data-end=\"1333\">Sammler von Fu\u00dfballkleidung aus den 1990er Jahren.<\/strong> und Liebhaber des Vintage-Stils. <strong data-start=\"1365\" data-end=\"1420\">Originell, bequem und voller Fu\u00dfballcharakter<\/strong>Diese Jacke ist die perfekte Erg\u00e4nzung f\u00fcr jede Sportgarderobe und jede Sammlung von Vereinsmemorabilien.<\/p>","protected":false},"featured_media":40373,"template":"","meta":{"_kad_blocks_custom_css":"","_kad_blocks_head_custom_js":"","_kad_blocks_body_custom_js":"","_kad_blocks_footer_custom_js":"","_kad_post_transparent":"default","_kad_post_title":"","_kad_post_layout":"default","_kad_post_sidebar_id":"","_kad_post_content_style":"default","_kad_post_vertical_padding":"default","_kad_post_feature":"","_kad_post_feature_position":"","_kad_post_header":false,"_kad_post_footer":false,"_kad_post_classname":""},"product_brand":[1283],"product_cat":[1455,2017,1423],"product_tag":[],"class_list":{"0":"post-40127","1":"product","2":"type-product","3":"status-publish","4":"has-post-thumbnail","6":"product_brand-adidas","7":"product_cat-kluby-niemieckie-fcbayernmonachium","8":"product_cat-koszulki-mlodziezowe","9":"product_cat-kurtkibluzytrening","10":"pa_rozmiar-xs","12":"first","13":"instock","14":"taxable","15":"shipping-taxable","16":"purchasable","17":"product-type-simple","18":"entry","19":"content-bg","20":"loop-entry"},"taxonomy_info":{"product_brand":[{"value":1283,"label":"Adidas"}],"product_cat":[{"value":1455,"label":"FC Bayern Monachium"},{"value":2017,"label":"KOSZULKI M\u0141ODZIE\u017bOWE"},{"value":1423,"label":"Kurtki\/bluzy\/trening"}],"pa_rozmiar":[{"value":1821,"label":"XS"}]},"featured_image_src_large":["https:\/\/footballthrift.shop\/wp-content\/uploads\/2024\/04\/Photoroom_20240407_184054-1024x1024.png",1024,1024,true],"author_info":[],"comment_info":"","_links":{"self":[{"href":"https:\/\/footballthrift.shop\/de\/wp-json\/wp\/v2\/product\/40127","targetHints":{"allow":["GET"]}}],"collection":[{"href":"https:\/\/footballthrift.shop\/de\/wp-json\/wp\/v2\/product"}],"about":[{"href":"https:\/\/footballthrift.shop\/de\/wp-json\/wp\/v2\/types\/product"}],"wp:featuredmedia":[{"embeddable":true,"href":"https:\/\/footballthrift.shop\/de\/wp-json\/wp\/v2\/media\/40373"}],"wp:attachment":[{"href":"https:\/\/footballthrift.shop\/de\/wp-json\/wp\/v2\/media?parent=40127"}],"wp:term":[{"taxonomy":"product_brand","embeddable":true,"href":"https:\/\/footballthrift.shop\/de\/wp-json\/wp\/v2\/product_brand?post=40127"},{"taxonomy":"product_cat","embeddable":true,"href":"https:\/\/footballthrift.shop\/de\/wp-json\/wp\/v2\/product_cat?post=40127"},{"taxonomy":"product_tag","embeddable":true,"href":"https:\/\/footballthrift.shop\/de\/wp-json\/wp\/v2\/product_tag?post=40127"}],"curies":[{"name":"wp","href":"https:\/\/api.w.org\/{rel}","templated":true}]}}