{"id":37928,"date":"2025-02-13T17:52:42","date_gmt":"2025-02-13T16:52:42","guid":{"rendered":"https:\/\/footballthrift.shop\/?post_type=product&#038;p=37928"},"modified":"2026-03-14T14:55:34","modified_gmt":"2026-03-14T13:55:34","slug":"bursaspor-2020-21-third-l","status":"publish","type":"product","link":"https:\/\/footballthrift.shop\/de\/bursaspor-2020-21-third-l\/","title":{"rendered":"Koszulka pi\u0142karska Bursaspor 2020\/21 Third [L]"},"content":{"rendered":"<p><strong>Verein:<\/strong> Bursaspor<\/p>\n<p><strong>Saison:<\/strong> 2020\/21 Dritte<\/p>\n<p><strong>Gr\u00f6\u00dfe: <\/strong>L<\/p>\n<p><strong>Zustand: <\/strong>Befriedigend - sichtbare, nicht entfernbare Flecken auf dem \u00c4rmel.<\/p>\n<p><strong>Ma\u00dfe (Achselbreite\/L\u00e4nge) in cm: <\/strong>55\/75<\/p>","protected":false},"excerpt":{"rendered":"<p><strong>Das originale dritte Fu\u00dfballtrikot von Bursaspor aus der Saison 2020\/21 von Kappa.\u00a0<\/strong><\/p>\n<p>Dritter Satz <strong>Bursaspor<\/strong> aus der Saison <strong>2020\/21<\/strong>hergestellt von <strong>Kappa<\/strong> in Gr\u00f6\u00dfe L, stammt aus einer schwierigeren Zeit f\u00fcr den Verein aus der Stadt Bursa, der noch ein Jahrzehnt zuvor zu den Spitzenmannschaften des t\u00fcrkischen Fu\u00dfballs geh\u00f6rte. Vor allem mit dem sensationellen Gewinn der t\u00fcrkischen Meisterschaft in der Saison 2009\/10 schrieb das Team Geschichte und brach die Dominanz der gr\u00f6\u00dften Istanbuler Vereine.<\/p>\n<p>Das T-Shirt wurde in Form eines wei\u00df-gr\u00fcn gestreiften Hemdes hergestellt, das seit Jahren eines der erkennbarsten Elemente der Identit\u00e4t der Marke ist. <strong>Bursaspor<\/strong>. Die kontrastierenden Streifen sorgen f\u00fcr den klassischen, clubbigen Charakter des Designs, w\u00e4hrend die Herstellerkennzeichnung <strong>Kappy<\/strong> stehen im Einklang mit dem Stil der modernen Outfits, die in den letzten Jahren f\u00fcr den t\u00fcrkischen Verein angefertigt wurden.<\/p>\n<p>Im 21. Jahrhundert <strong>Bursaspor<\/strong> erlebte eine der denkw\u00fcrdigsten Perioden seiner Geschichte, die mit der t\u00fcrkischen Meisterschaft in der Saison 2009\/10 gekr\u00f6nt wurde, in der die Mannschaft unter anderem die folgenden Spieler einsetzte. <strong>Volkan \u015een<\/strong>, <strong>Ozan \u0130pek<\/strong>, <strong>Ali Tando\u011fan<\/strong> und St\u00fcrmer <strong>Sercan Y\u0131ld\u0131r\u0131m<\/strong>, und die Mannschaft wurde vom Trainer zum Erfolg gef\u00fchrt <strong>Ertu\u011frul Sa\u011flam<\/strong>. In den folgenden Jahren wurden die Farben des Vereins auch von bekannten Spielern vertreten, wie z. B. <strong>Pablo Batalla<\/strong>, die zu einer der gr\u00f6\u00dften Legenden geworden ist <strong>Bursaspor<\/strong>, ob der Vertreter der T\u00fcrkei <strong>Serdar Aziz<\/strong>.<\/p>\n<p>Das T-Shirt ist aus einem leichten und luftigen Material gefertigt und der Schnitt in Gr\u00f6\u00dfe L entspricht den Standards der <strong>Kappy<\/strong>, und bietet eine f\u00fcr die Designs dieses Herstellers charakteristische Passform.<\/p>\n<p>Dies ist ein Angebot f\u00fcr Sammler und Fans, die auf der Suche sind nach <strong>das originale dritte Bursaspor Fu\u00dfballtrikot der Saison 2020\/21 von Kappa<\/strong>, Damit ist eine der letzten Etappen in der modernen Geschichte des Klubs klar dokumentiert.<\/p>","protected":false},"featured_media":49956,"template":"","meta":{"_kad_blocks_custom_css":"","_kad_blocks_head_custom_js":"","_kad_blocks_body_custom_js":"","_kad_blocks_footer_custom_js":"","_kad_post_transparent":"default","_kad_post_title":"","_kad_post_layout":"default","_kad_post_sidebar_id":"","_kad_post_content_style":"default","_kad_post_vertical_padding":"default","_kad_post_feature":"","_kad_post_feature_position":"","_kad_post_header":false,"_kad_post_footer":false,"_kad_post_classname":""},"product_brand":[1290],"product_cat":[15,1492],"product_tag":[],"class_list":{"0":"post-37928","1":"product","2":"type-product","3":"status-publish","4":"has-post-thumbnail","6":"product_brand-kappa","7":"product_cat-bez-kategorii","8":"product_cat-kluby-tureckie","9":"pa_homeawaythird-third","10":"pa_rozmiar-l","12":"first","13":"instock","14":"taxable","15":"shipping-taxable","16":"purchasable","17":"product-type-simple","18":"entry","19":"content-bg","20":"loop-entry"},"taxonomy_info":{"product_brand":[{"value":1290,"label":"Kappa"}],"product_cat":[{"value":15,"label":"Bez kategorii"},{"value":1492,"label":"Turcja"}],"pa_homeawaythird":[{"value":1599,"label":"Third"}],"pa_rozmiar":[{"value":1817,"label":"L"}]},"featured_image_src_large":["https:\/\/footballthrift.shop\/wp-content\/uploads\/2024\/08\/Photoroom_004_20240902_131856-1024x1024.png",1024,1024,true],"author_info":[],"comment_info":"","_links":{"self":[{"href":"https:\/\/footballthrift.shop\/de\/wp-json\/wp\/v2\/product\/37928","targetHints":{"allow":["GET"]}}],"collection":[{"href":"https:\/\/footballthrift.shop\/de\/wp-json\/wp\/v2\/product"}],"about":[{"href":"https:\/\/footballthrift.shop\/de\/wp-json\/wp\/v2\/types\/product"}],"wp:featuredmedia":[{"embeddable":true,"href":"https:\/\/footballthrift.shop\/de\/wp-json\/wp\/v2\/media\/49956"}],"wp:attachment":[{"href":"https:\/\/footballthrift.shop\/de\/wp-json\/wp\/v2\/media?parent=37928"}],"wp:term":[{"taxonomy":"product_brand","embeddable":true,"href":"https:\/\/footballthrift.shop\/de\/wp-json\/wp\/v2\/product_brand?post=37928"},{"taxonomy":"product_cat","embeddable":true,"href":"https:\/\/footballthrift.shop\/de\/wp-json\/wp\/v2\/product_cat?post=37928"},{"taxonomy":"product_tag","embeddable":true,"href":"https:\/\/footballthrift.shop\/de\/wp-json\/wp\/v2\/product_tag?post=37928"}],"curies":[{"name":"wp","href":"https:\/\/api.w.org\/{rel}","templated":true}]}}