{"id":37101,"date":"2024-02-11T16:02:38","date_gmt":"2024-02-11T15:02:38","guid":{"rendered":"https:\/\/footballthrift.shop\/?post_type=product&#038;p=37101"},"modified":"2026-03-09T11:33:51","modified_gmt":"2026-03-09T10:33:51","slug":"karlsruher-sc-2012-13-heim-xs","status":"publish","type":"product","link":"https:\/\/footballthrift.shop\/de\/karlsruher-sc-2012-13-home-xs\/","title":{"rendered":"Koszulka pi\u0142karska Karlsruher SC 2012\/13 Home [XS]"},"content":{"rendered":"<p><strong>Verein:<\/strong> Karlsruher SC<\/p>\n<p><strong>Saison:<\/strong> 2012\/13 Startseite<\/p>\n<p><strong>Gr\u00f6\u00dfe: <\/strong>XS<\/p>\n<p><strong>Zustand:<\/strong> Sehr gut - getragene Gr\u00f6\u00dfe Patch auf Hals.<\/p>\n<p><strong>Ma\u00dfe (Achselbreite\/L\u00e4nge) in cm: <\/strong>47\/66<\/p>","protected":false},"excerpt":{"rendered":"<article class=\"text-token-text-primary w-full focus:outline-none scroll-mt-[calc(var(--header-height)+min(200px,max(70px,20svh)))]\" dir=\"auto\" tabindex=\"-1\" data-testid=\"conversation-turn-66\" data-scroll-anchor=\"true\" data-turn=\"assistant\">\n<div class=\"text-base my-auto mx-auto pb-10 [--thread-content-margin:--spacing(4)] @[37rem]:[--thread-content-margin:--spacing(6)] @[72rem]:[--thread-content-margin:--spacing(16)] px-(--thread-content-margin)\">\n<div class=\"[--thread-content-max-width:32rem] @[34rem]:[--thread-content-max-width:40rem] @[64rem]:[--thread-content-max-width:48rem] mx-auto max-w-(--thread-content-max-width) flex-1 group\/turn-messages focus-visible:outline-hidden relative flex w-full min-w-0 flex-col agent-turn\" tabindex=\"-1\">\n<div class=\"flex max-w-full flex-col grow\">\n<div class=\"min-h-8 text-message relative flex w-full flex-col items-end gap-2 text-start break-words whitespace-normal [.text-message+&amp;]:mt-5\" dir=\"auto\" data-message-author-role=\"assistant\" data-message-id=\"7b85d71a-1d27-4451-b652-9bf3ee24b68a\" data-message-model-slug=\"gpt-4o\">\n<div class=\"flex w-full flex-col gap-1 empty:hidden first:pt-[3px]\">\n<div class=\"markdown prose dark:prose-invert w-full break-words light\">\n<p data-start=\"0\" data-end=\"495\" data-is-last-node=\"\" data-is-only-node=\"\"><strong data-start=\"0\" data-end=\"81\" data-is-only-node=\"\">Oryginalna koszulka domowa Karlsruher SC z sezonu 2012\/13 \u2013 produkcji Hummel.<\/strong><\/p>\n<p data-start=\"0\" data-end=\"495\" data-is-last-node=\"\" data-is-only-node=\"\"><br data-start=\"81\" data-end=\"84\" \/>Ta <strong data-start=\"87\" data-end=\"134\">oryginalna koszulka pi\u0142karska Karlsruher SC<\/strong> z sezonu <strong data-start=\"144\" data-end=\"155\">2012\/13<\/strong> to oficjalny model domowy wyprodukowany przez firm\u0119 <strong data-start=\"208\" data-end=\"218\">Hummel<\/strong>. Utrzymana w klasycznym <strong data-start=\"243\" data-end=\"265\">niebieskim kolorze<\/strong> z bia\u0142ymi oraz czarnymi detalami i charakterystycznymi chevronami na r\u0119kawach, koszulka zawiera <strong data-start=\"348\" data-end=\"362\">herb klubu<\/strong> oraz logo sponsora <strong data-start=\"382\" data-end=\"402\">Klaiber Markisen<\/strong>. Idealna dla fan\u00f3w <strong data-start=\"422\" data-end=\"443\">niemieckiej pi\u0142ki<\/strong> i kolekcjoner\u00f3w koszulek z ni\u017cszych lig Bundesligi.<\/p>\n<\/div>\n<\/div>\n<\/div>\n<\/div>\n<div class=\"flex min-h-[46px] justify-start\"><\/div>\n<\/div>\n<\/div>\n<\/article>\n<div class=\"pointer-events-none h-px w-px\" aria-hidden=\"true\" data-edge=\"true\"><\/div>\n","protected":false},"featured_media":37235,"template":"","meta":{"_kad_blocks_custom_css":"","_kad_blocks_head_custom_js":"","_kad_blocks_body_custom_js":"","_kad_blocks_footer_custom_js":"","_kad_post_transparent":"default","_kad_post_title":"","_kad_post_layout":"default","_kad_post_sidebar_id":"","_kad_post_content_style":"default","_kad_post_vertical_padding":"default","_kad_post_feature":"","_kad_post_feature_position":"","_kad_post_header":false,"_kad_post_footer":false,"_kad_post_classname":""},"product_brand":[1288],"product_cat":[1490,2017],"product_tag":[],"class_list":{"0":"post-37101","1":"product","2":"type-product","3":"status-publish","4":"has-post-thumbnail","6":"product_brand-hummel","7":"product_cat-pozostale-kluby-niemieckie","8":"product_cat-koszulki-mlodziezowe","9":"pa_homeawaythird-home","10":"pa_rozmiar-xs","12":"first","13":"instock","14":"taxable","15":"shipping-taxable","16":"purchasable","17":"product-type-simple","18":"entry","19":"content-bg","20":"loop-entry"},"taxonomy_info":{"product_brand":[{"value":1288,"label":"Hummel"}],"product_cat":[{"value":1490,"label":"Pozosta\u0142e kluby niemieckie"},{"value":2017,"label":"KOSZULKI M\u0141ODZIE\u017bOWE"}],"pa_homeawaythird":[{"value":1597,"label":"Home"}],"pa_rozmiar":[{"value":1821,"label":"XS"}]},"featured_image_src_large":["https:\/\/footballthrift.shop\/wp-content\/uploads\/2024\/02\/PhotoRoom_018_20240210_225256-1024x1024.png",1024,1024,true],"author_info":[],"comment_info":"","_links":{"self":[{"href":"https:\/\/footballthrift.shop\/de\/wp-json\/wp\/v2\/product\/37101","targetHints":{"allow":["GET"]}}],"collection":[{"href":"https:\/\/footballthrift.shop\/de\/wp-json\/wp\/v2\/product"}],"about":[{"href":"https:\/\/footballthrift.shop\/de\/wp-json\/wp\/v2\/types\/product"}],"wp:featuredmedia":[{"embeddable":true,"href":"https:\/\/footballthrift.shop\/de\/wp-json\/wp\/v2\/media\/37235"}],"wp:attachment":[{"href":"https:\/\/footballthrift.shop\/de\/wp-json\/wp\/v2\/media?parent=37101"}],"wp:term":[{"taxonomy":"product_brand","embeddable":true,"href":"https:\/\/footballthrift.shop\/de\/wp-json\/wp\/v2\/product_brand?post=37101"},{"taxonomy":"product_cat","embeddable":true,"href":"https:\/\/footballthrift.shop\/de\/wp-json\/wp\/v2\/product_cat?post=37101"},{"taxonomy":"product_tag","embeddable":true,"href":"https:\/\/footballthrift.shop\/de\/wp-json\/wp\/v2\/product_tag?post=37101"}],"curies":[{"name":"wp","href":"https:\/\/api.w.org\/{rel}","templated":true}]}}