{"id":36802,"date":"2024-02-04T19:22:44","date_gmt":"2024-02-04T18:22:44","guid":{"rendered":"https:\/\/footballthrift.shop\/?post_type=product&#038;p=36802"},"modified":"2026-03-09T11:33:52","modified_gmt":"2026-03-09T10:33:52","slug":"unam-pumas-2009-10-away-m","status":"publish","type":"product","link":"https:\/\/footballthrift.shop\/de\/unam-pumas-2009-10-away-m\/","title":{"rendered":"UNAM Pumas 2009\/10 Away [M]"},"content":{"rendered":"<p><strong>Verein:<\/strong> UNAM Pumas<\/p>\n<p><strong>Saison:<\/strong> 2009\/10 Ausw\u00e4rts<\/p>\n<p><strong>Gr\u00f6\u00dfe: <\/strong>M<\/p>\n<p><strong>Zustand:<\/strong> Sehr gut - ein paar Mikrostiche und ein geknackter USP-Aufkleber.<\/p>\n<p><strong>Ma\u00dfe (Achselbreite\/L\u00e4nge) in cm: <\/strong>54\/66 (vorne), 73 (hinten)<\/p>","protected":false},"excerpt":{"rendered":"<p>UNAM Pumas 2009\/10 Away [M]<\/p>\n","protected":false},"featured_media":36815,"template":"","meta":{"_kad_blocks_custom_css":"","_kad_blocks_head_custom_js":"","_kad_blocks_body_custom_js":"","_kad_blocks_footer_custom_js":"","_kad_post_transparent":"default","_kad_post_title":"","_kad_post_layout":"default","_kad_post_sidebar_id":"","_kad_post_content_style":"default","_kad_post_vertical_padding":"default","_kad_post_feature":"","_kad_post_feature_position":"","_kad_post_header":false,"_kad_post_footer":false,"_kad_post_classname":""},"product_brand":[1287],"product_cat":[1415],"product_tag":[],"class_list":{"0":"post-36802","1":"product","2":"type-product","3":"status-publish","4":"has-post-thumbnail","6":"product_brand-puma","7":"product_cat-ameryka-srodkowa-i-polnocna","8":"pa_homeawaythird-away","9":"pa_rozmiar-m","11":"first","12":"instock","13":"taxable","14":"shipping-taxable","15":"purchasable","16":"product-type-simple","17":"entry","18":"content-bg","19":"loop-entry"},"taxonomy_info":{"product_brand":[{"value":1287,"label":"Puma"}],"product_cat":[{"value":1415,"label":"Ameryka \u015arodkowa i P\u00f3\u0142nocna"}],"pa_homeawaythird":[{"value":1598,"label":"Away"}],"pa_rozmiar":[{"value":1816,"label":"M"}]},"featured_image_src_large":["https:\/\/footballthrift.shop\/wp-content\/uploads\/2024\/02\/PhotoRoom_018_20240204_124223-1024x1024.png",1024,1024,true],"author_info":[],"comment_info":"","_links":{"self":[{"href":"https:\/\/footballthrift.shop\/de\/wp-json\/wp\/v2\/product\/36802","targetHints":{"allow":["GET"]}}],"collection":[{"href":"https:\/\/footballthrift.shop\/de\/wp-json\/wp\/v2\/product"}],"about":[{"href":"https:\/\/footballthrift.shop\/de\/wp-json\/wp\/v2\/types\/product"}],"wp:featuredmedia":[{"embeddable":true,"href":"https:\/\/footballthrift.shop\/de\/wp-json\/wp\/v2\/media\/36815"}],"wp:attachment":[{"href":"https:\/\/footballthrift.shop\/de\/wp-json\/wp\/v2\/media?parent=36802"}],"wp:term":[{"taxonomy":"product_brand","embeddable":true,"href":"https:\/\/footballthrift.shop\/de\/wp-json\/wp\/v2\/product_brand?post=36802"},{"taxonomy":"product_cat","embeddable":true,"href":"https:\/\/footballthrift.shop\/de\/wp-json\/wp\/v2\/product_cat?post=36802"},{"taxonomy":"product_tag","embeddable":true,"href":"https:\/\/footballthrift.shop\/de\/wp-json\/wp\/v2\/product_tag?post=36802"}],"curies":[{"name":"wp","href":"https:\/\/api.w.org\/{rel}","templated":true}]}}