{"id":36259,"date":"2024-01-28T16:31:19","date_gmt":"2024-01-28T15:31:19","guid":{"rendered":"https:\/\/footballthrift.shop\/?post_type=product&#038;p=36259"},"modified":"2026-03-09T11:33:53","modified_gmt":"2026-03-09T10:33:53","slug":"player-issue-torino-2014-15-home-25-glik-xl","status":"publish","type":"product","link":"https:\/\/footballthrift.shop\/de\/player-issue-torino-2014-15-home-25-glik-xl\/","title":{"rendered":"PLAYER ISSUE Torino FC 2014\/15 Home 25 Glik [XL]"},"content":{"rendered":"<p><strong>Verein:<\/strong> Torino FC<\/p>\n<p><strong>Saison:<\/strong> 2014\/15 Startseite<\/p>\n<p><strong>Gr\u00f6\u00dfe: <\/strong>XL<\/p>\n<p><strong>Zustand:<\/strong> Sehr gut - leicht besch\u00e4digte Beschriftung am Hals.<\/p>\n<p><strong>Ma\u00dfe (Achselbreite\/L\u00e4nge) in cm: <\/strong>54\/73<\/p>\n<p><strong>Zus\u00e4tzliche Informationen:<\/strong> Dies ist die h\u00f6here, passende Version des Trikots.<\/p>","protected":false},"excerpt":{"rendered":"<p>PLAYER ISSUE Torino FC 2014\/15 Home 25 Glik [XL]<\/p>\n","protected":false},"featured_media":36405,"template":"","meta":{"_kad_blocks_custom_css":"","_kad_blocks_head_custom_js":"","_kad_blocks_body_custom_js":"","_kad_blocks_footer_custom_js":"","_kad_post_transparent":"default","_kad_post_title":"","_kad_post_layout":"default","_kad_post_sidebar_id":"","_kad_post_content_style":"default","_kad_post_vertical_padding":"default","_kad_post_feature":"","_kad_post_feature_position":"","_kad_post_header":false,"_kad_post_footer":false,"_kad_post_classname":""},"product_brand":[1290],"product_cat":[1480,1411],"product_tag":[],"class_list":{"0":"post-36259","1":"product","2":"type-product","3":"status-publish","4":"has-post-thumbnail","6":"product_brand-kappa","7":"product_cat-pozostale-kluby-wloskie","8":"product_cat-polscy-pilkarze","9":"pa_homeawaythird-home","10":"pa_rozmiar-xl","12":"first","13":"instock","14":"taxable","15":"shipping-taxable","16":"purchasable","17":"product-type-simple","18":"entry","19":"content-bg","20":"loop-entry"},"taxonomy_info":{"product_brand":[{"value":1290,"label":"Kappa"}],"product_cat":[{"value":1480,"label":"Pozosta\u0142e kluby w\u0142oskie"},{"value":1411,"label":"POLSCY PI\u0141KARZE"}],"pa_homeawaythird":[{"value":1597,"label":"Home"}],"pa_rozmiar":[{"value":1818,"label":"XL"}]},"featured_image_src_large":["https:\/\/footballthrift.shop\/wp-content\/uploads\/2024\/01\/PhotoRoom_067_20240128_133247-1024x1024.png",1024,1024,true],"author_info":[],"comment_info":"","_links":{"self":[{"href":"https:\/\/footballthrift.shop\/de\/wp-json\/wp\/v2\/product\/36259","targetHints":{"allow":["GET"]}}],"collection":[{"href":"https:\/\/footballthrift.shop\/de\/wp-json\/wp\/v2\/product"}],"about":[{"href":"https:\/\/footballthrift.shop\/de\/wp-json\/wp\/v2\/types\/product"}],"wp:featuredmedia":[{"embeddable":true,"href":"https:\/\/footballthrift.shop\/de\/wp-json\/wp\/v2\/media\/36405"}],"wp:attachment":[{"href":"https:\/\/footballthrift.shop\/de\/wp-json\/wp\/v2\/media?parent=36259"}],"wp:term":[{"taxonomy":"product_brand","embeddable":true,"href":"https:\/\/footballthrift.shop\/de\/wp-json\/wp\/v2\/product_brand?post=36259"},{"taxonomy":"product_cat","embeddable":true,"href":"https:\/\/footballthrift.shop\/de\/wp-json\/wp\/v2\/product_cat?post=36259"},{"taxonomy":"product_tag","embeddable":true,"href":"https:\/\/footballthrift.shop\/de\/wp-json\/wp\/v2\/product_tag?post=36259"}],"curies":[{"name":"wp","href":"https:\/\/api.w.org\/{rel}","templated":true}]}}