{"id":35455,"date":"2024-01-14T16:48:21","date_gmt":"2024-01-14T15:48:21","guid":{"rendered":"https:\/\/footballthrift.shop\/?post_type=product&#038;p=35455"},"modified":"2026-03-09T11:33:57","modified_gmt":"2026-03-09T10:33:57","slug":"chicago-fire-2000-02-home-xl","status":"publish","type":"product","link":"https:\/\/footballthrift.shop\/de\/chicago-fire-2000-02-home-xl\/","title":{"rendered":"Chicago Fire 2000\/02 Home [XL]"},"content":{"rendered":"<p><strong>Verein:<\/strong> Chicagoer Feuer<\/p>\n<p><strong>Saison:<\/strong> 2000\/02 Heimat<\/p>\n<p><strong>Gr\u00f6\u00dfe: <\/strong>XL<\/p>\n<p><strong>Zustand:<\/strong> Befriedigend - geknackt und verschmutzt Sponsor Druck auf der Vorderseite, ein paar kleine Z\u00fcge, Mikro-Loch auf der R\u00fcckseite und Spur von nicht identifizierten Autogramm auf der R\u00fcckseite.<\/p>\n<p><strong>Ma\u00dfe (Achselbreite\/L\u00e4nge) in cm: <\/strong>60\/77<\/p>","protected":false},"excerpt":{"rendered":"<p>Chicago Fire 2000\/02 Home [XL]<\/p>\n","protected":false},"featured_media":35574,"template":"","meta":{"_kad_blocks_custom_css":"","_kad_blocks_head_custom_js":"","_kad_blocks_body_custom_js":"","_kad_blocks_footer_custom_js":"","_kad_post_transparent":"default","_kad_post_title":"","_kad_post_layout":"default","_kad_post_sidebar_id":"","_kad_post_content_style":"default","_kad_post_vertical_padding":"default","_kad_post_feature":"","_kad_post_feature_position":"","_kad_post_header":false,"_kad_post_footer":false,"_kad_post_classname":""},"product_brand":[1284],"product_cat":[1415],"product_tag":[],"class_list":{"0":"post-35455","1":"product","2":"type-product","3":"status-publish","4":"has-post-thumbnail","6":"product_brand-nike","7":"product_cat-ameryka-srodkowa-i-polnocna","8":"pa_homeawaythird-home","9":"pa_rozmiar-xl","11":"first","12":"instock","13":"taxable","14":"shipping-taxable","15":"purchasable","16":"product-type-simple","17":"entry","18":"content-bg","19":"loop-entry"},"taxonomy_info":{"product_brand":[{"value":1284,"label":"Nike"}],"product_cat":[{"value":1415,"label":"Ameryka \u015arodkowa i P\u00f3\u0142nocna"}],"pa_homeawaythird":[{"value":1597,"label":"Home"}],"pa_rozmiar":[{"value":1818,"label":"XL"}]},"featured_image_src_large":["https:\/\/footballthrift.shop\/wp-content\/uploads\/2024\/01\/PhotoRoom_012_20240111_201517-1024x1024.png",1024,1024,true],"author_info":[],"comment_info":"","_links":{"self":[{"href":"https:\/\/footballthrift.shop\/de\/wp-json\/wp\/v2\/product\/35455","targetHints":{"allow":["GET"]}}],"collection":[{"href":"https:\/\/footballthrift.shop\/de\/wp-json\/wp\/v2\/product"}],"about":[{"href":"https:\/\/footballthrift.shop\/de\/wp-json\/wp\/v2\/types\/product"}],"wp:featuredmedia":[{"embeddable":true,"href":"https:\/\/footballthrift.shop\/de\/wp-json\/wp\/v2\/media\/35574"}],"wp:attachment":[{"href":"https:\/\/footballthrift.shop\/de\/wp-json\/wp\/v2\/media?parent=35455"}],"wp:term":[{"taxonomy":"product_brand","embeddable":true,"href":"https:\/\/footballthrift.shop\/de\/wp-json\/wp\/v2\/product_brand?post=35455"},{"taxonomy":"product_cat","embeddable":true,"href":"https:\/\/footballthrift.shop\/de\/wp-json\/wp\/v2\/product_cat?post=35455"},{"taxonomy":"product_tag","embeddable":true,"href":"https:\/\/footballthrift.shop\/de\/wp-json\/wp\/v2\/product_tag?post=35455"}],"curies":[{"name":"wp","href":"https:\/\/api.w.org\/{rel}","templated":true}]}}