{"id":32821,"date":"2023-11-19T15:59:39","date_gmt":"2023-11-19T14:59:39","guid":{"rendered":"https:\/\/footballthrift.shop\/?post_type=product&#038;p=32821"},"modified":"2026-03-17T19:54:34","modified_gmt":"2026-03-17T18:54:34","slug":"fc-utrecht-2009-10-home-xxl","status":"publish","type":"product","link":"https:\/\/footballthrift.shop\/de\/fc-utrecht-2009-10-home-xxl\/","title":{"rendered":"FC Utrecht 2009\/10 Home [XXL]"},"content":{"rendered":"<p><strong>Verein:<\/strong> FC Utrecht<\/p>\n<p><strong>Saison:<\/strong> 2009\/10 Startseite<\/p>\n<p><strong>Gr\u00f6\u00dfe: <\/strong>XXL<\/p>\n<p><strong>Zustand:<\/strong> Sehr gut - Mikroverschmutzung am Hals.<\/p>\n<p><strong>Ma\u00dfe (Achselbreite\/L\u00e4nge) in cm: <\/strong>62\/80<\/p>\n<p><strong>Zus\u00e4tzliche Informationen:<\/strong> Die Gr\u00f6\u00dfe auf dem Etikett ist 5XL, aber das Hemd f\u00e4llt realistischerweise auf 2XL.<\/p>","protected":false},"excerpt":{"rendered":"<p>FC Utrecht 2009\/10 Home [XXL]<\/p>\n","protected":false},"featured_media":32997,"template":"","meta":{"_kad_blocks_custom_css":"","_kad_blocks_head_custom_js":"","_kad_blocks_body_custom_js":"","_kad_blocks_footer_custom_js":"","_kad_post_transparent":"default","_kad_post_title":"","_kad_post_layout":"default","_kad_post_sidebar_id":"","_kad_post_content_style":"default","_kad_post_vertical_padding":"default","_kad_post_feature":"","_kad_post_feature_position":"","_kad_post_header":false,"_kad_post_footer":false,"_kad_post_classname":""},"product_brand":[1290],"product_cat":[1466,15],"product_tag":[],"class_list":{"0":"post-32821","1":"product","2":"type-product","3":"status-publish","4":"has-post-thumbnail","6":"product_brand-kappa","7":"product_cat-belgia-holandia","8":"product_cat-bez-kategorii","9":"pa_homeawaythird-home","10":"pa_rozmiar-xxl","12":"first","13":"instock","14":"taxable","15":"shipping-taxable","16":"purchasable","17":"product-type-simple","18":"entry","19":"content-bg","20":"loop-entry"},"taxonomy_info":{"product_brand":[{"value":1290,"label":"Kappa"}],"product_cat":[{"value":1466,"label":"Belgia i Holandia"},{"value":15,"label":"Bez kategorii"}],"pa_homeawaythird":[{"value":1597,"label":"Home"}],"pa_rozmiar":[{"value":1819,"label":"XXL"}]},"featured_image_src_large":["https:\/\/footballthrift.shop\/wp-content\/uploads\/2023\/11\/PhotoRoom_027_20231115_220932-1024x1024.png",1024,1024,true],"author_info":[],"comment_info":"","_links":{"self":[{"href":"https:\/\/footballthrift.shop\/de\/wp-json\/wp\/v2\/product\/32821","targetHints":{"allow":["GET"]}}],"collection":[{"href":"https:\/\/footballthrift.shop\/de\/wp-json\/wp\/v2\/product"}],"about":[{"href":"https:\/\/footballthrift.shop\/de\/wp-json\/wp\/v2\/types\/product"}],"wp:featuredmedia":[{"embeddable":true,"href":"https:\/\/footballthrift.shop\/de\/wp-json\/wp\/v2\/media\/32997"}],"wp:attachment":[{"href":"https:\/\/footballthrift.shop\/de\/wp-json\/wp\/v2\/media?parent=32821"}],"wp:term":[{"taxonomy":"product_brand","embeddable":true,"href":"https:\/\/footballthrift.shop\/de\/wp-json\/wp\/v2\/product_brand?post=32821"},{"taxonomy":"product_cat","embeddable":true,"href":"https:\/\/footballthrift.shop\/de\/wp-json\/wp\/v2\/product_cat?post=32821"},{"taxonomy":"product_tag","embeddable":true,"href":"https:\/\/footballthrift.shop\/de\/wp-json\/wp\/v2\/product_tag?post=32821"}],"curies":[{"name":"wp","href":"https:\/\/api.w.org\/{rel}","templated":true}]}}