{"id":32208,"date":"2023-11-05T16:37:12","date_gmt":"2023-11-05T15:37:12","guid":{"rendered":"https:\/\/footballthrift.shop\/?post_type=product&#038;p=32208"},"modified":"2026-03-09T11:34:43","modified_gmt":"2026-03-09T10:34:43","slug":"red-bull-salzburg-2014-15-home-44-kampl-xl","status":"publish","type":"product","link":"https:\/\/footballthrift.shop\/de\/red-bull-salzburg-2014-15-home-44-kampl-xl\/","title":{"rendered":"Red Bull Salzburg 2014\/15 Home 44 Kampl [XL]"},"content":{"rendered":"<p><strong>Verein:<\/strong> Red Bull Salzburg<\/p>\n<p><strong>Saison:<\/strong> 2014\/15 Startseite<\/p>\n<p><strong>Gr\u00f6\u00dfe: <\/strong>XL<\/p>\n<p><strong>Zustand:<\/strong> Befriedigend - leichte Verschmutzung und Besch\u00e4digung des Sponsorenaufdrucks und des Aufn\u00e4hers auf der Vorderseite, au\u00dferdem ein Verlust im Druck auf der R\u00fcckseite.<\/p>\n<p><strong>Ma\u00dfe (Achselbreite\/L\u00e4nge) in cm: <\/strong>59\/74<\/p>","protected":false},"excerpt":{"rendered":"<p>Red Bull Salzburg 2014\/15 Home 44 Kampl [XL]<\/p>\n","protected":false},"featured_media":32267,"template":"","meta":{"_kad_blocks_custom_css":"","_kad_blocks_head_custom_js":"","_kad_blocks_body_custom_js":"","_kad_blocks_footer_custom_js":"","_kad_post_transparent":"default","_kad_post_title":"","_kad_post_layout":"default","_kad_post_sidebar_id":"","_kad_post_content_style":"default","_kad_post_vertical_padding":"default","_kad_post_feature":"","_kad_post_feature_position":"","_kad_post_header":false,"_kad_post_footer":false,"_kad_post_classname":""},"product_brand":[1284],"product_cat":[1441],"product_tag":[],"class_list":{"0":"post-32208","1":"product","2":"type-product","3":"status-publish","4":"has-post-thumbnail","6":"product_brand-nike","7":"product_cat-austria-i-szwajcaria","8":"pa_homeawaythird-home","9":"pa_rozmiar-xl","11":"first","12":"instock","13":"taxable","14":"shipping-taxable","15":"purchasable","16":"product-type-simple","17":"entry","18":"content-bg","19":"loop-entry"},"taxonomy_info":{"product_brand":[{"value":1284,"label":"Nike"}],"product_cat":[{"value":1441,"label":"Austria i Szwajcaria"}],"pa_homeawaythird":[{"value":1597,"label":"Home"}],"pa_rozmiar":[{"value":1818,"label":"XL"}]},"featured_image_src_large":["https:\/\/footballthrift.shop\/wp-content\/uploads\/2023\/11\/PhotoRoom_007_20231105_155251-1024x1024.png",1024,1024,true],"author_info":[],"comment_info":"","_links":{"self":[{"href":"https:\/\/footballthrift.shop\/de\/wp-json\/wp\/v2\/product\/32208","targetHints":{"allow":["GET"]}}],"collection":[{"href":"https:\/\/footballthrift.shop\/de\/wp-json\/wp\/v2\/product"}],"about":[{"href":"https:\/\/footballthrift.shop\/de\/wp-json\/wp\/v2\/types\/product"}],"wp:featuredmedia":[{"embeddable":true,"href":"https:\/\/footballthrift.shop\/de\/wp-json\/wp\/v2\/media\/32267"}],"wp:attachment":[{"href":"https:\/\/footballthrift.shop\/de\/wp-json\/wp\/v2\/media?parent=32208"}],"wp:term":[{"taxonomy":"product_brand","embeddable":true,"href":"https:\/\/footballthrift.shop\/de\/wp-json\/wp\/v2\/product_brand?post=32208"},{"taxonomy":"product_cat","embeddable":true,"href":"https:\/\/footballthrift.shop\/de\/wp-json\/wp\/v2\/product_cat?post=32208"},{"taxonomy":"product_tag","embeddable":true,"href":"https:\/\/footballthrift.shop\/de\/wp-json\/wp\/v2\/product_tag?post=32208"}],"curies":[{"name":"wp","href":"https:\/\/api.w.org\/{rel}","templated":true}]}}