{"id":32202,"date":"2023-11-05T16:37:12","date_gmt":"2023-11-05T15:37:12","guid":{"rendered":"https:\/\/footballthrift.shop\/?post_type=product&#038;p=32202"},"modified":"2026-03-09T11:34:43","modified_gmt":"2026-03-09T10:34:43","slug":"leeds-united-fc-2010-11-away-xxl","status":"publish","type":"product","link":"https:\/\/footballthrift.shop\/de\/leeds-united-fc-2010-11-away-xxl\/","title":{"rendered":"Leeds United FC 2010\/11 Away [XXL]"},"content":{"rendered":"<p><strong>Verein:<\/strong> Leeds United FC<\/p>\n<p><strong>Saison:<\/strong> 2010\/11 Ausw\u00e4rts<\/p>\n<p><strong>Gr\u00f6\u00dfe: <\/strong>XXL<\/p>\n<p><strong>Zustand:<\/strong> Gut - fehlendes \"Macron\"-Logo auf einem \u00c4rmel, abgenutzter Gr\u00f6\u00dfenaufn\u00e4her am Hals.<\/p>\n<p><strong>Ma\u00dfe (Achselbreite\/L\u00e4nge) in cm: <\/strong>63\/78 (vorne), 83 (hinten)<\/p>","protected":false},"excerpt":{"rendered":"<p>Leeds United FC 2010\/11 Away [XXL]<\/p>\n","protected":false},"featured_media":32227,"template":"","meta":{"_kad_blocks_custom_css":"","_kad_blocks_head_custom_js":"","_kad_blocks_body_custom_js":"","_kad_blocks_footer_custom_js":"","_kad_post_transparent":"default","_kad_post_title":"","_kad_post_layout":"default","_kad_post_sidebar_id":"","_kad_post_content_style":"default","_kad_post_vertical_padding":"default","_kad_post_feature":"","_kad_post_feature_position":"","_kad_post_header":false,"_kad_post_footer":false,"_kad_post_classname":""},"product_brand":[1296],"product_cat":[1485,2032],"product_tag":[],"class_list":{"0":"post-32202","1":"product","2":"type-product","3":"status-publish","4":"has-post-thumbnail","6":"product_brand-macron","7":"product_cat-pozostale-kluby-angielskie","8":"product_cat-leeds-united-fc","9":"pa_homeawaythird-away","10":"pa_rozmiar-xxl","12":"first","13":"instock","14":"taxable","15":"shipping-taxable","16":"purchasable","17":"product-type-simple","18":"entry","19":"content-bg","20":"loop-entry"},"taxonomy_info":{"product_brand":[{"value":1296,"label":"macron"}],"product_cat":[{"value":1485,"label":"Pozosta\u0142e kluby angielskie"},{"value":2032,"label":"Leeds United FC"}],"pa_homeawaythird":[{"value":1598,"label":"Away"}],"pa_rozmiar":[{"value":1819,"label":"XXL"}]},"featured_image_src_large":["https:\/\/footballthrift.shop\/wp-content\/uploads\/2023\/11\/PhotoRoom_016_20231105_155251-1024x1024.png",1024,1024,true],"author_info":[],"comment_info":"","_links":{"self":[{"href":"https:\/\/footballthrift.shop\/de\/wp-json\/wp\/v2\/product\/32202","targetHints":{"allow":["GET"]}}],"collection":[{"href":"https:\/\/footballthrift.shop\/de\/wp-json\/wp\/v2\/product"}],"about":[{"href":"https:\/\/footballthrift.shop\/de\/wp-json\/wp\/v2\/types\/product"}],"wp:featuredmedia":[{"embeddable":true,"href":"https:\/\/footballthrift.shop\/de\/wp-json\/wp\/v2\/media\/32227"}],"wp:attachment":[{"href":"https:\/\/footballthrift.shop\/de\/wp-json\/wp\/v2\/media?parent=32202"}],"wp:term":[{"taxonomy":"product_brand","embeddable":true,"href":"https:\/\/footballthrift.shop\/de\/wp-json\/wp\/v2\/product_brand?post=32202"},{"taxonomy":"product_cat","embeddable":true,"href":"https:\/\/footballthrift.shop\/de\/wp-json\/wp\/v2\/product_cat?post=32202"},{"taxonomy":"product_tag","embeddable":true,"href":"https:\/\/footballthrift.shop\/de\/wp-json\/wp\/v2\/product_tag?post=32202"}],"curies":[{"name":"wp","href":"https:\/\/api.w.org\/{rel}","templated":true}]}}