{"id":27228,"date":"2023-06-09T09:25:52","date_gmt":"2023-06-09T07:25:52","guid":{"rendered":"https:\/\/footballthrift.shop\/fc-bayern-monachium-2019-20-home-9-lewandowski-xxl\/"},"modified":"2026-03-09T11:36:12","modified_gmt":"2026-03-09T10:36:12","slug":"fc-bayern-monachium-2019-20-home-9-lewandowski-xxl","status":"publish","type":"product","link":"https:\/\/footballthrift.shop\/de\/fc-bayern-monachium-2019-20-home-9-lewandowski-xxl\/","title":{"rendered":"FC Bayern Monachium 2019\/20 Home 9 Lewandowski [XXL]"},"content":{"rendered":"<p><strong>Verein: <\/strong>FC Bayern M\u00fcnchen<\/p>\n<p><strong>Spieler: <\/strong>9 Lewandowski<\/p>\n<p><strong>Saison: <\/strong>2019\/20 Heim<\/p>\n<p><strong>Gr\u00f6\u00dfe: <\/strong>XXL<\/p>\n<p><strong>Zustand: <\/strong>Sehr gut - zwei kleine Risse und ein Mikroriss auf der Nummer.<\/p>\n<p><strong>Ma\u00dfe (Achselbreite\/L\u00e4nge) in cm: <\/strong>62\/82<\/p>\n<div id=\"product-card\" class=\"row\">\n<div class=\"col-12 col-lg-6 col-xl-5\">\n<div class=\"product-information\">\n<div class=\"product-actions\">\n<form id=\"add-to-cart-or-refresh\" action=\"https:\/\/footballthrift.shop\/index.php?controller=cart\" method=\"post\" data-trp-original-action=\"https:\/\/footballthrift.shop\/index.php?controller=cart\">\n<div id=\"description-collapse\" class=\"product-description\">\n<p><strong>Zus\u00e4tzliche Informationen:<\/strong>\u00a0Robert Lewandowski kam 2014 zu Bayern M\u00fcnchen und wurde zu einem der besten Torsch\u00fctzen des Vereins aller Zeiten. Er gewann 7 deutsche Meisterschaften, 5 deutsche Pokale sowie die UEFA Champions League in der Saison 2019\/2020, in der er der erste Fu\u00dfballer seit 1973 wurde, der 4 Tore in einem einzigen Halbfinalspiel erzielte. Lewandowski ist bekannt f\u00fcr seine exzellenten Schussf\u00e4higkeiten, seine Technik und seine Vielseitigkeit auf dem Spielfeld.<\/p>\n<\/div>\n<input type=\"hidden\" name=\"trp-form-language\" value=\"de\"\/><\/form>\n<\/div>\n<\/div>\n<\/div>\n<\/div>","protected":false},"excerpt":{"rendered":"<p>FC Bayern Monachium 2019\/20 Home 9 Lewandowski [XXL]<\/p>\n","protected":false},"featured_media":27229,"template":"","meta":{"_kad_blocks_custom_css":"","_kad_blocks_head_custom_js":"","_kad_blocks_body_custom_js":"","_kad_blocks_footer_custom_js":"","_kad_post_transparent":"default","_kad_post_title":"","_kad_post_layout":"default","_kad_post_sidebar_id":"","_kad_post_content_style":"default","_kad_post_vertical_padding":"default","_kad_post_feature":"","_kad_post_feature_position":"","_kad_post_header":false,"_kad_post_footer":false,"_kad_post_classname":""},"product_brand":[1283],"product_cat":[15,1455,1411],"product_tag":[],"class_list":{"0":"post-27228","1":"product","2":"type-product","3":"status-publish","4":"has-post-thumbnail","6":"product_brand-adidas","7":"product_cat-bez-kategorii","8":"product_cat-kluby-niemieckie-fcbayernmonachium","9":"product_cat-polscy-pilkarze","11":"first","12":"instock","13":"taxable","14":"shipping-taxable","15":"purchasable","16":"product-type-simple","17":"entry","18":"content-bg","19":"loop-entry"},"taxonomy_info":{"product_brand":[{"value":1283,"label":"Adidas"}],"product_cat":[{"value":15,"label":"Bez kategorii"},{"value":1455,"label":"FC Bayern Monachium"},{"value":1411,"label":"POLSCY PI\u0141KARZE"}]},"featured_image_src_large":["https:\/\/footballthrift.shop\/wp-content\/uploads\/2023\/08\/fc-bayern-monachium-2019-20-home-9-lewandowski-xxl-1024x1024.jpg",1024,1024,true],"author_info":[],"comment_info":"","_links":{"self":[{"href":"https:\/\/footballthrift.shop\/de\/wp-json\/wp\/v2\/product\/27228","targetHints":{"allow":["GET"]}}],"collection":[{"href":"https:\/\/footballthrift.shop\/de\/wp-json\/wp\/v2\/product"}],"about":[{"href":"https:\/\/footballthrift.shop\/de\/wp-json\/wp\/v2\/types\/product"}],"wp:featuredmedia":[{"embeddable":true,"href":"https:\/\/footballthrift.shop\/de\/wp-json\/wp\/v2\/media\/27229"}],"wp:attachment":[{"href":"https:\/\/footballthrift.shop\/de\/wp-json\/wp\/v2\/media?parent=27228"}],"wp:term":[{"taxonomy":"product_brand","embeddable":true,"href":"https:\/\/footballthrift.shop\/de\/wp-json\/wp\/v2\/product_brand?post=27228"},{"taxonomy":"product_cat","embeddable":true,"href":"https:\/\/footballthrift.shop\/de\/wp-json\/wp\/v2\/product_cat?post=27228"},{"taxonomy":"product_tag","embeddable":true,"href":"https:\/\/footballthrift.shop\/de\/wp-json\/wp\/v2\/product_tag?post=27228"}],"curies":[{"name":"wp","href":"https:\/\/api.w.org\/{rel}","templated":true}]}}