{"id":26717,"date":"2025-01-10T15:18:04","date_gmt":"2025-01-10T14:18:04","guid":{"rendered":"https:\/\/footballthrift.shop\/?post_type=product&#038;p=26717"},"modified":"2026-03-14T15:46:41","modified_gmt":"2026-03-14T14:46:41","slug":"gornik-zabrze-2020-22-auswarts-xxl","status":"publish","type":"product","link":"https:\/\/footballthrift.shop\/de\/gornik-zabrze-2020-22-away-xxl\/","title":{"rendered":"Koszulka pi\u0142karska G\u00f3rnik Zabrze 2020\/22 Away [XXL]"},"content":{"rendered":"<p><strong>Verein:<\/strong> G\u00f3rnik Zabrze<\/p>\n<p><strong>Saison:<\/strong> 2020\/22 Ausw\u00e4rts<\/p>\n<p><strong>Gr\u00f6\u00dfe: <\/strong>XXL<\/p>\n<p><strong>Zustand:<\/strong> Sehr gut - ein Stoffriss am \u00c4rmel und leichte Verschmutzung am unteren Rand des Hemdes.<\/p>\n<p><strong>Ma\u00dfe (Achselbreite\/L\u00e4nge) in cm: <\/strong>62\/76<\/p>","protected":false},"excerpt":{"rendered":"<p><strong>Original Ausw\u00e4rtstrikot von G\u00f3rnik Zabrze aus der Saison 2020\/22, hergestellt von Hummel.\u00a0<\/strong><\/p>\n<p>Ausw\u00e4rtsmodell <strong>G\u00f3rnik Zabrze<\/strong> in den Jahreszeiten verwendet <strong>2020\/22<\/strong>hergestellt von <strong>Hummel<\/strong> in XXL-Gr\u00f6\u00dfe, stammt aus der Zeit der stabilen Pr\u00e4senz des schlesischen Clubs in der <strong>Ekstraklasa<\/strong>. Die Mannschaft aus Roosevelt setzte in jenen Jahren auf eine Mischung aus erfahrenen Spielern und jungen Fu\u00dfballern, um sich nach der R\u00fcckkehr in die erste Liga einige Jahre zuvor sportlich neu zu positionieren.<\/p>\n<p>Das T-Shirt wurde auf schwarzem Grund gefertigt und weist auf der Vorderseite geometrische Muster auf, die dem Design eine moderne und dynamische Note verleihen. Die \u00c4rmel sind mit den f\u00fcr die Designs charakteristischen silbernen Chevrons versehen <strong>Hummel<\/strong>, das eines der erkennbarsten Elemente der Identit\u00e4t des d\u00e4nischen Herstellers ist. Das Gesamtdesign ist in einem ged\u00e4mpften, aufgeschlossenen Farbschema gehalten, das in starkem Kontrast zu den traditionellen Farben der <strong>G\u00f3rnik Zabrze<\/strong>.<\/p>\n<p>Im Laufe der Jahre <strong>2020\/22<\/strong> Team <strong>G\u00f3rnik Zabrze<\/strong> Die Mannschaft belegte mehrmals einen Platz im Mittelfeld der Tabelle und zeichnete sich durch eine offensive Spielweise und die F\u00f6rderung junger Spieler aus. In der Mannschaft spielten damals unter anderem. <strong>Jes\u00fas Jim\u00e9nez<\/strong>, <strong>Lukas Podolski<\/strong>, der 2021 aus seiner Heimatstadt zum Verein st\u00f6\u00dft, sowie die Mittelfeldspieler <strong>Bartosz Nowak<\/strong> i <strong>Alasana Manneh<\/strong>.<\/p>\n<p>Das T-Shirt ist aus einem leichten und luftigen Material gefertigt und der XXL-Schnitt entspricht den Standards der <strong>Hummel<\/strong>, und bieten eine klassische Passform.<\/p>\n<p>Dies ist ein Angebot f\u00fcr Sammler und Fans, die auf der Suche sind nach <strong>das Original 2020\/22 G\u00f3rnik Zabrze Ausw\u00e4rtstrikot von Hummel<\/strong>, die ein deutliches Zeugnis einer zeitgen\u00f6ssischen Phase der Vereinsgeschichte darstellt.<\/p>","protected":false},"featured_media":26824,"template":"","meta":{"_kad_blocks_custom_css":"","_kad_blocks_head_custom_js":"","_kad_blocks_body_custom_js":"","_kad_blocks_footer_custom_js":"","_kad_post_transparent":"default","_kad_post_title":"","_kad_post_layout":"default","_kad_post_sidebar_id":"","_kad_post_content_style":"default","_kad_post_vertical_padding":"default","_kad_post_feature":"","_kad_post_feature_position":"","_kad_post_header":false,"_kad_post_footer":false,"_kad_post_classname":""},"product_brand":[1288],"product_cat":[1468],"product_tag":[],"class_list":{"0":"post-26717","1":"product","2":"type-product","3":"status-publish","4":"has-post-thumbnail","6":"product_brand-hummel","7":"product_cat-pozostale-kluby-polskie","8":"pa_homeawaythird-away","9":"pa_rozmiar-xxl","11":"first","12":"instock","13":"taxable","14":"shipping-taxable","15":"purchasable","16":"product-type-simple","17":"entry","18":"content-bg","19":"loop-entry"},"taxonomy_info":{"product_brand":[{"value":1288,"label":"Hummel"}],"product_cat":[{"value":1468,"label":"Pozosta\u0142e kluby polskie"}],"pa_homeawaythird":[{"value":1598,"label":"Away"}],"pa_rozmiar":[{"value":1819,"label":"XXL"}]},"featured_image_src_large":["https:\/\/footballthrift.shop\/wp-content\/uploads\/2023\/08\/PhotoRoom_034_20230716_193643-1024x1024.png",1024,1024,true],"author_info":[],"comment_info":"","_links":{"self":[{"href":"https:\/\/footballthrift.shop\/de\/wp-json\/wp\/v2\/product\/26717","targetHints":{"allow":["GET"]}}],"collection":[{"href":"https:\/\/footballthrift.shop\/de\/wp-json\/wp\/v2\/product"}],"about":[{"href":"https:\/\/footballthrift.shop\/de\/wp-json\/wp\/v2\/types\/product"}],"wp:featuredmedia":[{"embeddable":true,"href":"https:\/\/footballthrift.shop\/de\/wp-json\/wp\/v2\/media\/26824"}],"wp:attachment":[{"href":"https:\/\/footballthrift.shop\/de\/wp-json\/wp\/v2\/media?parent=26717"}],"wp:term":[{"taxonomy":"product_brand","embeddable":true,"href":"https:\/\/footballthrift.shop\/de\/wp-json\/wp\/v2\/product_brand?post=26717"},{"taxonomy":"product_cat","embeddable":true,"href":"https:\/\/footballthrift.shop\/de\/wp-json\/wp\/v2\/product_cat?post=26717"},{"taxonomy":"product_tag","embeddable":true,"href":"https:\/\/footballthrift.shop\/de\/wp-json\/wp\/v2\/product_tag?post=26717"}],"curies":[{"name":"wp","href":"https:\/\/api.w.org\/{rel}","templated":true}]}}