{"id":26270,"date":"2023-07-18T13:39:42","date_gmt":"2023-07-18T11:39:42","guid":{"rendered":"https:\/\/footballthrift.shop\/?post_type=product&#038;p=26270"},"modified":"2026-03-09T11:35:02","modified_gmt":"2026-03-09T10:35:02","slug":"koszulka-bramkarska-werder-brema-2007-08-1-wiese-l","status":"publish","type":"product","link":"https:\/\/footballthrift.shop\/de\/koszulka-bramkarska-werder-brema-2007-08-1-wiese-l\/","title":{"rendered":"Koszulka bramkarska Werder Brema 2007\/08 1 Wiese [L]"},"content":{"rendered":"<p><strong>Verein:<\/strong> Werder Bremen<\/p>\n<p><strong>Saison:<\/strong> 2007\/08<\/p>\n<p><strong>Gr\u00f6\u00dfe: <\/strong>L<\/p>\n<p><strong>Zustand:<\/strong> Schlecht - das Trikot hat viele dunkle Verschmutzungen aufgrund einer Besch\u00e4digung des Sponsorenaufdrucks.<\/p>\n<p><strong>Ma\u00dfe (Achselbreite\/L\u00e4nge) in cm: <\/strong>50\/68 (vorne), 72 (hinten)<\/p>\n<p><strong>Zus\u00e4tzliche Informationen:<\/strong> Das T-Shirt kann beim n\u00e4chsten Waschen aufgrund der schlechten Qualit\u00e4t der schwarzen Aufdrucke st\u00e4rker abf\u00e4rben, wir empfehlen, es nur zu Sammelzwecken zu verwenden.<\/p>","protected":false},"excerpt":{"rendered":"<p>Koszulka bramkarska Werder Brema 2007\/08 1 Wiese [L]<\/p>\n","protected":false},"featured_media":26645,"template":"","meta":{"_kad_blocks_custom_css":"","_kad_blocks_head_custom_js":"","_kad_blocks_body_custom_js":"","_kad_blocks_footer_custom_js":"","_kad_post_transparent":"default","_kad_post_title":"","_kad_post_layout":"default","_kad_post_sidebar_id":"","_kad_post_content_style":"default","_kad_post_vertical_padding":"default","_kad_post_feature":"","_kad_post_feature_position":"","_kad_post_header":false,"_kad_post_footer":false,"_kad_post_classname":""},"product_brand":[1290],"product_cat":[1486],"product_tag":[],"class_list":{"0":"post-26270","1":"product","2":"type-product","3":"status-publish","4":"has-post-thumbnail","6":"product_brand-kappa","7":"product_cat-kluby-niemieckie-werderbrema","8":"pa_rozmiar-l","10":"first","11":"instock","12":"taxable","13":"shipping-taxable","14":"purchasable","15":"product-type-simple","16":"entry","17":"content-bg","18":"loop-entry"},"taxonomy_info":{"product_brand":[{"value":1290,"label":"Kappa"}],"product_cat":[{"value":1486,"label":"Werder Brema"}],"pa_rozmiar":[{"value":1817,"label":"L"}]},"featured_image_src_large":["https:\/\/footballthrift.shop\/wp-content\/uploads\/2023\/07\/PhotoRoom_071_20230713_222653-1024x1024.png",1024,1024,true],"author_info":[],"comment_info":"","_links":{"self":[{"href":"https:\/\/footballthrift.shop\/de\/wp-json\/wp\/v2\/product\/26270","targetHints":{"allow":["GET"]}}],"collection":[{"href":"https:\/\/footballthrift.shop\/de\/wp-json\/wp\/v2\/product"}],"about":[{"href":"https:\/\/footballthrift.shop\/de\/wp-json\/wp\/v2\/types\/product"}],"wp:featuredmedia":[{"embeddable":true,"href":"https:\/\/footballthrift.shop\/de\/wp-json\/wp\/v2\/media\/26645"}],"wp:attachment":[{"href":"https:\/\/footballthrift.shop\/de\/wp-json\/wp\/v2\/media?parent=26270"}],"wp:term":[{"taxonomy":"product_brand","embeddable":true,"href":"https:\/\/footballthrift.shop\/de\/wp-json\/wp\/v2\/product_brand?post=26270"},{"taxonomy":"product_cat","embeddable":true,"href":"https:\/\/footballthrift.shop\/de\/wp-json\/wp\/v2\/product_cat?post=26270"},{"taxonomy":"product_tag","embeddable":true,"href":"https:\/\/footballthrift.shop\/de\/wp-json\/wp\/v2\/product_tag?post=26270"}],"curies":[{"name":"wp","href":"https:\/\/api.w.org\/{rel}","templated":true}]}}