{"id":23478,"date":"2023-06-27T11:45:32","date_gmt":"2023-06-27T09:45:32","guid":{"rendered":"https:\/\/footballthrift.shop\/test-55\/"},"modified":"2026-03-09T11:36:07","modified_gmt":"2026-03-09T10:36:07","slug":"prufung-55","status":"publish","type":"product","link":"https:\/\/footballthrift.shop\/de\/test-55\/","title":{"rendered":"Gremio 2007 Home 8 [XL]"},"content":{"rendered":"<p><strong>Verein:\u00a0<\/strong>Gremio<\/p>\n<p><strong>Saison:<\/strong> 2007 Heimat<\/p>\n<p><strong>Gr\u00f6\u00dfe:<\/strong> XL<\/p>\n<p><strong>Zustand:<\/strong> Zufriedenstellend - ein paar kleinere Risse, ein abgenutzter Gr\u00f6\u00dfenaufn\u00e4her im Nacken, rissige Sponsorenaufdrucke auf den \u00c4rmeln, ein abbl\u00e4tternder Banrisul\"-Schriftzug auf der Vorderseite und ein gro\u00dfes, aus der Mitte des Trikots geschnittenes Etikett.<\/p>\n<p><strong>Abmessungen (Achselbreite\/L\u00e4nge) in<\/strong>\u00a0<strong>cm:<\/strong> 59\/77<\/p>","protected":false},"excerpt":{"rendered":"<p>Gremio 2007 Home 8 [XL]<\/p>\n","protected":false},"featured_media":23464,"template":"","meta":{"_kad_blocks_custom_css":"","_kad_blocks_head_custom_js":"","_kad_blocks_body_custom_js":"","_kad_blocks_footer_custom_js":"","_kad_post_transparent":"","_kad_post_title":"","_kad_post_layout":"","_kad_post_sidebar_id":"","_kad_post_content_style":"","_kad_post_vertical_padding":"","_kad_post_feature":"","_kad_post_feature_position":"","_kad_post_header":false,"_kad_post_footer":false,"_kad_post_classname":""},"product_brand":[1287],"product_cat":[1419],"product_tag":[],"class_list":{"0":"post-23478","1":"product","2":"type-product","3":"status-publish","4":"has-post-thumbnail","6":"product_brand-puma","7":"product_cat-ameryka-poludniowa","8":"pa_rozmiar-xl","10":"first","11":"instock","12":"taxable","13":"shipping-taxable","14":"purchasable","15":"product-type-simple","16":"entry","17":"content-bg","18":"loop-entry"},"taxonomy_info":{"product_brand":[{"value":1287,"label":"Puma"}],"product_cat":[{"value":1419,"label":"Ameryka Po\u0142udniowa"}],"pa_rozmiar":[{"value":1818,"label":"XL"}]},"featured_image_src_large":["https:\/\/footballthrift.shop\/wp-content\/uploads\/2023\/06\/26337-Gremio-2007-Home-8-XL-1024x1024.jpg",1024,1024,true],"author_info":[],"comment_info":"","_links":{"self":[{"href":"https:\/\/footballthrift.shop\/de\/wp-json\/wp\/v2\/product\/23478","targetHints":{"allow":["GET"]}}],"collection":[{"href":"https:\/\/footballthrift.shop\/de\/wp-json\/wp\/v2\/product"}],"about":[{"href":"https:\/\/footballthrift.shop\/de\/wp-json\/wp\/v2\/types\/product"}],"wp:featuredmedia":[{"embeddable":true,"href":"https:\/\/footballthrift.shop\/de\/wp-json\/wp\/v2\/media\/23464"}],"wp:attachment":[{"href":"https:\/\/footballthrift.shop\/de\/wp-json\/wp\/v2\/media?parent=23478"}],"wp:term":[{"taxonomy":"product_brand","embeddable":true,"href":"https:\/\/footballthrift.shop\/de\/wp-json\/wp\/v2\/product_brand?post=23478"},{"taxonomy":"product_cat","embeddable":true,"href":"https:\/\/footballthrift.shop\/de\/wp-json\/wp\/v2\/product_cat?post=23478"},{"taxonomy":"product_tag","embeddable":true,"href":"https:\/\/footballthrift.shop\/de\/wp-json\/wp\/v2\/product_tag?post=23478"}],"curies":[{"name":"wp","href":"https:\/\/api.w.org\/{rel}","templated":true}]}}