{"id":23007,"date":"2023-06-06T15:19:47","date_gmt":"2023-06-06T13:19:47","guid":{"rendered":"https:\/\/footballthrift.shop\/test-12\/"},"modified":"2026-03-09T11:36:14","modified_gmt":"2026-03-09T10:36:14","slug":"test-12","status":"publish","type":"product","link":"https:\/\/footballthrift.shop\/de\/test-12\/","title":{"rendered":"Celtic FC 2012\/13 Third [L]"},"content":{"rendered":"<p><strong>Verein: <\/strong>Celtic FC<\/p>\n<p><strong>Saison: <\/strong>2012\/13 Dritter<\/p>\n<p><strong>Gr\u00f6\u00dfe: <\/strong>L<\/p>\n<p><strong>Zustand: <\/strong>Ausgezeichnet<\/p>\n<p><strong>Ma\u00dfe (Achselbreite\/L\u00e4nge) in cm: <\/strong>52\/73<\/p>\n<p><strong>Zus\u00e4tzliche Informationen: <\/strong>Ein seltenes Celtic-Trikot, das anl\u00e4sslich des 125-j\u00e4hrigen Vereinsjubil\u00e4ums herausgegeben wurde. Es ist dem ersten Trikot des Vereins von 1888 nachempfunden und zeigt anstelle des Wappens ein keltisches Kreuz.<\/p>","protected":false},"excerpt":{"rendered":"<p>Celtic FC 2012\/13 Third [L]<\/p>\n","protected":false},"featured_media":22999,"template":"","meta":{"_kad_blocks_custom_css":"","_kad_blocks_head_custom_js":"","_kad_blocks_body_custom_js":"","_kad_blocks_footer_custom_js":"","_kad_post_transparent":"","_kad_post_title":"","_kad_post_layout":"","_kad_post_sidebar_id":"","_kad_post_content_style":"","_kad_post_vertical_padding":"","_kad_post_feature":"","_kad_post_feature_position":"","_kad_post_header":false,"_kad_post_footer":false,"_kad_post_classname":""},"product_brand":[1284],"product_cat":[1434,1491],"product_tag":[],"class_list":{"0":"post-23007","1":"product","2":"type-product","3":"status-publish","4":"has-post-thumbnail","6":"product_brand-nike","7":"product_cat-europa","8":"product_cat-kluby-szkockie","9":"pa_homeawaythird-third","10":"pa_rozmiar-l","12":"first","13":"instock","14":"taxable","15":"shipping-taxable","16":"purchasable","17":"product-type-simple","18":"entry","19":"content-bg","20":"loop-entry"},"taxonomy_info":{"product_brand":[{"value":1284,"label":"Nike"}],"product_cat":[{"value":1434,"label":"Kluby Europejskie"},{"value":1491,"label":"Szkocja"}],"pa_homeawaythird":[{"value":1599,"label":"Third"}],"pa_rozmiar":[{"value":1817,"label":"L"}]},"featured_image_src_large":["https:\/\/footballthrift.shop\/wp-content\/uploads\/2023\/06\/25866-Celtic-FC-201213-Third-L-1024x1024.jpg",1024,1024,true],"author_info":[],"comment_info":"","_links":{"self":[{"href":"https:\/\/footballthrift.shop\/de\/wp-json\/wp\/v2\/product\/23007","targetHints":{"allow":["GET"]}}],"collection":[{"href":"https:\/\/footballthrift.shop\/de\/wp-json\/wp\/v2\/product"}],"about":[{"href":"https:\/\/footballthrift.shop\/de\/wp-json\/wp\/v2\/types\/product"}],"wp:featuredmedia":[{"embeddable":true,"href":"https:\/\/footballthrift.shop\/de\/wp-json\/wp\/v2\/media\/22999"}],"wp:attachment":[{"href":"https:\/\/footballthrift.shop\/de\/wp-json\/wp\/v2\/media?parent=23007"}],"wp:term":[{"taxonomy":"product_brand","embeddable":true,"href":"https:\/\/footballthrift.shop\/de\/wp-json\/wp\/v2\/product_brand?post=23007"},{"taxonomy":"product_cat","embeddable":true,"href":"https:\/\/footballthrift.shop\/de\/wp-json\/wp\/v2\/product_cat?post=23007"},{"taxonomy":"product_tag","embeddable":true,"href":"https:\/\/footballthrift.shop\/de\/wp-json\/wp\/v2\/product_tag?post=23007"}],"curies":[{"name":"wp","href":"https:\/\/api.w.org\/{rel}","templated":true}]}}