{"id":22979,"date":"2023-06-04T19:16:08","date_gmt":"2023-06-04T17:16:08","guid":{"rendered":"https:\/\/footballthrift.shop\/test-9\/"},"modified":"2026-03-09T11:36:14","modified_gmt":"2026-03-09T10:36:14","slug":"test-9","status":"publish","type":"product","link":"https:\/\/footballthrift.shop\/de\/test-9\/","title":{"rendered":"Granada CF 2012\/13 Home [XL]"},"content":{"rendered":"<p><strong>Verein: <\/strong>Granada CF<\/p>\n<p><strong>Saison: <\/strong>2012\/13 Startseite<\/p>\n<p><strong>Gr\u00f6\u00dfe: <\/strong>XL<\/p>\n<p><strong>Zustand: Ausgezeichnet<\/strong><\/p>\n<p><strong>Ma\u00dfe (Achselbreite\/L\u00e4nge) in cm: <\/strong>57\/75<\/p>\n<p><strong>Zus\u00e4tzliche Informationen: <\/strong>Ein Prototyp des Trikots, der jedoch nie in der ersten Mannschaft von Granada zum Einsatz kam, da sich der Verein f\u00fcr Luanvi entschied.<\/p>","protected":false},"excerpt":{"rendered":"<p>Granada CF 2012\/13 Home [XL]<\/p>\n","protected":false},"featured_media":22971,"template":"","meta":{"_kad_blocks_custom_css":"","_kad_blocks_head_custom_js":"","_kad_blocks_body_custom_js":"","_kad_blocks_footer_custom_js":"","_kad_post_transparent":"","_kad_post_title":"","_kad_post_layout":"","_kad_post_sidebar_id":"","_kad_post_content_style":"","_kad_post_vertical_padding":"","_kad_post_feature":"","_kad_post_feature_position":"","_kad_post_header":false,"_kad_post_footer":false,"_kad_post_classname":""},"product_brand":[1308],"product_cat":[1432,1472],"product_tag":[],"class_list":{"0":"post-22979","1":"product","2":"type-product","3":"status-publish","4":"has-post-thumbnail","6":"product_brand-legea","7":"product_cat-hiszpania","8":"product_cat-pozostale-kluby-hiszpanskie","9":"pa_homeawaythird-home","10":"pa_rozmiar-xl","12":"first","13":"instock","14":"taxable","15":"shipping-taxable","16":"purchasable","17":"product-type-simple","18":"entry","19":"content-bg","20":"loop-entry"},"taxonomy_info":{"product_brand":[{"value":1308,"label":"Legea"}],"product_cat":[{"value":1432,"label":"Kluby Hiszpa\u0144skie"},{"value":1472,"label":"Pozosta\u0142e kluby hiszpa\u0144skie"}],"pa_homeawaythird":[{"value":1597,"label":"Home"}],"pa_rozmiar":[{"value":1818,"label":"XL"}]},"featured_image_src_large":["https:\/\/footballthrift.shop\/wp-content\/uploads\/2023\/06\/25841-Granada-CF-201213-Home-XL-1024x1024.jpg",1024,1024,true],"author_info":[],"comment_info":"","_links":{"self":[{"href":"https:\/\/footballthrift.shop\/de\/wp-json\/wp\/v2\/product\/22979","targetHints":{"allow":["GET"]}}],"collection":[{"href":"https:\/\/footballthrift.shop\/de\/wp-json\/wp\/v2\/product"}],"about":[{"href":"https:\/\/footballthrift.shop\/de\/wp-json\/wp\/v2\/types\/product"}],"wp:featuredmedia":[{"embeddable":true,"href":"https:\/\/footballthrift.shop\/de\/wp-json\/wp\/v2\/media\/22971"}],"wp:attachment":[{"href":"https:\/\/footballthrift.shop\/de\/wp-json\/wp\/v2\/media?parent=22979"}],"wp:term":[{"taxonomy":"product_brand","embeddable":true,"href":"https:\/\/footballthrift.shop\/de\/wp-json\/wp\/v2\/product_brand?post=22979"},{"taxonomy":"product_cat","embeddable":true,"href":"https:\/\/footballthrift.shop\/de\/wp-json\/wp\/v2\/product_cat?post=22979"},{"taxonomy":"product_tag","embeddable":true,"href":"https:\/\/footballthrift.shop\/de\/wp-json\/wp\/v2\/product_tag?post=22979"}],"curies":[{"name":"wp","href":"https:\/\/api.w.org\/{rel}","templated":true}]}}