{"id":21408,"date":"2023-05-05T16:09:19","date_gmt":"2023-05-05T14:09:19","guid":{"rendered":"https:\/\/footballthrift.shop\/player-issue-cagliari-2011-12-home-m\/"},"modified":"2026-03-09T11:36:26","modified_gmt":"2026-03-09T10:36:26","slug":"spieler-ausgabe-cagliari-2011-12-heim-m","status":"publish","type":"product","link":"https:\/\/footballthrift.shop\/de\/player-issue-cagliari-2011-12-home-m\/","title":{"rendered":"AUTHENTIC Cagliari 2011\/12 Home [M]"},"content":{"rendered":"<p><strong>Verein: <\/strong>Cagliari<\/p>\n<p><strong>Saison: <\/strong>2011\/12 Startseite<\/p>\n<p><strong>Gr\u00f6\u00dfe: <\/strong>M<\/p>\n<p><strong>Zustand: <\/strong>Sehr gut - minimales Abbl\u00e4ttern des Kappa-Logos auf dem \u00c4rmel und ein paar Mikron\u00e4hte.<\/p>\n<p><strong>Ma\u00dfe (Achselbreite\/L\u00e4nge) in cm: <\/strong>45\/67<\/p>","protected":false},"excerpt":{"rendered":"<p>PLAYER ISSUE Cagliari 2011\/12 Home [M]<\/p>\n","protected":false},"featured_media":21401,"template":"","meta":{"_kad_blocks_custom_css":"","_kad_blocks_head_custom_js":"","_kad_blocks_body_custom_js":"","_kad_blocks_footer_custom_js":"","_kad_post_transparent":"","_kad_post_title":"","_kad_post_layout":"","_kad_post_sidebar_id":"","_kad_post_content_style":"","_kad_post_vertical_padding":"","_kad_post_feature":"","_kad_post_feature_position":"","_kad_post_header":false,"_kad_post_footer":false,"_kad_post_classname":""},"product_brand":[1290],"product_cat":[1431,1480],"product_tag":[],"class_list":{"0":"post-21408","1":"product","2":"type-product","3":"status-publish","4":"has-post-thumbnail","6":"product_brand-kappa","7":"product_cat-wlochy","8":"product_cat-pozostale-kluby-wloskie","9":"pa_dodatkoweinformacje-playerissue","10":"pa_homeawaythird-home","11":"pa_rozmiar-m","12":"pa_sezon-1498","14":"first","15":"instock","16":"taxable","17":"shipping-taxable","18":"purchasable","19":"product-type-simple","20":"entry","21":"content-bg","22":"loop-entry"},"taxonomy_info":{"product_brand":[{"value":1290,"label":"Kappa"}],"product_cat":[{"value":1431,"label":"Kluby W\u0142oskie"},{"value":1480,"label":"Pozosta\u0142e kluby w\u0142oskie"}],"pa_dodatkoweinformacje":[{"value":1834,"label":"PLAYER ISSUE"}],"pa_homeawaythird":[{"value":1597,"label":"Home"}],"pa_rozmiar":[{"value":1816,"label":"M"}],"pa_sezon":[{"value":1498,"label":"2011\/12"}]},"featured_image_src_large":["https:\/\/footballthrift.shop\/wp-content\/uploads\/2023\/05\/24217-PLAYER-ISSUE-Cagliari-201112-Home-M-1024x1024.jpg",1024,1024,true],"author_info":[],"comment_info":"","_links":{"self":[{"href":"https:\/\/footballthrift.shop\/de\/wp-json\/wp\/v2\/product\/21408","targetHints":{"allow":["GET"]}}],"collection":[{"href":"https:\/\/footballthrift.shop\/de\/wp-json\/wp\/v2\/product"}],"about":[{"href":"https:\/\/footballthrift.shop\/de\/wp-json\/wp\/v2\/types\/product"}],"wp:featuredmedia":[{"embeddable":true,"href":"https:\/\/footballthrift.shop\/de\/wp-json\/wp\/v2\/media\/21401"}],"wp:attachment":[{"href":"https:\/\/footballthrift.shop\/de\/wp-json\/wp\/v2\/media?parent=21408"}],"wp:term":[{"taxonomy":"product_brand","embeddable":true,"href":"https:\/\/footballthrift.shop\/de\/wp-json\/wp\/v2\/product_brand?post=21408"},{"taxonomy":"product_cat","embeddable":true,"href":"https:\/\/footballthrift.shop\/de\/wp-json\/wp\/v2\/product_cat?post=21408"},{"taxonomy":"product_tag","embeddable":true,"href":"https:\/\/footballthrift.shop\/de\/wp-json\/wp\/v2\/product_tag?post=21408"}],"curies":[{"name":"wp","href":"https:\/\/api.w.org\/{rel}","templated":true}]}}