{"id":20449,"date":"2023-04-13T18:00:57","date_gmt":"2023-04-13T16:00:57","guid":{"rendered":"https:\/\/footballthrift.shop\/bnwt-koszulka-okolicznosciowa-manchester-city-2019-20-home-l\/"},"modified":"2026-03-09T11:36:33","modified_gmt":"2026-03-09T10:36:33","slug":"bnwt-koszulka-okolicznosciowa-manchester-city-2019-20-home-l","status":"publish","type":"product","link":"https:\/\/footballthrift.shop\/de\/bnwt-koszulka-okolicznosciowa-manchester-city-2019-20-home-l\/","title":{"rendered":"BNWT Koszulka okoliczno\u015bciowa Manchester City 2019\/20 Home [L]"},"content":{"rendered":"<p><strong>Verein: <\/strong>Manchester City<\/p>\n<p><strong>Saison: <\/strong>2019\/20 Heim<\/p>\n<p><strong>Gr\u00f6\u00dfe: <\/strong>L<\/p>\n<p><strong>Zustand: <\/strong>BNWT - T-Shirt neu mit Tags - hat jedoch zwei Flecken auf dem Stoff.<\/p>\n<p><strong>Ma\u00dfe (Achselbreite\/L\u00e4nge) in cm: <\/strong>57\/74<\/p>\n<p><strong>Zus\u00e4tzliche Informationen:<\/strong> Ein Gedenktrikot, das anl\u00e4sslich des 125-j\u00e4hrigen Bestehens des Vereins herausgegeben wurde. Die \"Citizens\" spielten einmal in diesem Trikot, und zwar in einem Spiel des Community Shield gegen Liverpool, das sie nach einem Unentschieden in der regul\u00e4ren Spielzeit mit 5:4 nach Elfmeterschie\u00dfen gewannen. Die authentische Version des Trikots war auf 1.894 St\u00fcck limitiert; die Replik, wie dieses hier, konnte unbegrenzt erworben werden.<\/p>","protected":false},"excerpt":{"rendered":"<p>BNWT Koszulka okoliczno\u015bciowa Manchester City 2019\/20 Home [L]<\/p>\n","protected":false},"featured_media":20437,"template":"","meta":{"_kad_blocks_custom_css":"","_kad_blocks_head_custom_js":"","_kad_blocks_body_custom_js":"","_kad_blocks_footer_custom_js":"","_kad_post_transparent":"","_kad_post_title":"","_kad_post_layout":"","_kad_post_sidebar_id":"","_kad_post_content_style":"","_kad_post_vertical_padding":"","_kad_post_feature":"","_kad_post_feature_position":"","_kad_post_header":false,"_kad_post_footer":false,"_kad_post_classname":""},"product_brand":[1287],"product_cat":[2033,1413,1470],"product_tag":[],"class_list":{"0":"post-20449","1":"product","2":"type-product","3":"status-publish","4":"has-post-thumbnail","6":"product_brand-puma","7":"product_cat-bnwt","8":"product_cat-anglia","9":"product_cat-manchester-city","10":"pa_dodatkoweinformacje-bnwtkoszulkaokolicznosciowa","11":"pa_homeawaythird-home","12":"pa_rozmiar-l","13":"pa_sezon-1520","15":"first","16":"instock","17":"taxable","18":"shipping-taxable","19":"purchasable","20":"product-type-simple","21":"entry","22":"content-bg","23":"loop-entry"},"taxonomy_info":{"product_brand":[{"value":1287,"label":"Puma"}],"product_cat":[{"value":2033,"label":"BNWT"},{"value":1413,"label":"Kluby Angielskie"},{"value":1470,"label":"Manchester City"}],"pa_dodatkoweinformacje":[{"value":1868,"label":"BNWT Koszulka okoliczno\u015bciowa"}],"pa_homeawaythird":[{"value":1597,"label":"Home"}],"pa_rozmiar":[{"value":1817,"label":"L"}],"pa_sezon":[{"value":1520,"label":"2019\/20"}]},"featured_image_src_large":["https:\/\/footballthrift.shop\/wp-content\/uploads\/2023\/04\/23036-BNWT-Koszulka-okolicznosciowa-Manchester-City-201920-Home-L-1024x1024.jpg",1024,1024,true],"author_info":[],"comment_info":"","_links":{"self":[{"href":"https:\/\/footballthrift.shop\/de\/wp-json\/wp\/v2\/product\/20449","targetHints":{"allow":["GET"]}}],"collection":[{"href":"https:\/\/footballthrift.shop\/de\/wp-json\/wp\/v2\/product"}],"about":[{"href":"https:\/\/footballthrift.shop\/de\/wp-json\/wp\/v2\/types\/product"}],"wp:featuredmedia":[{"embeddable":true,"href":"https:\/\/footballthrift.shop\/de\/wp-json\/wp\/v2\/media\/20437"}],"wp:attachment":[{"href":"https:\/\/footballthrift.shop\/de\/wp-json\/wp\/v2\/media?parent=20449"}],"wp:term":[{"taxonomy":"product_brand","embeddable":true,"href":"https:\/\/footballthrift.shop\/de\/wp-json\/wp\/v2\/product_brand?post=20449"},{"taxonomy":"product_cat","embeddable":true,"href":"https:\/\/footballthrift.shop\/de\/wp-json\/wp\/v2\/product_cat?post=20449"},{"taxonomy":"product_tag","embeddable":true,"href":"https:\/\/footballthrift.shop\/de\/wp-json\/wp\/v2\/product_tag?post=20449"}],"curies":[{"name":"wp","href":"https:\/\/api.w.org\/{rel}","templated":true}]}}