{"id":20232,"date":"2023-04-13T18:00:42","date_gmt":"2023-04-13T16:00:42","guid":{"rendered":"https:\/\/footballthrift.shop\/karlsruher-sc-2012-13-home-van-der-biezen-m\/"},"modified":"2026-03-09T11:36:34","modified_gmt":"2026-03-09T10:36:34","slug":"karlsruher-sc-2012-13-heim-van-der-biezen-m","status":"publish","type":"product","link":"https:\/\/footballthrift.shop\/de\/karlsruher-sc-2012-13-home-van-der-biezen-m\/","title":{"rendered":"Karlsruher SC 2012\/13 Home Van Der Biezen [M]"},"content":{"rendered":"<p><strong>Verein: <\/strong>Karlsruher SC<\/p>\n<p><strong>Spieler: <\/strong>Van der Biezen<\/p>\n<p><strong>Saison: <\/strong>2012\/13 Startseite<\/p>\n<p><strong>Gr\u00f6\u00dfe: <\/strong>M<\/p>\n<p><strong>Zustand: <\/strong>Zufriedenstellend - abgenutztes Gr\u00f6\u00dfenetikett, zwei leichte Flecken, stark eingerissene Nummer und Name auf der R\u00fcckseite.<\/p>\n<p><strong>Ma\u00dfe (Achselbreite\/L\u00e4nge) in cm: <\/strong>51\/66(vorne), 69(hinten)<\/p>","protected":false},"excerpt":{"rendered":"<p>Karlsruher SC 2012\/13 Home Van Der Biezen [M]<\/p>\n","protected":false},"featured_media":20220,"template":"","meta":{"_kad_blocks_custom_css":"","_kad_blocks_head_custom_js":"","_kad_blocks_body_custom_js":"","_kad_blocks_footer_custom_js":"","_kad_post_transparent":"","_kad_post_title":"","_kad_post_layout":"","_kad_post_sidebar_id":"","_kad_post_content_style":"","_kad_post_vertical_padding":"","_kad_post_feature":"","_kad_post_feature_position":"","_kad_post_header":false,"_kad_post_footer":false,"_kad_post_classname":""},"product_brand":[1288],"product_cat":[1427,1490],"product_tag":[],"class_list":{"0":"post-20232","1":"product","2":"type-product","3":"status-publish","4":"has-post-thumbnail","6":"product_brand-hummel","7":"product_cat-niemcy","8":"product_cat-pozostale-kluby-niemieckie","9":"pa_homeawaythird-home","10":"pa_napis-vanderbiezen","11":"pa_rozmiar-m","12":"pa_sezon-1515","14":"first","15":"instock","16":"taxable","17":"shipping-taxable","18":"purchasable","19":"product-type-simple","20":"entry","21":"content-bg","22":"loop-entry"},"taxonomy_info":{"product_brand":[{"value":1288,"label":"Hummel"}],"product_cat":[{"value":1427,"label":"Kluby Niemieckie"},{"value":1490,"label":"Pozosta\u0142e kluby niemieckie"}],"pa_homeawaythird":[{"value":1597,"label":"Home"}],"pa_napis":[{"value":1726,"label":"Van Der Biezen"}],"pa_rozmiar":[{"value":1816,"label":"M"}],"pa_sezon":[{"value":1515,"label":"2012\/13"}]},"featured_image_src_large":["https:\/\/footballthrift.shop\/wp-content\/uploads\/2023\/04\/22785-Karlsruher-SC-201213-Home-Van-Der-Biezen-M-1024x1024.jpg",1024,1024,true],"author_info":[],"comment_info":"","_links":{"self":[{"href":"https:\/\/footballthrift.shop\/de\/wp-json\/wp\/v2\/product\/20232","targetHints":{"allow":["GET"]}}],"collection":[{"href":"https:\/\/footballthrift.shop\/de\/wp-json\/wp\/v2\/product"}],"about":[{"href":"https:\/\/footballthrift.shop\/de\/wp-json\/wp\/v2\/types\/product"}],"wp:featuredmedia":[{"embeddable":true,"href":"https:\/\/footballthrift.shop\/de\/wp-json\/wp\/v2\/media\/20220"}],"wp:attachment":[{"href":"https:\/\/footballthrift.shop\/de\/wp-json\/wp\/v2\/media?parent=20232"}],"wp:term":[{"taxonomy":"product_brand","embeddable":true,"href":"https:\/\/footballthrift.shop\/de\/wp-json\/wp\/v2\/product_brand?post=20232"},{"taxonomy":"product_cat","embeddable":true,"href":"https:\/\/footballthrift.shop\/de\/wp-json\/wp\/v2\/product_cat?post=20232"},{"taxonomy":"product_tag","embeddable":true,"href":"https:\/\/footballthrift.shop\/de\/wp-json\/wp\/v2\/product_tag?post=20232"}],"curies":[{"name":"wp","href":"https:\/\/api.w.org\/{rel}","templated":true}]}}