{"id":20105,"date":"2023-04-06T20:32:31","date_gmt":"2023-04-06T18:32:31","guid":{"rendered":"https:\/\/footballthrift.shop\/fc-bayern-monachium-1995-97-home-18-klinsmann-xl-3\/"},"modified":"2026-03-09T11:36:35","modified_gmt":"2026-03-09T10:36:35","slug":"fc-bayern-monachium-1995-97-home-18-klinsmann-xl-3","status":"publish","type":"product","link":"https:\/\/footballthrift.shop\/de\/fc-bayern-monachium-1995-97-home-18-klinsmann-xl-3\/","title":{"rendered":"FC Bayern Monachium 1995\/97 Home 18 Klinsmann [XL]"},"content":{"rendered":"<p><strong>Verein: <\/strong>FC Bayern M\u00fcnchen<\/p>\n<p><strong>Spieler: <\/strong>18 Klinsmann<\/p>\n<p><strong>Saison: <\/strong>1995\/97 Heimat<\/p>\n<p><strong>Gr\u00f6\u00dfe: <\/strong>XL<\/p>\n<p><strong>Zustand: <\/strong>Schlecht - das Trikot hat kleine Risse, einen verschmutzten Sponsorenaufdruck und einen zerfledderten Namen und eine Nummer auf dem R\u00fccken.<\/p>\n<p><strong>Ma\u00dfe (Achselbreite\/L\u00e4nge) in cm: <\/strong>59\/77<\/p>\n<p><strong>Zus\u00e4tzliche Informationen:<\/strong> J\u00fcrgen Klinsmann spielte zwischen 1995 und 1997 f\u00fcr Bayern M\u00fcnchen. In dieser Zeit verhalf er den Bayern zum Gewinn der deutschen Meisterschaft und des UEFA-Pokals. Klinsmann war bekannt f\u00fcr seine Schnelligkeit, Beweglichkeit und Torgef\u00e4hrlichkeit.<\/p><\/p>","protected":false},"excerpt":{"rendered":"<p>FC Bayern Monachium 1995\/97 Home 18 Klinsmann [XL]<\/p>\n","protected":false},"featured_media":20093,"template":"","meta":{"_kad_blocks_custom_css":"","_kad_blocks_head_custom_js":"","_kad_blocks_body_custom_js":"","_kad_blocks_footer_custom_js":"","_kad_post_transparent":"","_kad_post_title":"","_kad_post_layout":"","_kad_post_sidebar_id":"","_kad_post_content_style":"","_kad_post_vertical_padding":"","_kad_post_feature":"","_kad_post_feature_position":"","_kad_post_header":false,"_kad_post_footer":false,"_kad_post_classname":""},"product_brand":[1283],"product_cat":[1455,1427],"product_tag":[],"class_list":{"0":"post-20105","1":"product","2":"type-product","3":"status-publish","4":"has-post-thumbnail","6":"product_brand-adidas","7":"product_cat-kluby-niemieckie-fcbayernmonachium","8":"product_cat-niemcy","9":"pa_homeawaythird-home","10":"pa_napis-klinsmann","11":"pa_numer-1893","12":"pa_rozmiar-xl","13":"pa_sezon-1566","15":"first","16":"instock","17":"taxable","18":"shipping-taxable","19":"purchasable","20":"product-type-simple","21":"entry","22":"content-bg","23":"loop-entry"},"taxonomy_info":{"product_brand":[{"value":1283,"label":"Adidas"}],"product_cat":[{"value":1455,"label":"FC Bayern Monachium"},{"value":1427,"label":"Kluby Niemieckie"}],"pa_homeawaythird":[{"value":1597,"label":"Home"}],"pa_napis":[{"value":1670,"label":"Klinsmann"}],"pa_numer":[{"value":1893,"label":"18"}],"pa_rozmiar":[{"value":1818,"label":"XL"}],"pa_sezon":[{"value":1566,"label":"1995\/97"}]},"featured_image_src_large":["https:\/\/footballthrift.shop\/wp-content\/uploads\/2023\/04\/22426-FC-Bayern-Monachium-199597-Home-18-Klinsmann-XL-1024x1024.jpg",1024,1024,true],"author_info":[],"comment_info":"","_links":{"self":[{"href":"https:\/\/footballthrift.shop\/de\/wp-json\/wp\/v2\/product\/20105","targetHints":{"allow":["GET"]}}],"collection":[{"href":"https:\/\/footballthrift.shop\/de\/wp-json\/wp\/v2\/product"}],"about":[{"href":"https:\/\/footballthrift.shop\/de\/wp-json\/wp\/v2\/types\/product"}],"wp:featuredmedia":[{"embeddable":true,"href":"https:\/\/footballthrift.shop\/de\/wp-json\/wp\/v2\/media\/20093"}],"wp:attachment":[{"href":"https:\/\/footballthrift.shop\/de\/wp-json\/wp\/v2\/media?parent=20105"}],"wp:term":[{"taxonomy":"product_brand","embeddable":true,"href":"https:\/\/footballthrift.shop\/de\/wp-json\/wp\/v2\/product_brand?post=20105"},{"taxonomy":"product_cat","embeddable":true,"href":"https:\/\/footballthrift.shop\/de\/wp-json\/wp\/v2\/product_cat?post=20105"},{"taxonomy":"product_tag","embeddable":true,"href":"https:\/\/footballthrift.shop\/de\/wp-json\/wp\/v2\/product_tag?post=20105"}],"curies":[{"name":"wp","href":"https:\/\/api.w.org\/{rel}","templated":true}]}}