{"id":20068,"date":"2023-04-06T20:32:26","date_gmt":"2023-04-06T18:32:26","guid":{"rendered":"https:\/\/footballthrift.shop\/fc-bayern-monachium-2002-03-home-7-scholl-xl\/"},"modified":"2026-03-09T11:37:05","modified_gmt":"2026-03-09T10:37:05","slug":"fc-bayern-monachium-2002-03-home-7-scholl-xl","status":"publish","type":"product","link":"https:\/\/footballthrift.shop\/de\/fc-bayern-monachium-2002-03-home-7-scholl-xl\/","title":{"rendered":"FC Bayern Monachium 2001\/02 Home 7 Scholl [XL]"},"content":{"rendered":"<p><strong>Verein: <\/strong>FC Bayern M\u00fcnchen<\/p>\n<p><strong>Spieler: <\/strong>7 Scholl<\/p>\n<p><strong>Saison: <\/strong>2001\/02 Startseite<\/p>\n<p><strong>Gr\u00f6\u00dfe: <\/strong>XL<\/p>\n<p><strong>Zustand: <\/strong>Sehr gut - ein paar Mikrostiche.<\/p>\n<p><strong>Ma\u00dfe (Achselbreite\/L\u00e4nge) in cm: <\/strong>59\/75<\/p>\n<p><strong>Zus\u00e4tzliche Informationen:<\/strong> Mehmet Scholl kam 1992 zu Bayern M\u00fcnchen und wurde schnell zu einem wichtigen Spieler f\u00fcr die Mannschaft. In seiner Karriere gewann er viele Troph\u00e4en, darunter acht deutsche Meisterschaften, f\u00fcnf deutsche Pokale und die UEFA Champions League. Scholl war auch ein wichtiger Spieler f\u00fcr die deutsche Nationalmannschaft, mit der er 1996 die Europameisterschaft gewann. Im Jahr 2007 beendete er seine Karriere als Vereinslegende.<\/p><\/p>","protected":false},"excerpt":{"rendered":"<p>FC Bayern Monachium 2001\/02 \u00a0Home 7 Scholl [XL]<\/p>\n","protected":false},"featured_media":20059,"template":"","meta":{"_kad_blocks_custom_css":"","_kad_blocks_head_custom_js":"","_kad_blocks_body_custom_js":"","_kad_blocks_footer_custom_js":"","_kad_post_transparent":"","_kad_post_title":"","_kad_post_layout":"","_kad_post_sidebar_id":"","_kad_post_content_style":"","_kad_post_vertical_padding":"","_kad_post_feature":"","_kad_post_feature_position":"","_kad_post_header":false,"_kad_post_footer":false,"_kad_post_classname":""},"product_brand":[1283],"product_cat":[1455,1427],"product_tag":[],"class_list":{"0":"post-20068","1":"product","2":"type-product","3":"status-publish","4":"has-post-thumbnail","6":"product_brand-adidas","7":"product_cat-kluby-niemieckie-fcbayernmonachium","8":"product_cat-niemcy","9":"pa_homeawaythird-home","10":"pa_napis-scholl","11":"pa_numer-1875","12":"pa_rozmiar-xl","13":"pa_sezon-1504","15":"first","16":"instock","17":"taxable","18":"shipping-taxable","19":"purchasable","20":"product-type-simple","21":"entry","22":"content-bg","23":"loop-entry"},"taxonomy_info":{"product_brand":[{"value":1283,"label":"Adidas"}],"product_cat":[{"value":1455,"label":"FC Bayern Monachium"},{"value":1427,"label":"Kluby Niemieckie"}],"pa_homeawaythird":[{"value":1597,"label":"Home"}],"pa_napis":[{"value":1672,"label":"Scholl"}],"pa_numer":[{"value":1875,"label":"7"}],"pa_rozmiar":[{"value":1818,"label":"XL"}],"pa_sezon":[{"value":1504,"label":"2002\/03"}]},"featured_image_src_large":["https:\/\/footballthrift.shop\/wp-content\/uploads\/2023\/04\/22497-FC-Bayern-Monachium-200102-Home-7-Scholl-XL-1024x1024.jpg",1024,1024,true],"author_info":[],"comment_info":"","_links":{"self":[{"href":"https:\/\/footballthrift.shop\/de\/wp-json\/wp\/v2\/product\/20068","targetHints":{"allow":["GET"]}}],"collection":[{"href":"https:\/\/footballthrift.shop\/de\/wp-json\/wp\/v2\/product"}],"about":[{"href":"https:\/\/footballthrift.shop\/de\/wp-json\/wp\/v2\/types\/product"}],"wp:featuredmedia":[{"embeddable":true,"href":"https:\/\/footballthrift.shop\/de\/wp-json\/wp\/v2\/media\/20059"}],"wp:attachment":[{"href":"https:\/\/footballthrift.shop\/de\/wp-json\/wp\/v2\/media?parent=20068"}],"wp:term":[{"taxonomy":"product_brand","embeddable":true,"href":"https:\/\/footballthrift.shop\/de\/wp-json\/wp\/v2\/product_brand?post=20068"},{"taxonomy":"product_cat","embeddable":true,"href":"https:\/\/footballthrift.shop\/de\/wp-json\/wp\/v2\/product_cat?post=20068"},{"taxonomy":"product_tag","embeddable":true,"href":"https:\/\/footballthrift.shop\/de\/wp-json\/wp\/v2\/product_tag?post=20068"}],"curies":[{"name":"wp","href":"https:\/\/api.w.org\/{rel}","templated":true}]}}