{"id":19928,"date":"2023-04-01T17:49:58","date_gmt":"2023-04-01T15:49:58","guid":{"rendered":"https:\/\/footballthrift.shop\/psv-eindhoven-2011-13-away-10-wijnaldum-l\/"},"modified":"2026-03-09T11:37:06","modified_gmt":"2026-03-09T10:37:06","slug":"psv-eindhoven-2011-13-away-10-wijnaldum-l","status":"publish","type":"product","link":"https:\/\/footballthrift.shop\/de\/psv-eindhoven-2011-13-away-10-wijnaldum-l\/","title":{"rendered":"PSV Eindhoven 2011\/13 Away 10 Wijnaldum [L]"},"content":{"rendered":"<p><strong>Verein: <\/strong>PSV Eindhoven<\/p>\n<p><strong>Spieler: <\/strong>10 Wijnaldum<\/p>\n<p><strong>Saison: <\/strong>2011\/13 Ausw\u00e4rts<\/p>\n<p><strong>Gr\u00f6\u00dfe: <\/strong>L<\/p>\n<p><strong>Zustand: <\/strong>Gut - abgesehen von dem abgeschnittenen Material auf der Vorderseite des T-Shirts, hat es keine weiteren M\u00e4ngel.<\/p>\n<p><strong>Ma\u00dfe (Achselbreite\/L\u00e4nge) in cm: <\/strong>55\/78<\/p>\n<p><strong>Zus\u00e4tzliche Informationen:<\/strong> Georginio Wijnaldum ist ein niederl\u00e4ndischer Fu\u00dfballspieler, der seine Karriere beim PSV Eindhoven begann. Er spielte zwischen 2011 und 2015 f\u00fcr den Verein und gewann mit ihm zwei niederl\u00e4ndische Meisterschaften. Wijnaldum war einer der besten Spieler von PSV und erzielte in der Saison 2014\/15 14 Tore.<\/p>","protected":false},"excerpt":{"rendered":"<p>PSV Eindhoven 2011\/13 Away 10 Wijnaldum [L]<\/p>\n","protected":false},"featured_media":19919,"template":"","meta":{"_kad_blocks_custom_css":"","_kad_blocks_head_custom_js":"","_kad_blocks_body_custom_js":"","_kad_blocks_footer_custom_js":"","_kad_post_transparent":"","_kad_post_title":"","_kad_post_layout":"","_kad_post_sidebar_id":"","_kad_post_content_style":"","_kad_post_vertical_padding":"","_kad_post_feature":"","_kad_post_feature_position":"","_kad_post_header":false,"_kad_post_footer":false,"_kad_post_classname":""},"product_brand":[1284],"product_cat":[1466,1434],"product_tag":[],"class_list":{"0":"post-19928","1":"product","2":"type-product","3":"status-publish","4":"has-post-thumbnail","6":"product_brand-nike","7":"product_cat-belgia-holandia","8":"product_cat-europa","9":"pa_homeawaythird-away","10":"pa_napis-wijnaldum","11":"pa_numer-1881","12":"pa_rozmiar-l","13":"pa_sezon-1530","15":"first","16":"instock","17":"taxable","18":"shipping-taxable","19":"purchasable","20":"product-type-simple","21":"entry","22":"content-bg","23":"loop-entry"},"taxonomy_info":{"product_brand":[{"value":1284,"label":"Nike"}],"product_cat":[{"value":1466,"label":"Belgia i Holandia"},{"value":1434,"label":"Kluby Europejskie"}],"pa_homeawaythird":[{"value":1598,"label":"Away"}],"pa_napis":[{"value":1711,"label":"Wijnaldum"}],"pa_numer":[{"value":1881,"label":"10"}],"pa_rozmiar":[{"value":1817,"label":"L"}],"pa_sezon":[{"value":1530,"label":"2011\/13"}]},"featured_image_src_large":["https:\/\/footballthrift.shop\/wp-content\/uploads\/2023\/04\/22027-PSV-Eindhoven-201113-Away-10-Wijnaldum-L-1024x1024.jpg",1024,1024,true],"author_info":[],"comment_info":"","_links":{"self":[{"href":"https:\/\/footballthrift.shop\/de\/wp-json\/wp\/v2\/product\/19928","targetHints":{"allow":["GET"]}}],"collection":[{"href":"https:\/\/footballthrift.shop\/de\/wp-json\/wp\/v2\/product"}],"about":[{"href":"https:\/\/footballthrift.shop\/de\/wp-json\/wp\/v2\/types\/product"}],"wp:featuredmedia":[{"embeddable":true,"href":"https:\/\/footballthrift.shop\/de\/wp-json\/wp\/v2\/media\/19919"}],"wp:attachment":[{"href":"https:\/\/footballthrift.shop\/de\/wp-json\/wp\/v2\/media?parent=19928"}],"wp:term":[{"taxonomy":"product_brand","embeddable":true,"href":"https:\/\/footballthrift.shop\/de\/wp-json\/wp\/v2\/product_brand?post=19928"},{"taxonomy":"product_cat","embeddable":true,"href":"https:\/\/footballthrift.shop\/de\/wp-json\/wp\/v2\/product_cat?post=19928"},{"taxonomy":"product_tag","embeddable":true,"href":"https:\/\/footballthrift.shop\/de\/wp-json\/wp\/v2\/product_tag?post=19928"}],"curies":[{"name":"wp","href":"https:\/\/api.w.org\/{rel}","templated":true}]}}