{"id":19598,"date":"2023-03-03T17:08:33","date_gmt":"2023-03-03T16:08:33","guid":{"rendered":"https:\/\/footballthrift.shop\/player-issue-borussia-dortmund-1999-00-home-23-evanilson-xl\/"},"modified":"2026-03-09T11:37:07","modified_gmt":"2026-03-09T10:37:07","slug":"player-issue-borussia-dortmund-1999-00-home-23-evanilson-xl","status":"publish","type":"product","link":"https:\/\/footballthrift.shop\/de\/player-issue-borussia-dortmund-1999-00-home-23-evanilson-xl\/","title":{"rendered":"PLAYER ISSUE Borussia Dortmund 1999\/00 Home 23 Evanilson [XL]"},"content":{"rendered":"<p><strong>Verein: <\/strong>Borussia Dortmund<\/p>\n<p><strong>Spieler: <\/strong>23 Evanilson<\/p>\n<p><strong>Saison: <\/strong>1999\/00 Startseite<\/p>\n<p><strong>Gr\u00f6\u00dfe: <\/strong>XL<\/p>\n<p><strong>Zustand: <\/strong>Sehr gut - Reibung an der R\u00fcckennummer und Verschmutzung am \u00c4rmel.<\/p>\n<p><strong>Ma\u00dfe (Achselbreite\/L\u00e4nge) in cm: <\/strong>61\/74<\/p>\n<p><strong>Zus\u00e4tzliche Informationen:<\/strong> Trikot in der Spielversion, das sich durch das Fehlen eines Gr\u00f6\u00dfenaufn\u00e4hers und des Schriftzugs \"Nike Fit\" am unteren Rand des Trikots auf der Vorderseite auszeichnet. Das Trikot hat nicht die Aufschrift \"Dortmund\" am unteren Rand des Trikots auf der R\u00fcckseite.\u00a0<\/p>","protected":false},"excerpt":{"rendered":"<p>PLAYER ISSUE Borussia Dortmund 1999\/00 Home 23 Evanilson [XL]<\/p>\n","protected":false},"featured_media":19588,"template":"","meta":{"_kad_blocks_custom_css":"","_kad_blocks_head_custom_js":"","_kad_blocks_body_custom_js":"","_kad_blocks_footer_custom_js":"","_kad_post_transparent":"","_kad_post_title":"","_kad_post_layout":"","_kad_post_sidebar_id":"","_kad_post_content_style":"","_kad_post_vertical_padding":"","_kad_post_feature":"","_kad_post_feature_position":"","_kad_post_header":false,"_kad_post_footer":false,"_kad_post_classname":""},"product_brand":[1284],"product_cat":[1438,1427],"product_tag":[],"class_list":{"0":"post-19598","1":"product","2":"type-product","3":"status-publish","4":"has-post-thumbnail","6":"product_brand-nike","7":"product_cat-kluby-niemieckie-borussiadortmund","8":"product_cat-niemcy","9":"pa_dodatkoweinformacje-playerissue","10":"pa_homeawaythird-home","11":"pa_napis-evanilson","12":"pa_numer-1887","13":"pa_rozmiar-xl","14":"pa_sezon-1542","16":"first","17":"instock","18":"taxable","19":"shipping-taxable","20":"purchasable","21":"product-type-simple","22":"entry","23":"content-bg","24":"loop-entry"},"taxonomy_info":{"product_brand":[{"value":1284,"label":"Nike"}],"product_cat":[{"value":1438,"label":"Borussia Dortmund"},{"value":1427,"label":"Kluby Niemieckie"}],"pa_dodatkoweinformacje":[{"value":1834,"label":"PLAYER ISSUE"}],"pa_homeawaythird":[{"value":1597,"label":"Home"}],"pa_napis":[{"value":1681,"label":"Evanilson"}],"pa_numer":[{"value":1887,"label":"23"}],"pa_rozmiar":[{"value":1818,"label":"XL"}],"pa_sezon":[{"value":1542,"label":"1999\/00"}]},"featured_image_src_large":["https:\/\/footballthrift.shop\/wp-content\/uploads\/2023\/03\/21310-PLAYER-ISSUE-Borussia-Dortmund-199900-Home-23-Evanilson-XL-1024x1024.jpg",1024,1024,true],"author_info":[],"comment_info":"","_links":{"self":[{"href":"https:\/\/footballthrift.shop\/de\/wp-json\/wp\/v2\/product\/19598","targetHints":{"allow":["GET"]}}],"collection":[{"href":"https:\/\/footballthrift.shop\/de\/wp-json\/wp\/v2\/product"}],"about":[{"href":"https:\/\/footballthrift.shop\/de\/wp-json\/wp\/v2\/types\/product"}],"wp:featuredmedia":[{"embeddable":true,"href":"https:\/\/footballthrift.shop\/de\/wp-json\/wp\/v2\/media\/19588"}],"wp:attachment":[{"href":"https:\/\/footballthrift.shop\/de\/wp-json\/wp\/v2\/media?parent=19598"}],"wp:term":[{"taxonomy":"product_brand","embeddable":true,"href":"https:\/\/footballthrift.shop\/de\/wp-json\/wp\/v2\/product_brand?post=19598"},{"taxonomy":"product_cat","embeddable":true,"href":"https:\/\/footballthrift.shop\/de\/wp-json\/wp\/v2\/product_cat?post=19598"},{"taxonomy":"product_tag","embeddable":true,"href":"https:\/\/footballthrift.shop\/de\/wp-json\/wp\/v2\/product_tag?post=19598"}],"curies":[{"name":"wp","href":"https:\/\/api.w.org\/{rel}","templated":true}]}}