{"id":19587,"date":"2023-03-03T17:08:32","date_gmt":"2023-03-03T16:08:32","guid":{"rendered":"https:\/\/footballthrift.shop\/borussia-dortmund-1998-00-home-17-dede-s\/"},"modified":"2026-03-09T11:37:07","modified_gmt":"2026-03-09T10:37:07","slug":"borussia-dortmund-1998-00-heim-17-dede-s","status":"publish","type":"product","link":"https:\/\/footballthrift.shop\/de\/borussia-dortmund-1998-00-home-17-dede-s\/","title":{"rendered":"Borussia Dortmund 1998\/00 Home 17 Dede [S]"},"content":{"rendered":"<p><strong>Verein: <\/strong>Borussia Dortmund<\/p>\n<p><strong>Spieler: <\/strong>17 Dede<\/p>\n<p><strong>Saison: <\/strong>1998\/00 Heimat<\/p>\n<p><strong>Gr\u00f6\u00dfe: <\/strong>S<\/p>\n<p><strong>Zustand: <\/strong>Schlecht - das Trikot hat einige kleine Stiche, eine leicht besch\u00e4digte Nummer '1\u2032 auf dem R\u00fccken und Schmutz auf dem R\u00fccken aufgrund einer teilweisen Besch\u00e4digung des \"Dortmund\"-Schriftzugs.<\/p>\n<p><strong>Ma\u00dfe (Achselbreite\/L\u00e4nge) in cm: <\/strong>50\/67(vorne), 70(hinten)<\/p>","protected":false},"excerpt":{"rendered":"<p>Borussia Dortmund 1998\/00 Home 17 Dede [S]<\/p>\n","protected":false},"featured_media":19576,"template":"","meta":{"_kad_blocks_custom_css":"","_kad_blocks_head_custom_js":"","_kad_blocks_body_custom_js":"","_kad_blocks_footer_custom_js":"","_kad_post_transparent":"","_kad_post_title":"","_kad_post_layout":"","_kad_post_sidebar_id":"","_kad_post_content_style":"","_kad_post_vertical_padding":"","_kad_post_feature":"","_kad_post_feature_position":"","_kad_post_header":false,"_kad_post_footer":false,"_kad_post_classname":""},"product_brand":[1284],"product_cat":[1438,1427],"product_tag":[],"class_list":{"0":"post-19587","1":"product","2":"type-product","3":"status-publish","4":"has-post-thumbnail","6":"product_brand-nike","7":"product_cat-kluby-niemieckie-borussiadortmund","8":"product_cat-niemcy","9":"pa_homeawaythird-home","10":"pa_location-filip","11":"pa_napis-dede","12":"pa_numer-1885","13":"pa_rozmiar-s","14":"pa_sezon-1508","16":"first","17":"instock","18":"taxable","19":"shipping-taxable","20":"purchasable","21":"product-type-simple","22":"entry","23":"content-bg","24":"loop-entry"},"taxonomy_info":{"product_brand":[{"value":1284,"label":"Nike"}],"product_cat":[{"value":1438,"label":"Borussia Dortmund"},{"value":1427,"label":"Kluby Niemieckie"}],"pa_homeawaythird":[{"value":1597,"label":"Home"}],"pa_location":[{"value":1494,"label":"FILIP"}],"pa_napis":[{"value":1682,"label":"Dede"}],"pa_numer":[{"value":1885,"label":"17"}],"pa_rozmiar":[{"value":1815,"label":"S"}],"pa_sezon":[{"value":1508,"label":"1998\/00"}]},"featured_image_src_large":["https:\/\/footballthrift.shop\/wp-content\/uploads\/2023\/03\/21321-Borussia-Dortmund-199800-Home-17-Dede-S-1024x1024.jpg",1024,1024,true],"author_info":[],"comment_info":"","_links":{"self":[{"href":"https:\/\/footballthrift.shop\/de\/wp-json\/wp\/v2\/product\/19587","targetHints":{"allow":["GET"]}}],"collection":[{"href":"https:\/\/footballthrift.shop\/de\/wp-json\/wp\/v2\/product"}],"about":[{"href":"https:\/\/footballthrift.shop\/de\/wp-json\/wp\/v2\/types\/product"}],"wp:featuredmedia":[{"embeddable":true,"href":"https:\/\/footballthrift.shop\/de\/wp-json\/wp\/v2\/media\/19576"}],"wp:attachment":[{"href":"https:\/\/footballthrift.shop\/de\/wp-json\/wp\/v2\/media?parent=19587"}],"wp:term":[{"taxonomy":"product_brand","embeddable":true,"href":"https:\/\/footballthrift.shop\/de\/wp-json\/wp\/v2\/product_brand?post=19587"},{"taxonomy":"product_cat","embeddable":true,"href":"https:\/\/footballthrift.shop\/de\/wp-json\/wp\/v2\/product_cat?post=19587"},{"taxonomy":"product_tag","embeddable":true,"href":"https:\/\/footballthrift.shop\/de\/wp-json\/wp\/v2\/product_tag?post=19587"}],"curies":[{"name":"wp","href":"https:\/\/api.w.org\/{rel}","templated":true}]}}