{"id":19544,"date":"2023-03-03T17:08:30","date_gmt":"2023-03-03T16:08:30","guid":{"rendered":"https:\/\/footballthrift.shop\/match-issue-borussia-dortmund-2017-18-home-33-weigl-l\/"},"modified":"2026-03-09T11:37:08","modified_gmt":"2026-03-09T10:37:08","slug":"match-issue-borussia-dortmund-2017-18-home-33-weigl-l","status":"publish","type":"product","link":"https:\/\/footballthrift.shop\/de\/match-issue-borussia-dortmund-2017-18-home-33-weigl-l\/","title":{"rendered":"MATCH ISSUE Borussia Dortmund 2017\/18 Home 33 Weigl [L]"},"content":{"rendered":"<p><strong>Verein: <\/strong>Borussia Dortmund<\/p>\n<p><strong>Spieler: <\/strong>33 Weigl<\/p>\n<p><strong>Saison: <\/strong>2017\/18 Startseite<\/p>\n<p><strong>Gr\u00f6\u00dfe: <\/strong>L<\/p>\n<p><strong>Zustand: <\/strong>Sehr gut - Besch\u00e4digung des Europa-League-Aufn\u00e4hers durch unsachgem\u00e4\u00dfes Anbringen auf dem Trikot.<\/p>\n<p><strong>Ma\u00dfe (Achselbreite\/L\u00e4nge) in cm: <\/strong>45\/72<\/p>\n<p><strong>Zus\u00e4tzliche Informationen:<\/strong> Ein Trikot in der h\u00f6chstm\u00f6glichen Version, Power Cell, das sich durch Gummielemente und seine Dehnbarkeit und Haftung am K\u00f6rper auszeichnet. Dies ist die Pokalversion des BVB-Trikots, in der sie zwei Spiele in der Europa League bestritten haben, gegen Atalanta und RB Salzburg. Weigl bestritt jeweils ein Spiel gegen eine Mannschaft aus \u00d6sterreich und gegen einen Verein aus Italien.<\/p>","protected":false},"excerpt":{"rendered":"<p>MATCH ISSUE Borussia Dortmund 2017\/18 Home 33 Weigl [L]<\/p>\n","protected":false},"featured_media":19533,"template":"","meta":{"_kad_blocks_custom_css":"","_kad_blocks_head_custom_js":"","_kad_blocks_body_custom_js":"","_kad_blocks_footer_custom_js":"","_kad_post_transparent":"","_kad_post_title":"","_kad_post_layout":"","_kad_post_sidebar_id":"","_kad_post_content_style":"","_kad_post_vertical_padding":"","_kad_post_feature":"","_kad_post_feature_position":"","_kad_post_header":false,"_kad_post_footer":false,"_kad_post_classname":""},"product_brand":[1287],"product_cat":[1438,1427,1409],"product_tag":[],"class_list":{"0":"post-19544","1":"product","2":"type-product","3":"status-publish","4":"has-post-thumbnail","6":"product_brand-puma","7":"product_cat-kluby-niemieckie-borussiadortmund","8":"product_cat-niemcy","9":"product_cat-match-worn-issue","10":"pa_dodatkoweinformacje-matchissue","11":"pa_homeawaythird-home","12":"pa_location-filip","13":"pa_napis-weigl","14":"pa_numer-1904","15":"pa_rozmiar-l","16":"pa_sezon-1511","18":"first","19":"instock","20":"taxable","21":"shipping-taxable","22":"purchasable","23":"product-type-simple","24":"entry","25":"content-bg","26":"loop-entry"},"taxonomy_info":{"product_brand":[{"value":1287,"label":"Puma"}],"product_cat":[{"value":1438,"label":"Borussia Dortmund"},{"value":1427,"label":"Kluby Niemieckie"},{"value":1409,"label":"MATCH WORN &amp; ISSUE"}],"pa_dodatkoweinformacje":[{"value":1848,"label":"MATCH ISSUE"}],"pa_homeawaythird":[{"value":1597,"label":"Home"}],"pa_location":[{"value":1494,"label":"FILIP"}],"pa_napis":[{"value":1683,"label":"Weigl"}],"pa_numer":[{"value":1904,"label":"33"}],"pa_rozmiar":[{"value":1817,"label":"L"}],"pa_sezon":[{"value":1511,"label":"2017\/18"}]},"featured_image_src_large":["https:\/\/footballthrift.shop\/wp-content\/uploads\/2023\/03\/21365-MATCH-ISSUE-Borussia-Dortmund-201718-Home-33-Weigl-L-1024x1024.jpg",1024,1024,true],"author_info":[],"comment_info":"","_links":{"self":[{"href":"https:\/\/footballthrift.shop\/de\/wp-json\/wp\/v2\/product\/19544","targetHints":{"allow":["GET"]}}],"collection":[{"href":"https:\/\/footballthrift.shop\/de\/wp-json\/wp\/v2\/product"}],"about":[{"href":"https:\/\/footballthrift.shop\/de\/wp-json\/wp\/v2\/types\/product"}],"wp:featuredmedia":[{"embeddable":true,"href":"https:\/\/footballthrift.shop\/de\/wp-json\/wp\/v2\/media\/19533"}],"wp:attachment":[{"href":"https:\/\/footballthrift.shop\/de\/wp-json\/wp\/v2\/media?parent=19544"}],"wp:term":[{"taxonomy":"product_brand","embeddable":true,"href":"https:\/\/footballthrift.shop\/de\/wp-json\/wp\/v2\/product_brand?post=19544"},{"taxonomy":"product_cat","embeddable":true,"href":"https:\/\/footballthrift.shop\/de\/wp-json\/wp\/v2\/product_cat?post=19544"},{"taxonomy":"product_tag","embeddable":true,"href":"https:\/\/footballthrift.shop\/de\/wp-json\/wp\/v2\/product_tag?post=19544"}],"curies":[{"name":"wp","href":"https:\/\/api.w.org\/{rel}","templated":true}]}}