{"id":19313,"date":"2023-02-15T19:43:58","date_gmt":"2023-02-15T18:43:58","guid":{"rendered":"https:\/\/footballthrift.shop\/vicenza-2007-08-home-m\/"},"modified":"2026-03-09T11:37:10","modified_gmt":"2026-03-09T10:37:10","slug":"vicenza-2007-08-home-m","status":"publish","type":"product","link":"https:\/\/footballthrift.shop\/de\/vicenza-2007-08-home-m\/","title":{"rendered":"Vicenza Calcio 2007\/08 Home [M]"},"content":{"rendered":"<p><strong>Verein: <\/strong>Vicenza<\/p>\n<p><strong>Saison: <\/strong>2007\/08 Startseite<\/p>\n<p><strong>Gr\u00f6\u00dfe: <\/strong>M<\/p>\n<p><strong>Zustand: <\/strong>Sehr gut - Gr\u00f6\u00dfe Patch abgenutzt.<\/p>\n<p><strong>Ma\u00dfe (Achselbreite\/L\u00e4nge) in cm: <\/strong>51\/72<\/p>","protected":false},"excerpt":{"rendered":"<p>Vicenza 2007\/08 Home [M]<\/p>\n","protected":false},"featured_media":19304,"template":"","meta":{"_kad_blocks_custom_css":"","_kad_blocks_head_custom_js":"","_kad_blocks_body_custom_js":"","_kad_blocks_footer_custom_js":"","_kad_post_transparent":"","_kad_post_title":"","_kad_post_layout":"","_kad_post_sidebar_id":"","_kad_post_content_style":"","_kad_post_vertical_padding":"","_kad_post_feature":"","_kad_post_feature_position":"","_kad_post_header":false,"_kad_post_footer":false,"_kad_post_classname":""},"product_brand":[1289],"product_cat":[1431,1480],"product_tag":[],"class_list":{"0":"post-19313","1":"product","2":"type-product","3":"status-publish","4":"has-post-thumbnail","6":"product_brand-diadora","7":"product_cat-wlochy","8":"product_cat-pozostale-kluby-wloskie","9":"pa_homeawaythird-home","10":"pa_location-filip","11":"pa_rozmiar-m","12":"pa_sezon-1502","14":"first","15":"instock","16":"taxable","17":"shipping-taxable","18":"purchasable","19":"product-type-simple","20":"entry","21":"content-bg","22":"loop-entry"},"taxonomy_info":{"product_brand":[{"value":1289,"label":"Diadora"}],"product_cat":[{"value":1431,"label":"Kluby W\u0142oskie"},{"value":1480,"label":"Pozosta\u0142e kluby w\u0142oskie"}],"pa_homeawaythird":[{"value":1597,"label":"Home"}],"pa_location":[{"value":1494,"label":"FILIP"}],"pa_rozmiar":[{"value":1816,"label":"M"}],"pa_sezon":[{"value":1502,"label":"2007\/08"}]},"featured_image_src_large":["https:\/\/footballthrift.shop\/wp-content\/uploads\/2023\/02\/21036-Vicenza-200708-Home-M-1024x1024.jpg",1024,1024,true],"author_info":[],"comment_info":"","_links":{"self":[{"href":"https:\/\/footballthrift.shop\/de\/wp-json\/wp\/v2\/product\/19313","targetHints":{"allow":["GET"]}}],"collection":[{"href":"https:\/\/footballthrift.shop\/de\/wp-json\/wp\/v2\/product"}],"about":[{"href":"https:\/\/footballthrift.shop\/de\/wp-json\/wp\/v2\/types\/product"}],"wp:featuredmedia":[{"embeddable":true,"href":"https:\/\/footballthrift.shop\/de\/wp-json\/wp\/v2\/media\/19304"}],"wp:attachment":[{"href":"https:\/\/footballthrift.shop\/de\/wp-json\/wp\/v2\/media?parent=19313"}],"wp:term":[{"taxonomy":"product_brand","embeddable":true,"href":"https:\/\/footballthrift.shop\/de\/wp-json\/wp\/v2\/product_brand?post=19313"},{"taxonomy":"product_cat","embeddable":true,"href":"https:\/\/footballthrift.shop\/de\/wp-json\/wp\/v2\/product_cat?post=19313"},{"taxonomy":"product_tag","embeddable":true,"href":"https:\/\/footballthrift.shop\/de\/wp-json\/wp\/v2\/product_tag?post=19313"}],"curies":[{"name":"wp","href":"https:\/\/api.w.org\/{rel}","templated":true}]}}