{"id":18852,"date":"2022-12-16T22:40:29","date_gmt":"2022-12-16T21:40:29","guid":{"rendered":"https:\/\/footballthrift.shop\/rpa-1998-99-home-l\/"},"modified":"2026-03-09T11:37:13","modified_gmt":"2026-03-09T10:37:13","slug":"rpa-1998-99-home-l","status":"publish","type":"product","link":"https:\/\/footballthrift.shop\/de\/rpa-1998-99-home-l\/","title":{"rendered":"Republika Po\u0142udniowej Afryki 1998\/99 Home [L]"},"content":{"rendered":"<p><strong>Verein:<\/strong>S\u00fcdafrika<\/p>\n<p><strong>Saison: <\/strong>1998\/99 Heimat<\/p>\n<p><strong>Gr\u00f6\u00dfe: <\/strong>L<\/p>\n<p><strong>Zustand: <\/strong>Gut - das T-Shirt hat ein paar kleinere N\u00e4hte, der Kragen ist leicht abgenutzt und der Hals ist leicht verschmutzt.<\/p>\n<p><strong>Ma\u00dfe (Achselbreite\/L\u00e4nge) in cm: <\/strong>64\/71<\/p>","protected":false},"excerpt":{"rendered":"<p>Verein:S\u00fcdafrika Saison:1998\/99 Heimspiel Gr\u00f6\u00dfe:L Zustand:Gut - das Trikot hat eine vernachl\u00e4ssigbare Anzahl kleinerer Risse, der Kragen ist leicht verblasst und es gibt eine kleine Verschmutzung am Hals. Ma\u00dfe (Achselbreite\/L\u00e4nge) in cm: 64\/71<\/p>","protected":false},"featured_media":18842,"template":"","meta":{"_kad_blocks_custom_css":"","_kad_blocks_head_custom_js":"","_kad_blocks_body_custom_js":"","_kad_blocks_footer_custom_js":"","_kad_post_transparent":"default","_kad_post_title":"","_kad_post_layout":"default","_kad_post_sidebar_id":"","_kad_post_content_style":"default","_kad_post_vertical_padding":"default","_kad_post_feature":"","_kad_post_feature_position":"","_kad_post_header":false,"_kad_post_footer":false,"_kad_post_classname":""},"product_brand":[1290],"product_cat":[1414,1410],"product_tag":[],"class_list":{"0":"post-18852","1":"product","2":"type-product","3":"status-publish","4":"has-post-thumbnail","6":"product_brand-kappa","7":"product_cat-reprezentacje-afryka","8":"product_cat-reprezentacje","9":"pa_homeawaythird-home","10":"pa_location-filip","11":"pa_rozmiar-l","12":"pa_sezon-1500","14":"first","15":"instock","16":"taxable","17":"shipping-taxable","18":"purchasable","19":"product-type-simple","20":"entry","21":"content-bg","22":"loop-entry"},"taxonomy_info":{"product_brand":[{"value":1290,"label":"Kappa"}],"product_cat":[{"value":1414,"label":"Afryka"},{"value":1410,"label":"REPREZENTACJE"}],"pa_homeawaythird":[{"value":1597,"label":"Home"}],"pa_location":[{"value":1494,"label":"FILIP"}],"pa_rozmiar":[{"value":1817,"label":"L"}],"pa_sezon":[{"value":1500,"label":"1998\/99"}]},"featured_image_src_large":["https:\/\/footballthrift.shop\/wp-content\/uploads\/2022\/12\/18860-RPA-199899-Home-L-1024x1024.jpg",1024,1024,true],"author_info":[],"comment_info":"","_links":{"self":[{"href":"https:\/\/footballthrift.shop\/de\/wp-json\/wp\/v2\/product\/18852","targetHints":{"allow":["GET"]}}],"collection":[{"href":"https:\/\/footballthrift.shop\/de\/wp-json\/wp\/v2\/product"}],"about":[{"href":"https:\/\/footballthrift.shop\/de\/wp-json\/wp\/v2\/types\/product"}],"wp:featuredmedia":[{"embeddable":true,"href":"https:\/\/footballthrift.shop\/de\/wp-json\/wp\/v2\/media\/18842"}],"wp:attachment":[{"href":"https:\/\/footballthrift.shop\/de\/wp-json\/wp\/v2\/media?parent=18852"}],"wp:term":[{"taxonomy":"product_brand","embeddable":true,"href":"https:\/\/footballthrift.shop\/de\/wp-json\/wp\/v2\/product_brand?post=18852"},{"taxonomy":"product_cat","embeddable":true,"href":"https:\/\/footballthrift.shop\/de\/wp-json\/wp\/v2\/product_cat?post=18852"},{"taxonomy":"product_tag","embeddable":true,"href":"https:\/\/footballthrift.shop\/de\/wp-json\/wp\/v2\/product_tag?post=18852"}],"curies":[{"name":"wp","href":"https:\/\/api.w.org\/{rel}","templated":true}]}}