{"id":18841,"date":"2022-12-16T22:40:27","date_gmt":"2022-12-16T21:40:27","guid":{"rendered":"https:\/\/footballthrift.shop\/usa-1994-95-home-xl\/"},"modified":"2026-03-09T11:37:13","modified_gmt":"2026-03-09T10:37:13","slug":"usa-1994-95-home-xl","status":"publish","type":"product","link":"https:\/\/footballthrift.shop\/de\/usa-1994-95-home-xl\/","title":{"rendered":"USA 1994\/95 Home [XL]"},"content":{"rendered":"<p><strong>Verein: <\/strong>USA<\/p>\n<p><strong>Saison: <\/strong>1994\/95 Heimat<\/p>\n<p><strong>Gr\u00f6\u00dfe: <\/strong>XL<\/p>\n<p><strong>Zustand: <\/strong>Sehr gut - leicht verblasster Stoff auf der R\u00fcckseite des Hemdes.<\/p>\n<p><strong>Ma\u00dfe (Achselbreite\/L\u00e4nge) in cm: <\/strong>64\/79<\/p>","protected":false},"excerpt":{"rendered":"<p>USA 1994\/95 Home [XL]<\/p>\n","protected":false},"featured_media":18831,"template":"","meta":{"_kad_blocks_custom_css":"","_kad_blocks_head_custom_js":"","_kad_blocks_body_custom_js":"","_kad_blocks_footer_custom_js":"","_kad_post_transparent":"default","_kad_post_title":"","_kad_post_layout":"default","_kad_post_sidebar_id":"","_kad_post_content_style":"default","_kad_post_vertical_padding":"default","_kad_post_feature":"","_kad_post_feature_position":"","_kad_post_header":false,"_kad_post_footer":false,"_kad_post_classname":""},"product_brand":[1283],"product_cat":[1418,1410],"product_tag":[],"class_list":{"0":"post-18841","1":"product","2":"type-product","3":"status-publish","4":"has-post-thumbnail","6":"product_brand-adidas","7":"product_cat-ameryka-srodkowa-i-polnocna-reprezentacje","8":"product_cat-reprezentacje","9":"pa_homeawaythird-home","10":"pa_location-filip","11":"pa_rozmiar-xl","12":"pa_sezon-1497","14":"first","15":"instock","16":"taxable","17":"shipping-taxable","18":"purchasable","19":"product-type-simple","20":"entry","21":"content-bg","22":"loop-entry"},"taxonomy_info":{"product_brand":[{"value":1283,"label":"Adidas"}],"product_cat":[{"value":1418,"label":"Ameryka \u015arodkowa i P\u00f3\u0142nocna"},{"value":1410,"label":"REPREZENTACJE"}],"pa_homeawaythird":[{"value":1597,"label":"Home"}],"pa_location":[{"value":1494,"label":"FILIP"}],"pa_rozmiar":[{"value":1818,"label":"XL"}],"pa_sezon":[{"value":1497,"label":"1994\/95"}]},"featured_image_src_large":["https:\/\/footballthrift.shop\/wp-content\/uploads\/2022\/12\/18887-USA-199495-Home-XL-1024x1024.jpg",1024,1024,true],"author_info":[],"comment_info":"","_links":{"self":[{"href":"https:\/\/footballthrift.shop\/de\/wp-json\/wp\/v2\/product\/18841","targetHints":{"allow":["GET"]}}],"collection":[{"href":"https:\/\/footballthrift.shop\/de\/wp-json\/wp\/v2\/product"}],"about":[{"href":"https:\/\/footballthrift.shop\/de\/wp-json\/wp\/v2\/types\/product"}],"wp:featuredmedia":[{"embeddable":true,"href":"https:\/\/footballthrift.shop\/de\/wp-json\/wp\/v2\/media\/18831"}],"wp:attachment":[{"href":"https:\/\/footballthrift.shop\/de\/wp-json\/wp\/v2\/media?parent=18841"}],"wp:term":[{"taxonomy":"product_brand","embeddable":true,"href":"https:\/\/footballthrift.shop\/de\/wp-json\/wp\/v2\/product_brand?post=18841"},{"taxonomy":"product_cat","embeddable":true,"href":"https:\/\/footballthrift.shop\/de\/wp-json\/wp\/v2\/product_cat?post=18841"},{"taxonomy":"product_tag","embeddable":true,"href":"https:\/\/footballthrift.shop\/de\/wp-json\/wp\/v2\/product_tag?post=18841"}],"curies":[{"name":"wp","href":"https:\/\/api.w.org\/{rel}","templated":true}]}}