{"id":18778,"date":"2023-07-26T11:29:46","date_gmt":"2023-07-26T09:29:46","guid":{"rendered":"https:\/\/footballthrift.shop\/?post_type=product&#038;p=18778"},"modified":"2026-03-09T11:35:01","modified_gmt":"2026-03-09T10:35:01","slug":"test","status":"publish","type":"product","link":"https:\/\/footballthrift.shop\/de\/test\/","title":{"rendered":"VOUCHER [100 Z\u0141]"},"content":{"rendered":"<p><strong>Produkt:<\/strong>\u00a0Ein Gutschein im Wert von 100 \u20ac zur einmaligen Verwendung in unserem Gesch\u00e4ft.<\/p>\n<p><strong>Zus\u00e4tzliche Informationen:<\/strong> Nach der Bestellung erhalten Sie den Gutschein in physischer Form, verpackt in einem Umschlag, und k\u00f6nnen ihn verschenken. Der Gutschein ist nach dem Kauf ein Jahr lang g\u00fcltig. Wenn Sie einen Rabattcode zu einem anderen als dem von uns vorgeschlagenen Preis vorbereiten m\u00f6chten, kontaktieren Sie uns bitte direkt \u00fcber soziale Medien oder per E-Mail.<\/p>","protected":false},"excerpt":{"rendered":"<p>VOUCHER [100 Z\u0141]<\/p>\n","protected":false},"featured_media":18777,"template":"","meta":{"_kad_blocks_custom_css":"","_kad_blocks_head_custom_js":"","_kad_blocks_body_custom_js":"","_kad_blocks_footer_custom_js":"","_kad_post_transparent":"default","_kad_post_title":"","_kad_post_layout":"default","_kad_post_sidebar_id":"","_kad_post_content_style":"default","_kad_post_vertical_padding":"default","_kad_post_feature":"","_kad_post_feature_position":"","_kad_post_header":false,"_kad_post_footer":false,"_kad_post_classname":""},"product_brand":[],"product_cat":[1408,1430],"product_tag":[],"class_list":{"0":"post-18778","1":"product","2":"type-product","3":"status-publish","4":"has-post-thumbnail","6":"product_cat-inne","7":"product_cat-vouchery","9":"first","10":"instock","11":"taxable","12":"shipping-taxable","13":"purchasable","14":"product-type-simple","15":"entry","16":"content-bg","17":"loop-entry"},"taxonomy_info":{"product_cat":[{"value":1408,"label":"INNE"},{"value":1430,"label":"Vouchery"}]},"featured_image_src_large":["https:\/\/footballthrift.shop\/wp-content\/uploads\/2022\/12\/18770-VOUCHER-100-ZL-1024x1024.jpg",1024,1024,true],"author_info":[],"comment_info":"","_links":{"self":[{"href":"https:\/\/footballthrift.shop\/de\/wp-json\/wp\/v2\/product\/18778","targetHints":{"allow":["GET"]}}],"collection":[{"href":"https:\/\/footballthrift.shop\/de\/wp-json\/wp\/v2\/product"}],"about":[{"href":"https:\/\/footballthrift.shop\/de\/wp-json\/wp\/v2\/types\/product"}],"wp:featuredmedia":[{"embeddable":true,"href":"https:\/\/footballthrift.shop\/de\/wp-json\/wp\/v2\/media\/18777"}],"wp:attachment":[{"href":"https:\/\/footballthrift.shop\/de\/wp-json\/wp\/v2\/media?parent=18778"}],"wp:term":[{"taxonomy":"product_brand","embeddable":true,"href":"https:\/\/footballthrift.shop\/de\/wp-json\/wp\/v2\/product_brand?post=18778"},{"taxonomy":"product_cat","embeddable":true,"href":"https:\/\/footballthrift.shop\/de\/wp-json\/wp\/v2\/product_cat?post=18778"},{"taxonomy":"product_tag","embeddable":true,"href":"https:\/\/footballthrift.shop\/de\/wp-json\/wp\/v2\/product_tag?post=18778"}],"curies":[{"name":"wp","href":"https:\/\/api.w.org\/{rel}","templated":true}]}}