{"id":18641,"date":"2022-11-18T20:19:12","date_gmt":"2022-11-18T19:19:12","guid":{"rendered":"https:\/\/footballthrift.shop\/player-issue-usa-2012-away-m\/"},"modified":"2026-03-09T11:37:14","modified_gmt":"2026-03-09T10:37:14","slug":"player-issue-usa-2012-away-m","status":"publish","type":"product","link":"https:\/\/footballthrift.shop\/de\/player-issue-usa-2012-away-m\/","title":{"rendered":"AUTHENTIC USA 2012 Away [M]"},"content":{"rendered":"<p><strong>Verein: <\/strong>USA<\/p>\n<p><strong>Saison: <\/strong>2012 Ausw\u00e4rts<\/p>\n<p><strong>Gr\u00f6\u00dfe: <\/strong>M<\/p>\n<p><strong>Zustand: <\/strong>Ausgezeichnet<\/p>\n<p><strong>Ma\u00dfe (Achselbreite\/L\u00e4nge) in cm: <\/strong>47\/72<\/p>","protected":false},"excerpt":{"rendered":"<p>PLAYER ISSUE USA 2012 Away [M]<\/p>\n","protected":false},"featured_media":18632,"template":"","meta":{"_kad_blocks_custom_css":"","_kad_blocks_head_custom_js":"","_kad_blocks_body_custom_js":"","_kad_blocks_footer_custom_js":"","_kad_post_transparent":"","_kad_post_title":"","_kad_post_layout":"","_kad_post_sidebar_id":"","_kad_post_content_style":"","_kad_post_vertical_padding":"","_kad_post_feature":"","_kad_post_feature_position":"","_kad_post_header":false,"_kad_post_footer":false,"_kad_post_classname":""},"product_brand":[1284],"product_cat":[1418,1410],"product_tag":[],"class_list":{"0":"post-18641","1":"product","2":"type-product","3":"status-publish","4":"has-post-thumbnail","6":"product_brand-nike","7":"product_cat-ameryka-srodkowa-i-polnocna-reprezentacje","8":"product_cat-reprezentacje","9":"pa_dodatkoweinformacje-playerissue","10":"pa_homeawaythird-away","11":"pa_location-filip","12":"pa_rozmiar-m","13":"pa_sezon-1527","15":"first","16":"instock","17":"taxable","18":"shipping-taxable","19":"purchasable","20":"product-type-simple","21":"entry","22":"content-bg","23":"loop-entry"},"taxonomy_info":{"product_brand":[{"value":1284,"label":"Nike"}],"product_cat":[{"value":1418,"label":"Ameryka \u015arodkowa i P\u00f3\u0142nocna"},{"value":1410,"label":"REPREZENTACJE"}],"pa_dodatkoweinformacje":[{"value":1834,"label":"PLAYER ISSUE"}],"pa_homeawaythird":[{"value":1598,"label":"Away"}],"pa_location":[{"value":1494,"label":"FILIP"}],"pa_rozmiar":[{"value":1816,"label":"M"}],"pa_sezon":[{"value":1527,"label":"2012"}]},"featured_image_src_large":["https:\/\/footballthrift.shop\/wp-content\/uploads\/2022\/11\/18228-PLAYER-ISSUE-USA-2012-Away-M-1024x1024.jpg",1024,1024,true],"author_info":[],"comment_info":"","_links":{"self":[{"href":"https:\/\/footballthrift.shop\/de\/wp-json\/wp\/v2\/product\/18641","targetHints":{"allow":["GET"]}}],"collection":[{"href":"https:\/\/footballthrift.shop\/de\/wp-json\/wp\/v2\/product"}],"about":[{"href":"https:\/\/footballthrift.shop\/de\/wp-json\/wp\/v2\/types\/product"}],"wp:featuredmedia":[{"embeddable":true,"href":"https:\/\/footballthrift.shop\/de\/wp-json\/wp\/v2\/media\/18632"}],"wp:attachment":[{"href":"https:\/\/footballthrift.shop\/de\/wp-json\/wp\/v2\/media?parent=18641"}],"wp:term":[{"taxonomy":"product_brand","embeddable":true,"href":"https:\/\/footballthrift.shop\/de\/wp-json\/wp\/v2\/product_brand?post=18641"},{"taxonomy":"product_cat","embeddable":true,"href":"https:\/\/footballthrift.shop\/de\/wp-json\/wp\/v2\/product_cat?post=18641"},{"taxonomy":"product_tag","embeddable":true,"href":"https:\/\/footballthrift.shop\/de\/wp-json\/wp\/v2\/product_tag?post=18641"}],"curies":[{"name":"wp","href":"https:\/\/api.w.org\/{rel}","templated":true}]}}