{"id":18482,"date":"2022-10-21T19:31:06","date_gmt":"2022-10-21T17:31:06","guid":{"rendered":"https:\/\/footballthrift.shop\/kamerun-2008-09-home-xl\/"},"modified":"2026-03-09T11:37:15","modified_gmt":"2026-03-09T10:37:15","slug":"kamerun-2008-09-home-xl","status":"publish","type":"product","link":"https:\/\/footballthrift.shop\/de\/kamerun-2008-09-home-xl\/","title":{"rendered":"Kamerun 2008\/09 Home [XL]"},"content":{"rendered":"<p><strong>Verein: <\/strong>Kamerun<\/p>\n<p><strong>Saison: <\/strong>2008\/09 Startseite<\/p>\n<p><strong>Gr\u00f6\u00dfe: <\/strong>XL<\/p>\n<p><strong>Zustand: <\/strong>Sehr gut - abgenutzter Gr\u00f6\u00dfenaufn\u00e4her am Hals, kleiner Riss im Stoff auf der R\u00fcckseite und leicht abbl\u00e4tternder \"USP\"-Aufkleber.<\/p>\n<p><strong>Ma\u00dfe (Achselbreite\/L\u00e4nge) in cm: <\/strong>57\/72<\/p>","protected":false},"excerpt":{"rendered":"<p>Kamerun 2008\/09 Home [XL]<\/p>\n","protected":false},"featured_media":18474,"template":"","meta":{"_kad_blocks_custom_css":"","_kad_blocks_head_custom_js":"","_kad_blocks_body_custom_js":"","_kad_blocks_footer_custom_js":"","_kad_post_transparent":"","_kad_post_title":"","_kad_post_layout":"","_kad_post_sidebar_id":"","_kad_post_content_style":"","_kad_post_vertical_padding":"","_kad_post_feature":"","_kad_post_feature_position":"","_kad_post_header":false,"_kad_post_footer":false,"_kad_post_classname":""},"product_brand":[1287],"product_cat":[1414,1410],"product_tag":[],"class_list":{"0":"post-18482","1":"product","2":"type-product","3":"status-publish","4":"has-post-thumbnail","6":"product_brand-puma","7":"product_cat-reprezentacje-afryka","8":"product_cat-reprezentacje","9":"pa_homeawaythird-home","10":"pa_location-filip","11":"pa_rozmiar-xl","12":"pa_sezon-1539","14":"first","15":"instock","16":"taxable","17":"shipping-taxable","18":"purchasable","19":"product-type-simple","20":"entry","21":"content-bg","22":"loop-entry"},"taxonomy_info":{"product_brand":[{"value":1287,"label":"Puma"}],"product_cat":[{"value":1414,"label":"Afryka"},{"value":1410,"label":"REPREZENTACJE"}],"pa_homeawaythird":[{"value":1597,"label":"Home"}],"pa_location":[{"value":1494,"label":"FILIP"}],"pa_rozmiar":[{"value":1818,"label":"XL"}],"pa_sezon":[{"value":1539,"label":"2008\/09"}]},"featured_image_src_large":["https:\/\/footballthrift.shop\/wp-content\/uploads\/2022\/10\/17451-Kamerun-200809-Home-XL-1024x1024.jpg",1024,1024,true],"author_info":[],"comment_info":"","_links":{"self":[{"href":"https:\/\/footballthrift.shop\/de\/wp-json\/wp\/v2\/product\/18482","targetHints":{"allow":["GET"]}}],"collection":[{"href":"https:\/\/footballthrift.shop\/de\/wp-json\/wp\/v2\/product"}],"about":[{"href":"https:\/\/footballthrift.shop\/de\/wp-json\/wp\/v2\/types\/product"}],"wp:featuredmedia":[{"embeddable":true,"href":"https:\/\/footballthrift.shop\/de\/wp-json\/wp\/v2\/media\/18474"}],"wp:attachment":[{"href":"https:\/\/footballthrift.shop\/de\/wp-json\/wp\/v2\/media?parent=18482"}],"wp:term":[{"taxonomy":"product_brand","embeddable":true,"href":"https:\/\/footballthrift.shop\/de\/wp-json\/wp\/v2\/product_brand?post=18482"},{"taxonomy":"product_cat","embeddable":true,"href":"https:\/\/footballthrift.shop\/de\/wp-json\/wp\/v2\/product_cat?post=18482"},{"taxonomy":"product_tag","embeddable":true,"href":"https:\/\/footballthrift.shop\/de\/wp-json\/wp\/v2\/product_tag?post=18482"}],"curies":[{"name":"wp","href":"https:\/\/api.w.org\/{rel}","templated":true}]}}