{"id":17849,"date":"2022-07-09T22:13:21","date_gmt":"2022-07-09T20:13:21","guid":{"rendered":"https:\/\/footballthrift.shop\/match-prepared-udinese-2017-18-home-66-jaadi-m\/"},"modified":"2026-03-09T11:37:20","modified_gmt":"2026-03-09T10:37:20","slug":"match-prepared-udinese-2017-18-home-66-jaadi-m","status":"publish","type":"product","link":"https:\/\/footballthrift.shop\/de\/match-prepared-udinese-2017-18-home-66-jaadi-m\/","title":{"rendered":"MATCH PREPARED Udinese 2017\/18 Home 66 Jaadi [M]"},"content":{"rendered":"<p><strong>Verein: <\/strong>Udinese<\/p>\n<p><strong>Spieler: <\/strong>66 Jaadi<\/p>\n<p><strong>Saison: <\/strong>2017\/18 Startseite<\/p>\n<p><strong>Gr\u00f6\u00dfe: <\/strong>M<\/p>\n<p><strong>Ma\u00dfe (Achselbreite\/L\u00e4nge) in cm:\u00a0<\/strong>57\/71<\/p>\n<p><strong>Zustand:<\/strong> Befriedigend - das Trikot hat Flecken in Rot und ein rissiges Herstellerlogo und Vereinswappen.<\/p>\n<p><strong>Zus\u00e4tzliche Informationen:<\/strong> F\u00fcr die Serie A vorbereitetes T-Shirt f\u00fcr den belgischen Spieler Nabil Jaadi, der in dieser Saison nicht f\u00fcr Udinese gespielt hat. Das Trikot stammt aus der Sammlung dieses Fu\u00dfballers.<\/p>","protected":false},"excerpt":{"rendered":"<p>MATCH PREPARED Udinese 2017\/18 Home 66 Jaadi [M]<\/p>\n","protected":false},"featured_media":17841,"template":"","meta":{"_kad_blocks_custom_css":"","_kad_blocks_head_custom_js":"","_kad_blocks_body_custom_js":"","_kad_blocks_footer_custom_js":"","_kad_post_transparent":"","_kad_post_title":"","_kad_post_layout":"","_kad_post_sidebar_id":"","_kad_post_content_style":"","_kad_post_vertical_padding":"","_kad_post_feature":"","_kad_post_feature_position":"","_kad_post_header":false,"_kad_post_footer":false,"_kad_post_classname":""},"product_brand":[1366],"product_cat":[1431,1409,1480],"product_tag":[],"class_list":{"0":"post-17849","1":"product","2":"type-product","3":"status-publish","4":"has-post-thumbnail","6":"product_brand-h2o","7":"product_cat-wlochy","8":"product_cat-match-worn-issue","9":"product_cat-pozostale-kluby-wloskie","10":"pa_dodatkoweinformacje-matchprepared","11":"pa_homeawaythird-home","12":"pa_location-filip","13":"pa_napis-jaadi","14":"pa_numer-1894","15":"pa_rozmiar-m","16":"pa_sezon-1511","18":"first","19":"instock","20":"taxable","21":"shipping-taxable","22":"purchasable","23":"product-type-simple","24":"entry","25":"content-bg","26":"loop-entry"},"taxonomy_info":{"product_brand":[{"value":1366,"label":"H2O"}],"product_cat":[{"value":1431,"label":"Kluby W\u0142oskie"},{"value":1409,"label":"MATCH WORN &amp; ISSUE"},{"value":1480,"label":"Pozosta\u0142e kluby w\u0142oskie"}],"pa_dodatkoweinformacje":[{"value":1847,"label":"MATCH PREPARED"}],"pa_homeawaythird":[{"value":1597,"label":"Home"}],"pa_location":[{"value":1494,"label":"FILIP"}],"pa_napis":[{"value":1640,"label":"Jaadi"}],"pa_numer":[{"value":1894,"label":"66"}],"pa_rozmiar":[{"value":1816,"label":"M"}],"pa_sezon":[{"value":1511,"label":"2017\/18"}]},"featured_image_src_large":["https:\/\/footballthrift.shop\/wp-content\/uploads\/2022\/07\/14452-MATCH-PREPARED-Udinese-201718-Home-66-Jaadi-M-1024x1024.jpg",1024,1024,true],"author_info":[],"comment_info":"","_links":{"self":[{"href":"https:\/\/footballthrift.shop\/de\/wp-json\/wp\/v2\/product\/17849","targetHints":{"allow":["GET"]}}],"collection":[{"href":"https:\/\/footballthrift.shop\/de\/wp-json\/wp\/v2\/product"}],"about":[{"href":"https:\/\/footballthrift.shop\/de\/wp-json\/wp\/v2\/types\/product"}],"wp:featuredmedia":[{"embeddable":true,"href":"https:\/\/footballthrift.shop\/de\/wp-json\/wp\/v2\/media\/17841"}],"wp:attachment":[{"href":"https:\/\/footballthrift.shop\/de\/wp-json\/wp\/v2\/media?parent=17849"}],"wp:term":[{"taxonomy":"product_brand","embeddable":true,"href":"https:\/\/footballthrift.shop\/de\/wp-json\/wp\/v2\/product_brand?post=17849"},{"taxonomy":"product_cat","embeddable":true,"href":"https:\/\/footballthrift.shop\/de\/wp-json\/wp\/v2\/product_cat?post=17849"},{"taxonomy":"product_tag","embeddable":true,"href":"https:\/\/footballthrift.shop\/de\/wp-json\/wp\/v2\/product_tag?post=17849"}],"curies":[{"name":"wp","href":"https:\/\/api.w.org\/{rel}","templated":true}]}}