{"id":17764,"date":"2022-06-24T13:14:20","date_gmt":"2022-06-24T11:14:20","guid":{"rendered":"https:\/\/footballthrift.shop\/borussia-dortmund-1997-98-home-s\/"},"modified":"2026-03-09T11:37:20","modified_gmt":"2026-03-09T10:37:20","slug":"borussia-dortmund-1997-98-heim-s","status":"publish","type":"product","link":"https:\/\/footballthrift.shop\/de\/borussia-dortmund-1997-98-home-s\/","title":{"rendered":"Borussia Dortmund 1997\/98 Home [S]"},"content":{"rendered":"<p><strong>Verein: <\/strong>Borussia Dortmund<\/p>\n<p><strong>Saison: <\/strong>1997\/98 Heim<\/p>\n<p><strong>Gr\u00f6\u00dfe: <\/strong>S<\/p>\n<p><strong>Ma\u00dfe (Achselbreite\/L\u00e4nge) in cm:\u00a0<\/strong>49\/67<\/p>\n<p><strong>Zustand:<\/strong> Schlecht - das T-Shirt hat Flecken auf der Oberfl\u00e4che, das Ende eines \u00c4rmels ist verschmutzt und besch\u00e4digt und das Gr\u00f6\u00dfenetikett ist abgeschnitten.<\/p>","protected":false},"excerpt":{"rendered":"<p>Borussia Dortmund 1997\/98 Home [S]<\/p>\n","protected":false},"featured_media":17754,"template":"","meta":{"_kad_blocks_custom_css":"","_kad_blocks_head_custom_js":"","_kad_blocks_body_custom_js":"","_kad_blocks_footer_custom_js":"","_kad_post_transparent":"","_kad_post_title":"","_kad_post_layout":"","_kad_post_sidebar_id":"","_kad_post_content_style":"","_kad_post_vertical_padding":"","_kad_post_feature":"","_kad_post_feature_position":"","_kad_post_header":false,"_kad_post_footer":false,"_kad_post_classname":""},"product_brand":[1284],"product_cat":[1438,1427],"product_tag":[],"class_list":{"0":"post-17764","1":"product","2":"type-product","3":"status-publish","4":"has-post-thumbnail","6":"product_brand-nike","7":"product_cat-kluby-niemieckie-borussiadortmund","8":"product_cat-niemcy","9":"pa_homeawaythird-home","10":"pa_location-filip","11":"pa_rozmiar-s","12":"pa_sezon-1499","14":"first","15":"instock","16":"taxable","17":"shipping-taxable","18":"purchasable","19":"product-type-simple","20":"entry","21":"content-bg","22":"loop-entry"},"taxonomy_info":{"product_brand":[{"value":1284,"label":"Nike"}],"product_cat":[{"value":1438,"label":"Borussia Dortmund"},{"value":1427,"label":"Kluby Niemieckie"}],"pa_homeawaythird":[{"value":1597,"label":"Home"}],"pa_location":[{"value":1494,"label":"FILIP"}],"pa_rozmiar":[{"value":1815,"label":"S"}],"pa_sezon":[{"value":1499,"label":"1997\/98"}]},"featured_image_src_large":["https:\/\/footballthrift.shop\/wp-content\/uploads\/2022\/06\/13860-Borussia-Dortmund-199798-Home-S-1024x1024.jpg",1024,1024,true],"author_info":[],"comment_info":"","_links":{"self":[{"href":"https:\/\/footballthrift.shop\/de\/wp-json\/wp\/v2\/product\/17764","targetHints":{"allow":["GET"]}}],"collection":[{"href":"https:\/\/footballthrift.shop\/de\/wp-json\/wp\/v2\/product"}],"about":[{"href":"https:\/\/footballthrift.shop\/de\/wp-json\/wp\/v2\/types\/product"}],"wp:featuredmedia":[{"embeddable":true,"href":"https:\/\/footballthrift.shop\/de\/wp-json\/wp\/v2\/media\/17754"}],"wp:attachment":[{"href":"https:\/\/footballthrift.shop\/de\/wp-json\/wp\/v2\/media?parent=17764"}],"wp:term":[{"taxonomy":"product_brand","embeddable":true,"href":"https:\/\/footballthrift.shop\/de\/wp-json\/wp\/v2\/product_brand?post=17764"},{"taxonomy":"product_cat","embeddable":true,"href":"https:\/\/footballthrift.shop\/de\/wp-json\/wp\/v2\/product_cat?post=17764"},{"taxonomy":"product_tag","embeddable":true,"href":"https:\/\/footballthrift.shop\/de\/wp-json\/wp\/v2\/product_tag?post=17764"}],"curies":[{"name":"wp","href":"https:\/\/api.w.org\/{rel}","templated":true}]}}