{"id":17445,"date":"2022-04-30T12:22:48","date_gmt":"2022-04-30T10:22:48","guid":{"rendered":"https:\/\/footballthrift.shop\/manchester-united-2011-12-home-23-cleverley-xxl\/"},"modified":"2026-03-09T11:37:24","modified_gmt":"2026-03-09T10:37:24","slug":"manchester-united-2011-12-heim-23-cleverley-xxl","status":"publish","type":"product","link":"https:\/\/footballthrift.shop\/de\/manchester-united-2011-12-home-23-cleverley-xxl\/","title":{"rendered":"Manchester United 2011\/12 Home 23 Cleverley [XXL]"},"content":{"rendered":"<p><strong>Verein: <\/strong>Manchester United<\/p>\n<p><strong>Spieler: <\/strong>23 Cleverley<\/p>\n<p><strong>Saison: <\/strong>2011\/12 Startseite<\/p>\n<p><strong>Gr\u00f6\u00dfe: <\/strong>XXL<\/p>\n<p><strong>Zustand:<\/strong> Gut - die einzigen M\u00e4ngel an dem Trikot sind die stark aufgeriebenen Liga-Aufn\u00e4her an den \u00c4rmeln.<\/p>\n<p><strong>Ma\u00dfe (Achselbreite\/L\u00e4nge) in cm: <\/strong>64\/80<\/p>","protected":false},"excerpt":{"rendered":"<p>Manchester United 2011\/12 Home 23 Cleverley [XXL]<\/p>\n","protected":false},"featured_media":17437,"template":"","meta":{"_kad_blocks_custom_css":"","_kad_blocks_head_custom_js":"","_kad_blocks_body_custom_js":"","_kad_blocks_footer_custom_js":"","_kad_post_transparent":"","_kad_post_title":"","_kad_post_layout":"","_kad_post_sidebar_id":"","_kad_post_content_style":"","_kad_post_vertical_padding":"","_kad_post_feature":"","_kad_post_feature_position":"","_kad_post_header":false,"_kad_post_footer":false,"_kad_post_classname":""},"product_brand":[1284],"product_cat":[1413,1478],"product_tag":[],"class_list":{"0":"post-17445","1":"product","2":"type-product","3":"status-publish","4":"has-post-thumbnail","6":"product_brand-nike","7":"product_cat-anglia","8":"product_cat-manchester-united","9":"pa_homeawaythird-home","10":"pa_location-filip","11":"pa_napis-cleverley","12":"pa_numer-1887","13":"pa_rozmiar-xxl","14":"pa_sezon-1498","16":"first","17":"instock","18":"taxable","19":"shipping-taxable","20":"purchasable","21":"product-type-simple","22":"entry","23":"content-bg","24":"loop-entry"},"taxonomy_info":{"product_brand":[{"value":1284,"label":"Nike"}],"product_cat":[{"value":1413,"label":"Kluby Angielskie"},{"value":1478,"label":"Manchester United"}],"pa_homeawaythird":[{"value":1597,"label":"Home"}],"pa_location":[{"value":1494,"label":"FILIP"}],"pa_napis":[{"value":1655,"label":"Cleverley"}],"pa_numer":[{"value":1887,"label":"23"}],"pa_rozmiar":[{"value":1819,"label":"XXL"}],"pa_sezon":[{"value":1498,"label":"2011\/12"}]},"featured_image_src_large":["https:\/\/footballthrift.shop\/wp-content\/uploads\/2022\/04\/11988-Manchester-United-201112-Home-23-Cleverley-XXL-1024x1024.jpg",1024,1024,true],"author_info":[],"comment_info":"","_links":{"self":[{"href":"https:\/\/footballthrift.shop\/de\/wp-json\/wp\/v2\/product\/17445","targetHints":{"allow":["GET"]}}],"collection":[{"href":"https:\/\/footballthrift.shop\/de\/wp-json\/wp\/v2\/product"}],"about":[{"href":"https:\/\/footballthrift.shop\/de\/wp-json\/wp\/v2\/types\/product"}],"wp:featuredmedia":[{"embeddable":true,"href":"https:\/\/footballthrift.shop\/de\/wp-json\/wp\/v2\/media\/17437"}],"wp:attachment":[{"href":"https:\/\/footballthrift.shop\/de\/wp-json\/wp\/v2\/media?parent=17445"}],"wp:term":[{"taxonomy":"product_brand","embeddable":true,"href":"https:\/\/footballthrift.shop\/de\/wp-json\/wp\/v2\/product_brand?post=17445"},{"taxonomy":"product_cat","embeddable":true,"href":"https:\/\/footballthrift.shop\/de\/wp-json\/wp\/v2\/product_cat?post=17445"},{"taxonomy":"product_tag","embeddable":true,"href":"https:\/\/footballthrift.shop\/de\/wp-json\/wp\/v2\/product_tag?post=17445"}],"curies":[{"name":"wp","href":"https:\/\/api.w.org\/{rel}","templated":true}]}}