{"id":17377,"date":"2022-04-10T14:05:05","date_gmt":"2022-04-10T12:05:05","guid":{"rendered":"https:\/\/footballthrift.shop\/fc-guegnon-1997-98-home-m\/"},"modified":"2026-03-09T11:37:24","modified_gmt":"2026-03-09T10:37:24","slug":"fc-guegnon-1997-98-home-m","status":"publish","type":"product","link":"https:\/\/footballthrift.shop\/de\/fc-guegnon-1997-98-home-m\/","title":{"rendered":"FC Guegnon 1997\/98 Home [M]"},"content":{"rendered":"<p><strong>Verein: <\/strong>FC Guegnon<\/p>\n<p><strong>Saison: <\/strong>1997\/98 Heim<\/p>\n<p><strong>Gr\u00f6\u00dfe: <\/strong>M<\/p>\n<p><strong>Zustand: <\/strong>Zufriedenstellend - ein paar kleinere Stiche und Mikrol\u00f6cher.<\/p>\n<p><strong>Ma\u00dfe (Achselbreite\/L\u00e4nge) in cm:\u00a0<\/strong>54\/71<\/p>\n<p><strong>Zus\u00e4tzliche Informationen: <\/strong>Der FC Guegnon ist ein Verein, der sich derzeit an der Peripherie des gro\u00dfen Fu\u00dfballs befindet. Es ist jedoch erw\u00e4hnenswert, dass die Mannschaft 1991 bis ins Halbfinale des franz\u00f6sischen Pokals vordrang und 1999 mit einem 2:0-Finalsieg \u00fcber PSG den franz\u00f6sischen Ligapokal gewann und damit der erste franz\u00f6sische Verein war, der in der zweiten Liga t\u00e4glich einen solchen Erfolg erzielte. Im April 2011 verlor der Verein seinen Profistatus.\u00a0<\/p>","protected":false},"excerpt":{"rendered":"<p>FC Guegnon 1997\/98 Home [M]<\/p>\n","protected":false},"featured_media":17369,"template":"","meta":{"_kad_blocks_custom_css":"","_kad_blocks_head_custom_js":"","_kad_blocks_body_custom_js":"","_kad_blocks_footer_custom_js":"","_kad_post_transparent":"","_kad_post_title":"","_kad_post_layout":"","_kad_post_sidebar_id":"","_kad_post_content_style":"","_kad_post_vertical_padding":"","_kad_post_feature":"","_kad_post_feature_position":"","_kad_post_header":false,"_kad_post_footer":false,"_kad_post_classname":""},"product_brand":[1283],"product_cat":[1420,1475],"product_tag":[],"class_list":{"0":"post-17377","1":"product","2":"type-product","3":"status-publish","4":"has-post-thumbnail","6":"product_brand-adidas","7":"product_cat-francja","8":"product_cat-pozostale-kluby-francuskie","9":"pa_homeawaythird-home","10":"pa_location-filip","11":"pa_rozmiar-m","12":"pa_sezon-1499","14":"first","15":"instock","16":"taxable","17":"shipping-taxable","18":"purchasable","19":"product-type-simple","20":"entry","21":"content-bg","22":"loop-entry"},"taxonomy_info":{"product_brand":[{"value":1283,"label":"Adidas"}],"product_cat":[{"value":1420,"label":"Kluby Francuskie"},{"value":1475,"label":"Pozosta\u0142e kluby francuskie"}],"pa_homeawaythird":[{"value":1597,"label":"Home"}],"pa_location":[{"value":1494,"label":"FILIP"}],"pa_rozmiar":[{"value":1816,"label":"M"}],"pa_sezon":[{"value":1499,"label":"1997\/98"}]},"featured_image_src_large":["https:\/\/footballthrift.shop\/wp-content\/uploads\/2022\/04\/11037-FC-Guegnon-199798-Home-M-1024x1024.jpg",1024,1024,true],"author_info":[],"comment_info":"","_links":{"self":[{"href":"https:\/\/footballthrift.shop\/de\/wp-json\/wp\/v2\/product\/17377","targetHints":{"allow":["GET"]}}],"collection":[{"href":"https:\/\/footballthrift.shop\/de\/wp-json\/wp\/v2\/product"}],"about":[{"href":"https:\/\/footballthrift.shop\/de\/wp-json\/wp\/v2\/types\/product"}],"wp:featuredmedia":[{"embeddable":true,"href":"https:\/\/footballthrift.shop\/de\/wp-json\/wp\/v2\/media\/17369"}],"wp:attachment":[{"href":"https:\/\/footballthrift.shop\/de\/wp-json\/wp\/v2\/media?parent=17377"}],"wp:term":[{"taxonomy":"product_brand","embeddable":true,"href":"https:\/\/footballthrift.shop\/de\/wp-json\/wp\/v2\/product_brand?post=17377"},{"taxonomy":"product_cat","embeddable":true,"href":"https:\/\/footballthrift.shop\/de\/wp-json\/wp\/v2\/product_cat?post=17377"},{"taxonomy":"product_tag","embeddable":true,"href":"https:\/\/footballthrift.shop\/de\/wp-json\/wp\/v2\/product_tag?post=17377"}],"curies":[{"name":"wp","href":"https:\/\/api.w.org\/{rel}","templated":true}]}}