{"id":17254,"date":"2022-03-28T13:48:51","date_gmt":"2022-03-28T11:48:51","guid":{"rendered":"https:\/\/footballthrift.shop\/koszulka-treningowa-new-york-metrostars-1996-98-m\/"},"modified":"2026-03-09T11:37:26","modified_gmt":"2026-03-09T10:37:26","slug":"koszulka-treningowa-new-york-metrostars-1996-98-m","status":"publish","type":"product","link":"https:\/\/footballthrift.shop\/de\/koszulka-treningowa-new-york-metrostars-1996-98-m\/","title":{"rendered":"Koszulka treningowa New York MetroStars 1996\/98 [M]"},"content":{"rendered":"<p><strong>Verein: <\/strong>New Yorker MetroStars<\/p>\n<p><strong>Saison: <\/strong>1996\/98 <\/p>\n<p><strong>Gr\u00f6\u00dfe: <\/strong>M<\/p>\n<p><strong>Ma\u00dfe (Achselbreite\/L\u00e4nge) in cm:\u00a0<\/strong>58\/75<\/p>\n<p><strong>Zustand:<\/strong> Zufriedenstellend - das v\u00f6llige Fehlen eines Sponsors auf der Vorderseite des T-Shirts und kaum wahrnehmbare Spuren von ihm. Pers\u00f6nlich denken wir, dass dies dem T-Shirt einen charmanten und sogenannten \"l\u00e4ssigen\" Stil verleiht.<\/p>","protected":false},"excerpt":{"rendered":"<p>Koszulka treningowa New York MetroStars 1996\/98 [M]<\/p>\n","protected":false},"featured_media":17248,"template":"","meta":{"_kad_blocks_custom_css":"","_kad_blocks_head_custom_js":"","_kad_blocks_body_custom_js":"","_kad_blocks_footer_custom_js":"","_kad_post_transparent":"","_kad_post_title":"","_kad_post_layout":"","_kad_post_sidebar_id":"","_kad_post_content_style":"","_kad_post_vertical_padding":"","_kad_post_feature":"","_kad_post_feature_position":"","_kad_post_header":false,"_kad_post_footer":false,"_kad_post_classname":""},"product_brand":[1284],"product_cat":[1415,1408,1423],"product_tag":[],"class_list":{"0":"post-17254","1":"product","2":"type-product","3":"status-publish","4":"has-post-thumbnail","6":"product_brand-nike","7":"product_cat-ameryka-srodkowa-i-polnocna","8":"product_cat-inne","9":"product_cat-kurtkibluzytrening","10":"pa_dodatkoweinformacje-koszulkatreningowa","11":"pa_location-filip","12":"pa_rozmiar-m","13":"pa_sezon-1545","15":"first","16":"instock","17":"taxable","18":"shipping-taxable","19":"purchasable","20":"product-type-simple","21":"entry","22":"content-bg","23":"loop-entry"},"taxonomy_info":{"product_brand":[{"value":1284,"label":"Nike"}],"product_cat":[{"value":1415,"label":"Ameryka \u015arodkowa i P\u00f3\u0142nocna"},{"value":1408,"label":"INNE"},{"value":1423,"label":"Kurtki\/bluzy\/trening"}],"pa_dodatkoweinformacje":[{"value":1825,"label":"Koszulka treningowa"}],"pa_location":[{"value":1494,"label":"FILIP"}],"pa_rozmiar":[{"value":1816,"label":"M"}],"pa_sezon":[{"value":1545,"label":"1996\/98"}]},"featured_image_src_large":["https:\/\/footballthrift.shop\/wp-content\/uploads\/2022\/03\/10919-Koszulka-treningowa-New-York-MetroStars-199698-M-1024x1024.jpg",1024,1024,true],"author_info":[],"comment_info":"","_links":{"self":[{"href":"https:\/\/footballthrift.shop\/de\/wp-json\/wp\/v2\/product\/17254","targetHints":{"allow":["GET"]}}],"collection":[{"href":"https:\/\/footballthrift.shop\/de\/wp-json\/wp\/v2\/product"}],"about":[{"href":"https:\/\/footballthrift.shop\/de\/wp-json\/wp\/v2\/types\/product"}],"wp:featuredmedia":[{"embeddable":true,"href":"https:\/\/footballthrift.shop\/de\/wp-json\/wp\/v2\/media\/17248"}],"wp:attachment":[{"href":"https:\/\/footballthrift.shop\/de\/wp-json\/wp\/v2\/media?parent=17254"}],"wp:term":[{"taxonomy":"product_brand","embeddable":true,"href":"https:\/\/footballthrift.shop\/de\/wp-json\/wp\/v2\/product_brand?post=17254"},{"taxonomy":"product_cat","embeddable":true,"href":"https:\/\/footballthrift.shop\/de\/wp-json\/wp\/v2\/product_cat?post=17254"},{"taxonomy":"product_tag","embeddable":true,"href":"https:\/\/footballthrift.shop\/de\/wp-json\/wp\/v2\/product_tag?post=17254"}],"curies":[{"name":"wp","href":"https:\/\/api.w.org\/{rel}","templated":true}]}}