{"id":16873,"date":"2021-10-31T01:09:51","date_gmt":"2021-10-30T23:09:51","guid":{"rendered":"https:\/\/footballthrift.shop\/koszulka-bawelniana-chicago-fire-l\/"},"modified":"2026-03-09T11:37:27","modified_gmt":"2026-03-09T10:37:27","slug":"baumwollhemd-chicago-fire-l","status":"publish","type":"product","link":"https:\/\/footballthrift.shop\/de\/koszulka-bawelniana-chicago-fire-l\/","title":{"rendered":"Koszulka bawe\u0142niana Chicago Fire 2003\/04 Away [L]"},"content":{"rendered":"<p><strong>Verein:<\/strong> Chicagoer Feuer<\/p>\n<p><strong>Gr\u00f6\u00dfe:<\/strong> L<\/p>\n<p><strong>Ma\u00dfe (Achselbreite\/L\u00e4nge) in cm:\u00a0<\/strong>55\/74<\/p>\n<p><strong>Zustand:<\/strong> Sehr gut - Innenetikett ausgeschnitten.<\/p>","protected":false},"excerpt":{"rendered":"<p>Koszulka bawe\u0142niana Chicago Fire 2003\/04 Away [L]<\/p>\n","protected":false},"featured_media":16866,"template":"","meta":{"_kad_blocks_custom_css":"","_kad_blocks_head_custom_js":"","_kad_blocks_body_custom_js":"","_kad_blocks_footer_custom_js":"","_kad_post_transparent":"default","_kad_post_title":"","_kad_post_layout":"default","_kad_post_sidebar_id":"","_kad_post_content_style":"default","_kad_post_vertical_padding":"default","_kad_post_feature":"","_kad_post_feature_position":"","_kad_post_header":false,"_kad_post_footer":false,"_kad_post_classname":""},"product_brand":[1287],"product_cat":[1415],"product_tag":[],"class_list":{"0":"post-16873","1":"product","2":"type-product","3":"status-publish","4":"has-post-thumbnail","6":"product_brand-puma","7":"product_cat-ameryka-srodkowa-i-polnocna","8":"pa_dodatkoweinformacje-koszulkabawelniana","9":"pa_location-filip","10":"pa_rozmiar-l","12":"first","13":"instock","14":"taxable","15":"shipping-taxable","16":"purchasable","17":"product-type-simple","18":"entry","19":"content-bg","20":"loop-entry"},"taxonomy_info":{"product_brand":[{"value":1287,"label":"Puma"}],"product_cat":[{"value":1415,"label":"Ameryka \u015arodkowa i P\u00f3\u0142nocna"}],"pa_dodatkoweinformacje":[{"value":1839,"label":"Koszulka bawe\u0142niana"}],"pa_location":[{"value":1494,"label":"FILIP"}],"pa_rozmiar":[{"value":1817,"label":"L"}]},"featured_image_src_large":["https:\/\/footballthrift.shop\/wp-content\/uploads\/2021\/10\/9657-Koszulka-bawelniana-Chicago-Fire-L-1024x1024.jpg",1024,1024,true],"author_info":[],"comment_info":"","_links":{"self":[{"href":"https:\/\/footballthrift.shop\/de\/wp-json\/wp\/v2\/product\/16873","targetHints":{"allow":["GET"]}}],"collection":[{"href":"https:\/\/footballthrift.shop\/de\/wp-json\/wp\/v2\/product"}],"about":[{"href":"https:\/\/footballthrift.shop\/de\/wp-json\/wp\/v2\/types\/product"}],"wp:featuredmedia":[{"embeddable":true,"href":"https:\/\/footballthrift.shop\/de\/wp-json\/wp\/v2\/media\/16866"}],"wp:attachment":[{"href":"https:\/\/footballthrift.shop\/de\/wp-json\/wp\/v2\/media?parent=16873"}],"wp:term":[{"taxonomy":"product_brand","embeddable":true,"href":"https:\/\/footballthrift.shop\/de\/wp-json\/wp\/v2\/product_brand?post=16873"},{"taxonomy":"product_cat","embeddable":true,"href":"https:\/\/footballthrift.shop\/de\/wp-json\/wp\/v2\/product_cat?post=16873"},{"taxonomy":"product_tag","embeddable":true,"href":"https:\/\/footballthrift.shop\/de\/wp-json\/wp\/v2\/product_tag?post=16873"}],"curies":[{"name":"wp","href":"https:\/\/api.w.org\/{rel}","templated":true}]}}