{"id":16849,"date":"2021-10-28T18:22:11","date_gmt":"2021-10-28T16:22:11","guid":{"rendered":"https:\/\/footballthrift.shop\/koszulka-do-pilki-recznej-norwegia-199395-2-m\/"},"modified":"2026-03-09T11:37:28","modified_gmt":"2026-03-09T10:37:28","slug":"koszulka-do-pilki-recznej-norwegia-199395-2-m","status":"publish","type":"product","link":"https:\/\/footballthrift.shop\/de\/koszulka-do-pilki-recznej-norwegia-199395-2-m\/","title":{"rendered":"PI\u0141KA R\u0118CZNA Norwegia 1993\/95 2 [M]"},"content":{"rendered":"<p><strong>Verein:<\/strong> Norwegen<\/p>\n<p><strong>Saison:<\/strong> 1993\/95<\/p>\n<p><strong>Gr\u00f6\u00dfe:<\/strong> M<\/p>\n<p><strong>Ma\u00dfe (Achselbreite\/L\u00e4nge) in cm:\u00a0<\/strong>56\/75<\/p>\n<p><strong>Zustand:<\/strong> Gut - rissige Abz\u00fcge.<\/p>\n<p><strong>Infos:<\/strong> Trikot der norwegischen Handballmannschaft, wahrscheinlich 93\/95 getragen.<\/p>","protected":false},"excerpt":{"rendered":"<p>PI\u0141KA R\u0118CZNA Norwegia 1993\/95 2 [M]<\/p>\n","protected":false},"featured_media":16844,"template":"","meta":{"_kad_blocks_custom_css":"","_kad_blocks_head_custom_js":"","_kad_blocks_body_custom_js":"","_kad_blocks_footer_custom_js":"","_kad_post_transparent":"default","_kad_post_title":"","_kad_post_layout":"default","_kad_post_sidebar_id":"","_kad_post_content_style":"default","_kad_post_vertical_padding":"default","_kad_post_feature":"","_kad_post_feature_position":"","_kad_post_header":false,"_kad_post_footer":false,"_kad_post_classname":""},"product_brand":[1283],"product_cat":[1408,1424,1957],"product_tag":[],"class_list":{"0":"post-16849","1":"product","2":"type-product","3":"status-publish","4":"has-post-thumbnail","6":"product_brand-adidas","7":"product_cat-inne","8":"product_cat-inne-sporty","9":"product_cat-pilka-reczna","10":"pa_dodatkoweinformacje-koszulkadopilkirecznej","11":"pa_location-filip","12":"pa_numer-1890","13":"pa_rozmiar-m","14":"pa_sezon-1560","16":"first","17":"instock","18":"taxable","19":"shipping-taxable","20":"purchasable","21":"product-type-simple","22":"entry","23":"content-bg","24":"loop-entry"},"taxonomy_info":{"product_brand":[{"value":1283,"label":"Adidas"}],"product_cat":[{"value":1408,"label":"INNE"},{"value":1424,"label":"Inne sporty"},{"value":1957,"label":"Pi\u0142ka R\u0119czna"}],"pa_dodatkoweinformacje":[{"value":1855,"label":"Koszulka do pi\u0142ki r\u0119cznej"}],"pa_location":[{"value":1494,"label":"FILIP"}],"pa_numer":[{"value":1890,"label":"2"}],"pa_rozmiar":[{"value":1816,"label":"M"}],"pa_sezon":[{"value":1560,"label":"1993\/95"}]},"featured_image_src_large":["https:\/\/footballthrift.shop\/wp-content\/uploads\/2021\/10\/10561-Koszulka-do-pilki-recznej-Norwegia-199395-2-M-1024x1024.jpg",1024,1024,true],"author_info":[],"comment_info":"","_links":{"self":[{"href":"https:\/\/footballthrift.shop\/de\/wp-json\/wp\/v2\/product\/16849","targetHints":{"allow":["GET"]}}],"collection":[{"href":"https:\/\/footballthrift.shop\/de\/wp-json\/wp\/v2\/product"}],"about":[{"href":"https:\/\/footballthrift.shop\/de\/wp-json\/wp\/v2\/types\/product"}],"wp:featuredmedia":[{"embeddable":true,"href":"https:\/\/footballthrift.shop\/de\/wp-json\/wp\/v2\/media\/16844"}],"wp:attachment":[{"href":"https:\/\/footballthrift.shop\/de\/wp-json\/wp\/v2\/media?parent=16849"}],"wp:term":[{"taxonomy":"product_brand","embeddable":true,"href":"https:\/\/footballthrift.shop\/de\/wp-json\/wp\/v2\/product_brand?post=16849"},{"taxonomy":"product_cat","embeddable":true,"href":"https:\/\/footballthrift.shop\/de\/wp-json\/wp\/v2\/product_cat?post=16849"},{"taxonomy":"product_tag","embeddable":true,"href":"https:\/\/footballthrift.shop\/de\/wp-json\/wp\/v2\/product_tag?post=16849"}],"curies":[{"name":"wp","href":"https:\/\/api.w.org\/{rel}","templated":true}]}}