{"id":16760,"date":"2021-10-08T18:12:03","date_gmt":"2021-10-08T16:12:03","guid":{"rendered":"https:\/\/footballthrift.shop\/koszulka-do-pilki-recznej-winterthur-1994-95-9-m-l\/"},"modified":"2026-03-09T11:37:49","modified_gmt":"2026-03-09T10:37:49","slug":"koszulka-do-pilki-recznej-winterthur-1994-95-9-m-l","status":"publish","type":"product","link":"https:\/\/footballthrift.shop\/de\/koszulka-do-pilki-recznej-winterthur-1994-95-9-m-l\/","title":{"rendered":"PI\u0141KA R\u0118CZNA Pfadi Winterthur 1994\/95 9 [M\/L]"},"content":{"rendered":"<p><strong>Verein: <\/strong>Pfadi Winterthur<\/p>\n<p><strong>Saison: <\/strong>1994\/95<\/p>\n<p><strong>Gr\u00f6\u00dfe: <\/strong>M\/L<\/p>\n<p><strong>Zustand:<\/strong> Befriedigend - vereinzelte Risse, leichter Riss an der Nummer auf der R\u00fcckseite, Vereinswappen abgenutzt.<\/p>\n<p><strong>Ma\u00dfe (Achselbreite\/L\u00e4nge) in cm:\u00a0<\/strong>54\/70<\/p>\n<p><strong>Zus\u00e4tzliche Informationen:<\/strong> Das Trikot des Schweizer Vereins Pfadi Winterthur aus der Saison 1994\/95, einer Saison, die mit der nationalen Meisterschaft endete, einer von neun in der Geschichte des Vereins. Ein identisches Trikotdesign wurde damals von Borussia Dortmund verwendet! Bei dem Trikot handelt es sich wahrscheinlich um ein Spieltrikot.<\/p>","protected":false},"excerpt":{"rendered":"<p>PI\u0141KA R\u0118CZNA Pfadi Winterthur 1994\/95 9 [M\/L]<\/p>\n","protected":false},"featured_media":16754,"template":"","meta":{"_kad_blocks_custom_css":"","_kad_blocks_head_custom_js":"","_kad_blocks_body_custom_js":"","_kad_blocks_footer_custom_js":"","_kad_post_transparent":"default","_kad_post_title":"","_kad_post_layout":"default","_kad_post_sidebar_id":"","_kad_post_content_style":"default","_kad_post_vertical_padding":"default","_kad_post_feature":"","_kad_post_feature_position":"","_kad_post_header":false,"_kad_post_footer":false,"_kad_post_classname":""},"product_brand":[1284],"product_cat":[1408,1424,1957],"product_tag":[],"class_list":{"0":"post-16760","1":"product","2":"type-product","3":"status-publish","4":"has-post-thumbnail","6":"product_brand-nike","7":"product_cat-inne","8":"product_cat-inne-sporty","9":"product_cat-pilka-reczna","10":"pa_dodatkoweinformacje-koszulkadopilkirecznej","11":"pa_location-filip","12":"pa_numer-1880","13":"pa_rozmiar-l","14":"pa_rozmiar-m","15":"pa_sezon-1497","17":"first","18":"instock","19":"taxable","20":"shipping-taxable","21":"purchasable","22":"product-type-simple","23":"entry","24":"content-bg","25":"loop-entry"},"taxonomy_info":{"product_brand":[{"value":1284,"label":"Nike"}],"product_cat":[{"value":1408,"label":"INNE"},{"value":1424,"label":"Inne sporty"},{"value":1957,"label":"Pi\u0142ka R\u0119czna"}],"pa_dodatkoweinformacje":[{"value":1855,"label":"Koszulka do pi\u0142ki r\u0119cznej"}],"pa_location":[{"value":1494,"label":"FILIP"}],"pa_numer":[{"value":1880,"label":"9"}],"pa_rozmiar":[{"value":1817,"label":"L"},{"value":1816,"label":"M"}],"pa_sezon":[{"value":1497,"label":"1994\/95"}]},"featured_image_src_large":["https:\/\/footballthrift.shop\/wp-content\/uploads\/2021\/10\/16687-Koszulka-do-pilki-recznej-Pfadi-Winterthur-199495-9-ML-1024x1024.jpg",1024,1024,true],"author_info":[],"comment_info":"","_links":{"self":[{"href":"https:\/\/footballthrift.shop\/de\/wp-json\/wp\/v2\/product\/16760","targetHints":{"allow":["GET"]}}],"collection":[{"href":"https:\/\/footballthrift.shop\/de\/wp-json\/wp\/v2\/product"}],"about":[{"href":"https:\/\/footballthrift.shop\/de\/wp-json\/wp\/v2\/types\/product"}],"wp:featuredmedia":[{"embeddable":true,"href":"https:\/\/footballthrift.shop\/de\/wp-json\/wp\/v2\/media\/16754"}],"wp:attachment":[{"href":"https:\/\/footballthrift.shop\/de\/wp-json\/wp\/v2\/media?parent=16760"}],"wp:term":[{"taxonomy":"product_brand","embeddable":true,"href":"https:\/\/footballthrift.shop\/de\/wp-json\/wp\/v2\/product_brand?post=16760"},{"taxonomy":"product_cat","embeddable":true,"href":"https:\/\/footballthrift.shop\/de\/wp-json\/wp\/v2\/product_cat?post=16760"},{"taxonomy":"product_tag","embeddable":true,"href":"https:\/\/footballthrift.shop\/de\/wp-json\/wp\/v2\/product_tag?post=16760"}],"curies":[{"name":"wp","href":"https:\/\/api.w.org\/{rel}","templated":true}]}}