{"id":16720,"date":"2021-10-08T18:11:54","date_gmt":"2021-10-08T16:11:54","guid":{"rendered":"https:\/\/footballthrift.shop\/werder-brema-2009-10-third-22-frings-s\/"},"modified":"2026-03-09T11:37:49","modified_gmt":"2026-03-09T10:37:49","slug":"werder-brema-2009-10-drittel-22-frings-s","status":"publish","type":"product","link":"https:\/\/footballthrift.shop\/de\/werder-brema-2009-10-third-22-frings-s\/","title":{"rendered":"Koszulka pi\u0142karska Werder Brema 2009\/10 Third 22 Frings [S]"},"content":{"rendered":"<p><strong>Verein: <\/strong>Werder Bremen<\/p>\n<p><strong>Spieler: <\/strong>22 Fringe<\/p>\n<p><strong>Saison: <\/strong>2009\/10 Dritter<\/p>\n<p><strong>Gr\u00f6\u00dfe: <\/strong>S<\/p>\n<p><strong>Ma\u00dfe (Achselbreite\/L\u00e4nge) in cm:\u00a0<\/strong>46\/68<\/p>\n<p><strong>Zustand:<\/strong> Sehr gut - leicht rissiger Druck auf der R\u00fcckseite.<\/p>","protected":false},"excerpt":{"rendered":"<p data-start=\"80\" data-end=\"171\">Urspr\u00fcngliches Drittel<strong data-start=\"80\" data-end=\"169\"> Werder Bremen Fu\u00dfballtrikot <\/strong>aus der Saison 2009\/10<strong data-start=\"80\" data-end=\"169\"> - hergestellt von Nike<\/strong><\/p>\n<p data-start=\"173\" data-end=\"623\">Dieses orangefarbene Original-Trikot von Werder Bremen aus der Saison 2009\/10 ist das offizielle dritte Spieltrikot, das von Nike produziert wurde. Es zeichnet sich durch eine f\u00fcr den Verein ungew\u00f6hnliche Farbgebung aus - ein intensiver Orangeton mit dunkelgr\u00fcnen Abschl\u00fcssen an Kragen und B\u00fcndchen. Auf der Vorderseite ist das Logo des Sponsors abgebildet. <strong data-start=\"478\" data-end=\"503\">\"So geht Bank heute.\"<\/strong>Daneben das klassische Nike-Logo und das Werder-Wappen mit dem Meisterschaftsstern.<\/p>\n<p data-start=\"625\" data-end=\"1022\">Der Name auf der R\u00fcckseite lautet <strong data-start=\"654\" data-end=\"664\">Frings<\/strong> und Nummer <strong data-start=\"673\" data-end=\"679\">22<\/strong> - die einem der bekanntesten Fu\u00dfballer in der Geschichte des Vereins geh\u00f6rt. <strong data-start=\"759\" data-end=\"777\">Torsten Frings<\/strong>, ehemaliger deutscher Nationalspieler, war damals eine Schl\u00fcsselfigur im Mittelfeld, die Erfahrung mit einer hartn\u00e4ckigen Spielweise verband. In der Saison 2009\/10 f\u00fchrte er die Mannschaft in der Bundesliga und in der Europa League an, wo Werder bis ins Finale vorstie\u00df. <strong>DFB-Pokal<\/strong>.<\/p>\n<p data-start=\"1024\" data-end=\"1319\">Das mit der Nike Dri-FIT-Technologie gefertigte Trikot sorgte f\u00fcr gute Bel\u00fcftung und Komfort w\u00e4hrend des Spiels. Es handelt sich um ein einzigartiges Modell, das ein originelles Design, die Geschichte des Vereins und den Namen eines seiner legend\u00e4ren Spieler vereint - eine perfekte Wahl f\u00fcr Sammler und Fans der <strong>Deutsch<\/strong> Fu\u00dfball.<\/p>","protected":false},"featured_media":16714,"template":"","meta":{"_kad_blocks_custom_css":"","_kad_blocks_head_custom_js":"","_kad_blocks_body_custom_js":"","_kad_blocks_footer_custom_js":"","_kad_post_transparent":"default","_kad_post_title":"","_kad_post_layout":"default","_kad_post_sidebar_id":"","_kad_post_content_style":"default","_kad_post_vertical_padding":"default","_kad_post_feature":"","_kad_post_feature_position":"","_kad_post_header":false,"_kad_post_footer":false,"_kad_post_classname":""},"product_brand":[1284],"product_cat":[1427,1486],"product_tag":[],"class_list":{"0":"post-16720","1":"product","2":"type-product","3":"status-publish","4":"has-post-thumbnail","6":"product_brand-nike","7":"product_cat-niemcy","8":"product_cat-kluby-niemieckie-werderbrema","9":"pa_homeawaythird-third","10":"pa_location-filip","11":"pa_napis-frings","12":"pa_numer-1905","13":"pa_rozmiar-s","14":"pa_sezon-1518","16":"first","17":"instock","18":"taxable","19":"shipping-taxable","20":"purchasable","21":"product-type-simple","22":"entry","23":"content-bg","24":"loop-entry"},"taxonomy_info":{"product_brand":[{"value":1284,"label":"Nike"}],"product_cat":[{"value":1427,"label":"Kluby Niemieckie"},{"value":1486,"label":"Werder Brema"}],"pa_homeawaythird":[{"value":1599,"label":"Third"}],"pa_location":[{"value":1494,"label":"FILIP"}],"pa_napis":[{"value":1802,"label":"Frings"}],"pa_numer":[{"value":1905,"label":"22"}],"pa_rozmiar":[{"value":1815,"label":"S"}],"pa_sezon":[{"value":1518,"label":"2009\/10"}]},"featured_image_src_large":["https:\/\/footballthrift.shop\/wp-content\/uploads\/2021\/10\/9711-Werder-Brema-200910-Third-22-Frings-S-1024x1024.jpg",1024,1024,true],"author_info":[],"comment_info":"","_links":{"self":[{"href":"https:\/\/footballthrift.shop\/de\/wp-json\/wp\/v2\/product\/16720","targetHints":{"allow":["GET"]}}],"collection":[{"href":"https:\/\/footballthrift.shop\/de\/wp-json\/wp\/v2\/product"}],"about":[{"href":"https:\/\/footballthrift.shop\/de\/wp-json\/wp\/v2\/types\/product"}],"wp:featuredmedia":[{"embeddable":true,"href":"https:\/\/footballthrift.shop\/de\/wp-json\/wp\/v2\/media\/16714"}],"wp:attachment":[{"href":"https:\/\/footballthrift.shop\/de\/wp-json\/wp\/v2\/media?parent=16720"}],"wp:term":[{"taxonomy":"product_brand","embeddable":true,"href":"https:\/\/footballthrift.shop\/de\/wp-json\/wp\/v2\/product_brand?post=16720"},{"taxonomy":"product_cat","embeddable":true,"href":"https:\/\/footballthrift.shop\/de\/wp-json\/wp\/v2\/product_cat?post=16720"},{"taxonomy":"product_tag","embeddable":true,"href":"https:\/\/footballthrift.shop\/de\/wp-json\/wp\/v2\/product_tag?post=16720"}],"curies":[{"name":"wp","href":"https:\/\/api.w.org\/{rel}","templated":true}]}}