{"id":16686,"date":"2021-10-08T18:11:43","date_gmt":"2021-10-08T16:11:43","guid":{"rendered":"https:\/\/footballthrift.shop\/valerenga-2009-10-away-m\/"},"modified":"2026-03-09T11:37:49","modified_gmt":"2026-03-09T10:37:49","slug":"valerenga-2009-10-away-m","status":"publish","type":"product","link":"https:\/\/footballthrift.shop\/de\/valerenga-2009-10-away-m\/","title":{"rendered":"Koszulka pi\u0142karska Valerenga 2009\/10 Away [L]"},"content":{"rendered":"<p><strong>Verein: <\/strong>Valerenga<\/p>\n<p><strong>Saison: <\/strong>2009\/10 Ausw\u00e4rts<\/p>\n<p><strong>Gr\u00f6\u00dfe: <\/strong>L<\/p>\n<p><strong>Zustand:<\/strong> Gut - Flecken auf dem \u00c4rmel.<\/p>\n<p><strong>Ma\u00dfe (Achselbreite\/L\u00e4nge) in cm:\u00a0<\/strong>53\/72(vorne), 76(hinten)<\/p>","protected":false},"excerpt":{"rendered":"<p data-start=\"60\" data-end=\"153\">Das Original ist weg<strong data-start=\"60\" data-end=\"151\"> V\u00e5lerenga IF Fu\u00dfballtrikot <\/strong>aus der Saison 2009\/10 <strong data-start=\"60\" data-end=\"151\">- von Kappa<\/strong><\/p>\n<p data-start=\"155\" data-end=\"468\">Dieses Original-T-Shirt <strong>V\u00e5lerenga<\/strong> <strong>IF<\/strong> aus der Saison 2009\/10 ist das offizielle Ausw\u00e4rtsmodell der italienischen Marke Kappa. Es ist in Blau gehalten und hat einen eleganten dunkelblauen Kragen. Es verk\u00f6rpert den typischen Stil von Kappa, der sportlichen Minimalismus mit hochwertiger Verarbeitung kombiniert.<\/p>\n<p data-start=\"470\" data-end=\"862\">Die Vorderseite zeigt das Logo des Sponsors <strong data-start=\"507\" data-end=\"519\">Hafslund<\/strong>die einen perfekten Kontrast zu dem hellen Hintergrund des T-Shirts und dem Namen des Sponsors auf der R\u00fcckseite bildet. <strong data-start=\"610\" data-end=\"619\">Entra<\/strong>was die volle Authentizit\u00e4t des St\u00fccks unterstreicht. Mit seinen leichten, atmungsaktiven Materialien bietet das Trikot den Spielern Spielkomfort und Bewegungsfreiheit, und sein taillierter Schnitt entspricht der Designlinie von Kappa aus dem sp\u00e4ten ersten Jahrzehnt des 21.<\/p>\n<p data-start=\"864\" data-end=\"1233\">Der norwegische Verein V\u00e5lerenga IF ist den polnischen Fans vor allem durch sein denkw\u00fcrdiges Spiel im Europapokal bekannt, als er Wis\u0142a Krakau ausschaltete und damit Geschichte in der polnisch-norwegischen Fu\u00dfballbegegnung schrieb. Dieses Modell aus der Saison 2009\/10 erh\u00e4lt daher eine zus\u00e4tzliche Bedeutung, da es nicht nur sportliches Design, sondern auch einen einzigartigen historischen Kontext vereint.<\/p>\n<p data-start=\"1235\" data-end=\"1458\">Eine ausgezeichnete Wahl f\u00fcr Sammler von Original-Fu\u00dfballtrikots, Fans des skandinavischen Fu\u00dfballs und Anh\u00e4nger der norwegischen Mannschaft <strong>V\u00e5lerenga IF<\/strong>die ein einzigartiges Ausw\u00e4rtsoutfit mit reichhaltigem Sporthintergrund sch\u00e4tzen.<\/p>","protected":false},"featured_media":16680,"template":"","meta":{"_kad_blocks_custom_css":"","_kad_blocks_head_custom_js":"","_kad_blocks_body_custom_js":"","_kad_blocks_footer_custom_js":"","_kad_post_transparent":"default","_kad_post_title":"","_kad_post_layout":"default","_kad_post_sidebar_id":"","_kad_post_content_style":"default","_kad_post_vertical_padding":"default","_kad_post_feature":"","_kad_post_feature_position":"","_kad_post_header":false,"_kad_post_footer":false,"_kad_post_classname":""},"product_brand":[1290],"product_cat":[1434,1488],"product_tag":[],"class_list":{"0":"post-16686","1":"product","2":"type-product","3":"status-publish","4":"has-post-thumbnail","6":"product_brand-kappa","7":"product_cat-europa","8":"product_cat-kluby-skandynawskie","9":"pa_homeawaythird-away","10":"pa_location-filip","11":"pa_rozmiar-l","12":"pa_sezon-1518","14":"first","15":"instock","16":"taxable","17":"shipping-taxable","18":"purchasable","19":"product-type-simple","20":"entry","21":"content-bg","22":"loop-entry"},"taxonomy_info":{"product_brand":[{"value":1290,"label":"Kappa"}],"product_cat":[{"value":1434,"label":"Kluby Europejskie"},{"value":1488,"label":"Skandynawia"}],"pa_homeawaythird":[{"value":1598,"label":"Away"}],"pa_location":[{"value":1494,"label":"FILIP"}],"pa_rozmiar":[{"value":1817,"label":"L"}],"pa_sezon":[{"value":1518,"label":"2009\/10"}]},"featured_image_src_large":["https:\/\/footballthrift.shop\/wp-content\/uploads\/2021\/10\/13251-Valerenga-200910-Away-L-1024x1024.jpg",1024,1024,true],"author_info":[],"comment_info":"","_links":{"self":[{"href":"https:\/\/footballthrift.shop\/de\/wp-json\/wp\/v2\/product\/16686","targetHints":{"allow":["GET"]}}],"collection":[{"href":"https:\/\/footballthrift.shop\/de\/wp-json\/wp\/v2\/product"}],"about":[{"href":"https:\/\/footballthrift.shop\/de\/wp-json\/wp\/v2\/types\/product"}],"wp:featuredmedia":[{"embeddable":true,"href":"https:\/\/footballthrift.shop\/de\/wp-json\/wp\/v2\/media\/16680"}],"wp:attachment":[{"href":"https:\/\/footballthrift.shop\/de\/wp-json\/wp\/v2\/media?parent=16686"}],"wp:term":[{"taxonomy":"product_brand","embeddable":true,"href":"https:\/\/footballthrift.shop\/de\/wp-json\/wp\/v2\/product_brand?post=16686"},{"taxonomy":"product_cat","embeddable":true,"href":"https:\/\/footballthrift.shop\/de\/wp-json\/wp\/v2\/product_cat?post=16686"},{"taxonomy":"product_tag","embeddable":true,"href":"https:\/\/footballthrift.shop\/de\/wp-json\/wp\/v2\/product_tag?post=16686"}],"curies":[{"name":"wp","href":"https:\/\/api.w.org\/{rel}","templated":true}]}}