{"id":16671,"date":"2021-10-08T18:11:37","date_gmt":"2021-10-08T16:11:37","guid":{"rendered":"https:\/\/footballthrift.shop\/koszulka-treningowa-umbro-l\/"},"modified":"2026-03-09T11:37:50","modified_gmt":"2026-03-09T10:37:50","slug":"umbro-trainingsshirt-l","status":"publish","type":"product","link":"https:\/\/footballthrift.shop\/de\/koszulka-treningowa-umbro-l\/","title":{"rendered":"Koszulka treningowa Umbro [L]"},"content":{"rendered":"<p><strong>Gr\u00f6\u00dfe: <\/strong>L<\/p>\n<p><strong>Ma\u00dfe (Achselbreite\/L\u00e4nge) in cm: <\/strong>57\/74<\/p>\n<p><strong>Zustand:<\/strong> Gut - Inzidenzen der Rekrutierung.<\/p>","protected":false},"excerpt":{"rendered":"<p>Original rot <strong>Umbro Trainingsshirt<\/strong>. Hergestellt aus leichtem und atmungsaktivem Material, ideal f\u00fcr intensive sportliche Aktivit\u00e4ten oder als Teil einer Fu\u00dfball-Kollektion. Klassisches Design <strong>Umbro<\/strong> kombiniert Einfachheit und Funktionalit\u00e4t, um ein komfortables Training zu garantieren.<\/p>","protected":false},"featured_media":16665,"template":"","meta":{"_kad_blocks_custom_css":"","_kad_blocks_head_custom_js":"","_kad_blocks_body_custom_js":"","_kad_blocks_footer_custom_js":"","_kad_post_transparent":"default","_kad_post_title":"","_kad_post_layout":"default","_kad_post_sidebar_id":"","_kad_post_content_style":"default","_kad_post_vertical_padding":"default","_kad_post_feature":"","_kad_post_feature_position":"","_kad_post_header":false,"_kad_post_footer":false,"_kad_post_classname":""},"product_brand":[1285],"product_cat":[1408,1423],"product_tag":[],"class_list":{"0":"post-16671","1":"product","2":"type-product","3":"status-publish","4":"has-post-thumbnail","6":"product_brand-umbro","7":"product_cat-inne","8":"product_cat-kurtkibluzytrening","9":"pa_dodatkoweinformacje-koszulkatreningowa","10":"pa_location-filip","11":"pa_rozmiar-l","13":"first","14":"instock","15":"taxable","16":"shipping-taxable","17":"purchasable","18":"product-type-simple","19":"entry","20":"content-bg","21":"loop-entry"},"taxonomy_info":{"product_brand":[{"value":1285,"label":"Umbro"}],"product_cat":[{"value":1408,"label":"INNE"},{"value":1423,"label":"Kurtki\/bluzy\/trening"}],"pa_dodatkoweinformacje":[{"value":1825,"label":"Koszulka treningowa"}],"pa_location":[{"value":1494,"label":"FILIP"}],"pa_rozmiar":[{"value":1817,"label":"L"}]},"featured_image_src_large":["https:\/\/footballthrift.shop\/wp-content\/uploads\/2021\/10\/13755-Koszulka-treningowa-Umbro-L-1024x1024.jpg",1024,1024,true],"author_info":[],"comment_info":"","_links":{"self":[{"href":"https:\/\/footballthrift.shop\/de\/wp-json\/wp\/v2\/product\/16671","targetHints":{"allow":["GET"]}}],"collection":[{"href":"https:\/\/footballthrift.shop\/de\/wp-json\/wp\/v2\/product"}],"about":[{"href":"https:\/\/footballthrift.shop\/de\/wp-json\/wp\/v2\/types\/product"}],"wp:featuredmedia":[{"embeddable":true,"href":"https:\/\/footballthrift.shop\/de\/wp-json\/wp\/v2\/media\/16665"}],"wp:attachment":[{"href":"https:\/\/footballthrift.shop\/de\/wp-json\/wp\/v2\/media?parent=16671"}],"wp:term":[{"taxonomy":"product_brand","embeddable":true,"href":"https:\/\/footballthrift.shop\/de\/wp-json\/wp\/v2\/product_brand?post=16671"},{"taxonomy":"product_cat","embeddable":true,"href":"https:\/\/footballthrift.shop\/de\/wp-json\/wp\/v2\/product_cat?post=16671"},{"taxonomy":"product_tag","embeddable":true,"href":"https:\/\/footballthrift.shop\/de\/wp-json\/wp\/v2\/product_tag?post=16671"}],"curies":[{"name":"wp","href":"https:\/\/api.w.org\/{rel}","templated":true}]}}