{"id":16639,"date":"2021-10-08T18:11:30","date_gmt":"2021-10-08T16:11:30","guid":{"rendered":"https:\/\/footballthrift.shop\/koszulka-sedziowska-the-referees-association-90-s-l\/"},"modified":"2026-03-09T11:37:50","modified_gmt":"2026-03-09T10:37:50","slug":"koszulka-sedziowska-the-referees-association-90-s-l","status":"publish","type":"product","link":"https:\/\/footballthrift.shop\/de\/koszulka-sedziowska-the-referees-association-90-s-l\/","title":{"rendered":"Koszulka s\u0119dziowska The Referees Association 90&#8217;s [L]"},"content":{"rendered":"<p><strong>Verein: <\/strong>Die Schiedsrichtervereinigung<\/p>\n<p><strong>Saison: <\/strong>90'S<\/p>\n<p><strong>Gr\u00f6\u00dfe: <\/strong>L<\/p>\n<p><strong>Ma\u00dfe (Achselbreite\/L\u00e4nge) in cm:\u00a0<\/strong>52\/69<\/p>\n<p>&nbsp;<\/p>","protected":false},"excerpt":{"rendered":"<p>Original schwarzes T-shirt <strong>Schiedsrichter<\/strong> <strong>Umbro<\/strong> aus den 1990er Jahren - ein Modell, das in englischen Ligen verwendet wird. Klassisches Design in einem schlanken, minimalistischen Stil <strong>Umbro<\/strong> unterstreicht den professionellen Charakter des Outfits.<\/p>\n<p data-start=\"632\" data-end=\"933\">Das Trikot ist aus strapazierf\u00e4higem, leichtem Material gefertigt, das Komfort und Funktionalit\u00e4t w\u00e4hrend des Spiels garantiert. Es ist ein einzigartiges Kleidungsst\u00fcck, das die Atmosph\u00e4re des Fu\u00dfballs in den 1990er Jahren widerspiegelt, als Umbro eine Schl\u00fcsselrolle bei der Entwicklung von Fu\u00dfballausr\u00fcstung auf h\u00f6chstem Niveau spielte.<\/p>\n<p data-start=\"935\" data-end=\"1189\">Heute hat dieses Modell nicht nur einen Gebrauchswert, sondern vor allem <strong>Sammlerst\u00fcck<\/strong> - ist ideal f\u00fcr Fans klassischer Fu\u00dfballtrikots, f\u00fcr diejenigen, die sich f\u00fcr die Geschichte der englischen Ligen interessieren und f\u00fcr Liebhaber einzigartiger Designs <strong>Umbro<\/strong> vor Jahren.<\/p>","protected":false},"featured_media":16632,"template":"","meta":{"_kad_blocks_custom_css":"","_kad_blocks_head_custom_js":"","_kad_blocks_body_custom_js":"","_kad_blocks_footer_custom_js":"","_kad_post_transparent":"default","_kad_post_title":"","_kad_post_layout":"default","_kad_post_sidebar_id":"","_kad_post_content_style":"default","_kad_post_vertical_padding":"default","_kad_post_feature":"","_kad_post_feature_position":"","_kad_post_header":false,"_kad_post_footer":false,"_kad_post_classname":""},"product_brand":[1285],"product_cat":[1408,1416],"product_tag":[],"class_list":{"0":"post-16639","1":"product","2":"type-product","3":"status-publish","4":"has-post-thumbnail","6":"product_brand-umbro","7":"product_cat-inne","8":"product_cat-koszulki-sedziowskie","9":"pa_dodatkoweinformacje-koszulkasedziowska","10":"pa_location-filip","11":"pa_rozmiar-l","12":"pa_sezon-90s","14":"first","15":"instock","16":"taxable","17":"shipping-taxable","18":"purchasable","19":"product-type-simple","20":"entry","21":"content-bg","22":"loop-entry"},"taxonomy_info":{"product_brand":[{"value":1285,"label":"Umbro"}],"product_cat":[{"value":1408,"label":"INNE"},{"value":1416,"label":"Koszulki s\u0119dziowskie"}],"pa_dodatkoweinformacje":[{"value":1858,"label":"Koszulka s\u0119dziowska"}],"pa_location":[{"value":1494,"label":"FILIP"}],"pa_rozmiar":[{"value":1817,"label":"L"}],"pa_sezon":[{"value":1575,"label":"90's"}]},"featured_image_src_large":["https:\/\/footballthrift.shop\/wp-content\/uploads\/2021\/10\/13723-Koszulka-sedziowska-The-Referees-Association-90s-L-1024x1024.jpg",1024,1024,true],"author_info":[],"comment_info":"","_links":{"self":[{"href":"https:\/\/footballthrift.shop\/de\/wp-json\/wp\/v2\/product\/16639","targetHints":{"allow":["GET"]}}],"collection":[{"href":"https:\/\/footballthrift.shop\/de\/wp-json\/wp\/v2\/product"}],"about":[{"href":"https:\/\/footballthrift.shop\/de\/wp-json\/wp\/v2\/types\/product"}],"wp:featuredmedia":[{"embeddable":true,"href":"https:\/\/footballthrift.shop\/de\/wp-json\/wp\/v2\/media\/16632"}],"wp:attachment":[{"href":"https:\/\/footballthrift.shop\/de\/wp-json\/wp\/v2\/media?parent=16639"}],"wp:term":[{"taxonomy":"product_brand","embeddable":true,"href":"https:\/\/footballthrift.shop\/de\/wp-json\/wp\/v2\/product_brand?post=16639"},{"taxonomy":"product_cat","embeddable":true,"href":"https:\/\/footballthrift.shop\/de\/wp-json\/wp\/v2\/product_cat?post=16639"},{"taxonomy":"product_tag","embeddable":true,"href":"https:\/\/footballthrift.shop\/de\/wp-json\/wp\/v2\/product_tag?post=16639"}],"curies":[{"name":"wp","href":"https:\/\/api.w.org\/{rel}","templated":true}]}}