{"id":16522,"date":"2021-10-08T18:11:18","date_gmt":"2021-10-08T16:11:18","guid":{"rendered":"https:\/\/footballthrift.shop\/sunderland-afc-2001-02-away-l\/"},"modified":"2026-03-09T11:37:51","modified_gmt":"2026-03-09T10:37:51","slug":"sunderland-afc-2001-02-away-l","status":"publish","type":"product","link":"https:\/\/footballthrift.shop\/de\/sunderland-afc-2001-02-away-l\/","title":{"rendered":"Koszulka pi\u0142karska Sunderland AFC 2001\/02 Away [L]"},"content":{"rendered":"<p><strong>Verein: <\/strong>Sunderland AFC<\/p>\n<p><strong>Saison: <\/strong>2001\/02 Ausw\u00e4rts<\/p>\n<p><strong>Gr\u00f6\u00dfe: <\/strong>L<\/p>\n<p><strong>Ma\u00dfe (Achselbreite\/L\u00e4nge) in cm:\u00a0<\/strong>58\/72<\/p>\n<p><strong>Zustand:<\/strong> Gut - T-Shirt hat kleine N\u00e4hte.<\/p>","protected":false},"excerpt":{"rendered":"<p data-start=\"55\" data-end=\"151\">Original Fu\u00dfballtrikot<strong data-start=\"55\" data-end=\"149\"> Sunderland AFC aus der Saison 2001\/02 - ausw\u00e4rts, hergestellt von Nike.<\/strong><\/p>\n<p data-start=\"153\" data-end=\"478\">Das Modell ist im typischen Nike-Design dieser Zeit gehalten - das Trikot hat ein <strong data-start=\"236\" data-end=\"273\">marineblaue vertikale Streifen<\/strong>erg\u00e4nzt durch <strong data-start=\"289\" data-end=\"343\">roter Saum an Kragen und Manschetten<\/strong>was einen einzigartigen Kontrast darstellt. Die Vorderseite zeigt das Logo des Sponsors <strong data-start=\"419\" data-end=\"432\">Reg Vardy<\/strong>neben dem Wappen der \"Black Cats\" und dem Nike-Logo.<\/p>\n<p data-start=\"480\" data-end=\"798\">Die Saison 2001\/02 war f\u00fcr <strong>Sunderland<\/strong> eine Zeit, in der die Mannschaft unter der Leitung von Peter Reid in der Premier League spielte und sich im Tabellenmittelfeld befand. Dieses Trikot ist ein Beispiel f\u00fcr die klassischen Ausw\u00e4rtstrikots englischer Mannschaften des fr\u00fchen 21. Jahrhunderts - ein einfaches, aber starkes Design, das immer noch Erinnerungen an diese Jahre weckt.<\/p>\n<p data-start=\"800\" data-end=\"981\">Dies ist ein einzigartiges Angebot f\u00fcr Sammler und Fans von <strong>Sunderland<\/strong>die in ihrer Sammlung ein Trikot aus der Zeit haben m\u00f6chten, als der Verein regelm\u00e4\u00dfig in der englischen Fu\u00dfballelite mitspielte.<\/p>","protected":false},"featured_media":16514,"template":"","meta":{"_kad_blocks_custom_css":"","_kad_blocks_head_custom_js":"","_kad_blocks_body_custom_js":"","_kad_blocks_footer_custom_js":"","_kad_post_transparent":"default","_kad_post_title":"","_kad_post_layout":"default","_kad_post_sidebar_id":"","_kad_post_content_style":"default","_kad_post_vertical_padding":"default","_kad_post_feature":"","_kad_post_feature_position":"","_kad_post_header":false,"_kad_post_footer":false,"_kad_post_classname":""},"product_brand":[1284],"product_cat":[1413,1485],"product_tag":[],"class_list":{"0":"post-16522","1":"product","2":"type-product","3":"status-publish","4":"has-post-thumbnail","6":"product_brand-nike","7":"product_cat-anglia","8":"product_cat-pozostale-kluby-angielskie","9":"pa_homeawaythird-away","10":"pa_location-filip","11":"pa_rozmiar-l","12":"pa_sezon-1559","14":"first","15":"instock","16":"taxable","17":"shipping-taxable","18":"purchasable","19":"product-type-simple","20":"entry","21":"content-bg","22":"loop-entry"},"taxonomy_info":{"product_brand":[{"value":1284,"label":"Nike"}],"product_cat":[{"value":1413,"label":"Kluby Angielskie"},{"value":1485,"label":"Pozosta\u0142e kluby angielskie"}],"pa_homeawaythird":[{"value":1598,"label":"Away"}],"pa_location":[{"value":1494,"label":"FILIP"}],"pa_rozmiar":[{"value":1817,"label":"L"}],"pa_sezon":[{"value":1559,"label":"2001\/02"}]},"featured_image_src_large":["https:\/\/footballthrift.shop\/wp-content\/uploads\/2021\/10\/13806-Sunderland-AFC-200102-Away-L-1024x1024.jpg",1024,1024,true],"author_info":[],"comment_info":"","_links":{"self":[{"href":"https:\/\/footballthrift.shop\/de\/wp-json\/wp\/v2\/product\/16522","targetHints":{"allow":["GET"]}}],"collection":[{"href":"https:\/\/footballthrift.shop\/de\/wp-json\/wp\/v2\/product"}],"about":[{"href":"https:\/\/footballthrift.shop\/de\/wp-json\/wp\/v2\/types\/product"}],"wp:featuredmedia":[{"embeddable":true,"href":"https:\/\/footballthrift.shop\/de\/wp-json\/wp\/v2\/media\/16514"}],"wp:attachment":[{"href":"https:\/\/footballthrift.shop\/de\/wp-json\/wp\/v2\/media?parent=16522"}],"wp:term":[{"taxonomy":"product_brand","embeddable":true,"href":"https:\/\/footballthrift.shop\/de\/wp-json\/wp\/v2\/product_brand?post=16522"},{"taxonomy":"product_cat","embeddable":true,"href":"https:\/\/footballthrift.shop\/de\/wp-json\/wp\/v2\/product_cat?post=16522"},{"taxonomy":"product_tag","embeddable":true,"href":"https:\/\/footballthrift.shop\/de\/wp-json\/wp\/v2\/product_tag?post=16522"}],"curies":[{"name":"wp","href":"https:\/\/api.w.org\/{rel}","templated":true}]}}