{"id":16479,"date":"2021-10-08T18:11:12","date_gmt":"2021-10-08T16:11:12","guid":{"rendered":"https:\/\/footballthrift.shop\/sporting-cristal-1998-00-home-m\/"},"modified":"2026-03-09T11:37:51","modified_gmt":"2026-03-09T10:37:51","slug":"sportliche-kristall-1998-00-heim-m","status":"publish","type":"product","link":"https:\/\/footballthrift.shop\/de\/sporting-cristal-1998-00-home-m\/","title":{"rendered":"Koszulka pi\u0142karska Sporting Cristal 1998\/00 Home [M]"},"content":{"rendered":"<p><strong>Verein: <\/strong>Sportlicher Cristal<\/p>\n<p><strong>Saison: <\/strong>1998\/00 Heimat<\/p>\n<p><strong>Gr\u00f6\u00dfe: <\/strong>M<\/p>\n<p><strong>Ma\u00dfe (Achselbreite\/L\u00e4nge) in cm:\u00a0<\/strong>58\/71<\/p>\n<p><strong>Zustand:<\/strong> Sehr gut - 4 Mikrol\u00f6cher auf der Vorderseite des Shirts.<\/p>","protected":false},"excerpt":{"rendered":"<p data-start=\"64\" data-end=\"155\">Original Fu\u00dfballtrikot<strong data-start=\"64\" data-end=\"153\"> Sporting Cristal aus der Saison 1998\/00 - hergestellt von Adidas.<\/strong><\/p>\n<p data-start=\"157\" data-end=\"447\">Die sp\u00e4ten 1990er Jahre waren eine Zeit, in der <strong data-start=\"191\" data-end=\"211\">Sportlicher Cristal<\/strong> etablierte sich dauerhaft als eine der besten Mannschaften Perus, die regelm\u00e4\u00dfig um die nationale Meisterschaft k\u00e4mpfte und an der Copa Libertadores teilnahm. Aus diesen Jahren stammt dieses Original-Heimtrikot, hergestellt von <strong data-start=\"433\" data-end=\"444\">Adidas<\/strong>.<\/p>\n<p data-start=\"449\" data-end=\"861\">Das Modell wurde in der charakteristischen Form des Clubs beibehalten <strong data-start=\"503\" data-end=\"525\">blau<\/strong>erg\u00e4nzt durch <strong data-start=\"542\" data-end=\"576\">wei\u00dfe Adidas-Streifen an den \u00c4rmeln<\/strong> und der Klassiker <strong data-start=\"592\" data-end=\"612\">wei\u00dfer Kragen<\/strong>. Auf der Vorderseite des Trikots ist das Logo des Sponsors abgebildet <strong data-start=\"657\" data-end=\"668\">Cristal<\/strong> in Gelb, und ein identischer Aufdruck befindet sich auch auf der R\u00fcckseite. Vervollst\u00e4ndigt wird das Ganze durch das Wappen von Sporting Cristal, das stolz die Farben eines der erfolgreichsten Vereine Perus zeigt.<\/p>\n<p data-start=\"863\" data-end=\"1155\">Das Trikot wurde aus hochwertigem Polyester gefertigt, das f\u00fcr die Adidas-Designs der sp\u00e4ten 1990er Jahre typisch war und den Spielern Leichtigkeit und Bewegungsfreiheit bot. Sein schlichtes, aber auff\u00e4lliges Design sorgt daf\u00fcr, dass es bis heute ein begehrtes Souvenir unter s\u00fcdamerikanischen Fu\u00dfballfans ist.<\/p>\n<p data-start=\"1157\" data-end=\"1299\">Es ist eine ausgezeichnete Wahl f\u00fcr <strong data-start=\"1180\" data-end=\"1212\">Retro-T-Shirt-Sammler<\/strong> und Fans, die einzigartige Modelle mit Bezug zur Geschichte des peruanischen Fu\u00dfballs sch\u00e4tzen.<\/p>","protected":false},"featured_media":16474,"template":"","meta":{"_kad_blocks_custom_css":"","_kad_blocks_head_custom_js":"","_kad_blocks_body_custom_js":"","_kad_blocks_footer_custom_js":"","_kad_post_transparent":"default","_kad_post_title":"","_kad_post_layout":"default","_kad_post_sidebar_id":"","_kad_post_content_style":"default","_kad_post_vertical_padding":"default","_kad_post_feature":"","_kad_post_feature_position":"","_kad_post_header":false,"_kad_post_footer":false,"_kad_post_classname":""},"product_brand":[1283],"product_cat":[1419],"product_tag":[],"class_list":{"0":"post-16479","1":"product","2":"type-product","3":"status-publish","4":"has-post-thumbnail","6":"product_brand-adidas","7":"product_cat-ameryka-poludniowa","8":"pa_homeawaythird-home","9":"pa_location-filip","10":"pa_rozmiar-m","11":"pa_sezon-1508","13":"first","14":"instock","15":"taxable","16":"shipping-taxable","17":"purchasable","18":"product-type-simple","19":"entry","20":"content-bg","21":"loop-entry"},"taxonomy_info":{"product_brand":[{"value":1283,"label":"Adidas"}],"product_cat":[{"value":1419,"label":"Ameryka Po\u0142udniowa"}],"pa_homeawaythird":[{"value":1597,"label":"Home"}],"pa_location":[{"value":1494,"label":"FILIP"}],"pa_rozmiar":[{"value":1816,"label":"M"}],"pa_sezon":[{"value":1508,"label":"1998\/00"}]},"featured_image_src_large":["https:\/\/footballthrift.shop\/wp-content\/uploads\/2021\/10\/13737-Sporting-Cristal-199800-Home-M-1024x1024.jpg",1024,1024,true],"author_info":[],"comment_info":"","_links":{"self":[{"href":"https:\/\/footballthrift.shop\/de\/wp-json\/wp\/v2\/product\/16479","targetHints":{"allow":["GET"]}}],"collection":[{"href":"https:\/\/footballthrift.shop\/de\/wp-json\/wp\/v2\/product"}],"about":[{"href":"https:\/\/footballthrift.shop\/de\/wp-json\/wp\/v2\/types\/product"}],"wp:featuredmedia":[{"embeddable":true,"href":"https:\/\/footballthrift.shop\/de\/wp-json\/wp\/v2\/media\/16474"}],"wp:attachment":[{"href":"https:\/\/footballthrift.shop\/de\/wp-json\/wp\/v2\/media?parent=16479"}],"wp:term":[{"taxonomy":"product_brand","embeddable":true,"href":"https:\/\/footballthrift.shop\/de\/wp-json\/wp\/v2\/product_brand?post=16479"},{"taxonomy":"product_cat","embeddable":true,"href":"https:\/\/footballthrift.shop\/de\/wp-json\/wp\/v2\/product_cat?post=16479"},{"taxonomy":"product_tag","embeddable":true,"href":"https:\/\/footballthrift.shop\/de\/wp-json\/wp\/v2\/product_tag?post=16479"}],"curies":[{"name":"wp","href":"https:\/\/api.w.org\/{rel}","templated":true}]}}